{"id":3886,"date":"2022-07-27T04:08:28","date_gmt":"2022-07-27T04:08:28","guid":{"rendered":"https:\/\/demo.ovatheme.com\/tripgo\/?page_id=3886"},"modified":"2024-11-22T13:38:11","modified_gmt":"2024-11-22T11:38:11","slug":"cazari","status":"publish","type":"page","link":"https:\/\/hodina.md\/en\/cazari\/","title":{"rendered":"Housing"},"content":{"rendered":"<div data-elementor-type=\"wp-page\" data-elementor-id=\"3886\" class=\"elementor elementor-3886\">\n\t\t\t\t\t\t<section class=\"elementor-section elementor-top-section elementor-element elementor-element-9c7f214 elementor-section-boxed elementor-section-height-default elementor-section-height-default\" data-id=\"9c7f214\" data-element_type=\"section\">\n\t\t\t\t\t\t<div class=\"elementor-container elementor-column-gap-default\">\n\t\t\t\t\t<div class=\"elementor-column elementor-col-100 elementor-top-column elementor-element elementor-element-0c76b0d\" data-id=\"0c76b0d\" data-element_type=\"column\">\n\t\t\t<div class=\"elementor-widget-wrap elementor-element-populated\">\n\t\t\t\t\t\t<div class=\"elementor-element elementor-element-f140afa elementor-widget elementor-widget-ovabrw_search_ajax_sidebar\" data-id=\"f140afa\" data-element_type=\"widget\" data-widget_type=\"ovabrw_search_ajax_sidebar.default\">\n\t\t\t\t<div class=\"elementor-widget-container\">\n\t\t\t\t\t\n<div class=\"ovabrw-search-ajax ovabrw-search-ajax-sidebar\">\n\t<div class=\"wrap-search-ajax wrap-search-ajax-sidebar left_sidebar\" \n\t    data-adults=\"2\"\n\t    data-childrens=\"0\" \n\t    data-babies=\"0\" \n\t    data-sort_by_default=\"id_desc\"\n\t    data-start-price=\"60\"\n\t    data-end-price=\"4200\"\n\t    data-grid_column=\"column3\"\n        data-default_taxonomy=\"toate-cazarile\"\n\t\t>\n\n\t\t<div class=\"search-main-content\">\n\t\t    <!-- Filter -->\n\t\t\t\t\t        <div class=\"ovabrw-tour-filter\">\n\t\t        \t\n\t\t        \t<div class=\"left-filter\">\n\t\t        \t\t<span class=\"tour-found-text number-result-tour-found\">\n\t\t\t        \t\t0\t\t\t        \t<\/span>\n\t\t        \t\t<span class=\"tour-found-text\">\n\t\t\t        \t\tHousings found\t\t\t        \t<\/span>\n\t\t\t        \t<span class=\"clear-filter\">\n\t\t\t        \t\tClear filter\t\t\t        \t<\/span>\n\t\t        \t<\/div>\n\n\t\t        \t<div class=\"right-filter\">\n\t\t        \t\t<div class=\"filter-sort\">\n\t\t        \t\t\t<input type=\"text\" class=\"input_select_input\" name=\"sr_sort_by_label\" value=\"Sort by\" autocomplete=\"off\" readonly=\"readonly\">\n\n\t\t\t\t\t\t\t<input type=\"hidden\" class=\"input_select_input_value\" name=\"sr_sort_by\" value=\"id_desc\">\n\n\t\t\t\t\t\t\t<ul class=\"input_select_list\" style=\"display: none;\">\n\t\t\t\t\t\t\t    <li class=\"term_item term_item_selected\" \n\t\t\t\t\t\t\t    \tdata-id=\"id_desc\" \n\t\t\t\t\t\t\t    \tdata-value=\"Sort by latest\"\n\t\t\t\t\t\t\t    >\n\t\t\t\t\t\t\t\t    Latest\t\t\t\t\t\t\t\t<\/li>\n\t\t\t\t\t\t\t\t<li class=\"term_item\" \n\t\t\t\t\t\t\t\t\tdata-id=\"rating_desc\" \n\t\t\t\t\t\t\t\t\tdata-value=\"Sort by rating\"\n\t\t\t\t\t\t\t\t>\n\t\t\t\t\t\t\t\t\tRating\t\t\t\t\t\t\t\t<\/li>\n\t\t\t\t\t\t\t\t<li class=\"term_item\" \n\t\t\t\t\t\t\t\t\tdata-id=\"price_asc\" \n\t\t\t\t\t\t\t\t\tdata-value=\"Sort by price: low to high\"\n\t\t\t\t\t\t\t\t>\n\t\t\t\t\t\t\t\t\tPrice: low to high\t\t\t\t\t\t\t\t<\/li>\n\t\t\t\t\t\t\t\t<li class=\"term_item\" \n\t\t\t\t\t\t\t\t\tdata-id=\"price_desc\" \n\t\t\t\t\t\t\t\t\tdata-value=\"Sort by price: high to low\"\n\t\t\t\t\t\t\t\t>\n\t\t\t\t\t\t\t\t\tPrice: high to low\t\t\t\t\t\t\t\t<\/li>\n\t\t\t\t\t\t\t<\/ul>\n\t\t\t\t\t\t<\/div>\n\n\t\t\t\t\t\t<div class=\"asc_desc_sort\">\n\t\t        \t\t\t<i aria-hidden=\"true\" class=\"asc_sort icomoon icomoon-chevron-up\"><\/i>\n\t\t        \t\t    <i aria-hidden=\"true\" class=\"desc_sort icomoon icomoon-chevron-down\"><\/i>\n\t\t        \t\t<\/div>\n\n\t\t        \t\t<div class=\"filter-result-layout\">\n\t\t\t        \t\t<i aria-hidden=\"true\" class=\"filter-layout  icomoon icomoon-list\" data-layout=\"list\"><\/i>\n\t\t\t\t\t\t\t<i aria-hidden=\"true\" class=\"filter-layout filter-layout-active icomoon icomoon-gird\" data-layout=\"grid\"><\/i>\n\t\t\t\t\t\t<\/div>\n\t\t         \t<\/div>\t\n\t\t        <\/div>\n\t\t    \n\t\t\t<!-- Load more -->\n\t\t\t<div class=\"wrap-load-more\" style=\"display: none;\">\n\t\t\t\t<svg class=\"loader\" width=\"50\" height=\"50\">\n\t\t\t\t\t<circle cx=\"25\" cy=\"25\" r=\"10\" \/>\n\t\t\t\t\t<circle cx=\"25\" cy=\"25\" r=\"20\" \/>\n\t\t\t\t<\/svg>\n\t\t\t<\/div>\n\t\t\t<!-- End load more -->\n\n\t\t\t<!-- Search result -->\n\t\t\t\t\t\t\t<div \n\t\t\t\t\tid=\"brw-search-ajax-result\" \n\t\t\t\t\tclass=\"brw-search-ajax-result\" \n\t\t\t\t\tdata-order=\"DESC\" \n\t\t\t\t\tdata-orderby=\"ID\"\n\t\t\t\t\tdata-orderby_meta_key=\"\" \n\t\t\t\t\tdata-posts-per-page=\"6\">\n\t\t\t\t<\/div>\n\t\t\t\t\t<\/div>\n\n\t\t<!-- Search Sidebar -->\n\t\t<div class=\"search-ajax-sidebar\">\n            <!--Search -->\n\t\t\t<div class=\"ovabrw-search\">\n\t\t\t\t\t\t\t    \t<h4 class=\"search-title\">\n\t\t\t    \t\tSearch for housing\t\t\t    \t\t<i aria-hidden=\"true\" class=\"icomoon icomoon-chevron-up\"><\/i>\n\t\t\t    \t<\/h4>\n\t\t\t\t\t\t\t\t<form class=\"ovabrw-search-form\" method=\"POST\" autocomplete=\"off\" action=\"\">\t\n\t\t\t\t\t<div class=\"ovabrw-s-field\">\n\t\t\t\t\t\t<!-- destinations dropdown -->\n\t\t\t\t\t\t\n\t\t\t\t        \t\t\t\t            <!-- custom taxonomy -->\n\t\t\t\t\t\t\t<div class=\"search-field\">\n\t\t\t\t\t\t\t\t<div class=\"ovabrw-label\">\n\t\t\t\t\t\t\t\t\t<i aria-hidden=\"true\" class=\"icomoon icomoon-location-2\"><\/i>\t\t\t\t\t\t\t\t<\/div>\n\t\t\t\t\t\t\t\t<div class=\"ovabrw-input search_in_taxonomy\">\n\t\t\t\t\t\t\t\t\t<select  name='brw_housing_name' id='brw_housing_name' class='brw_custom_taxonomy_dropdown'>\n\t<option value='all'>Housing<\/option>\n\t<option class=\"level-0\" value=\"toate-cazarile\" selected=\"selected\">All accommodations<\/option>\n\t<option class=\"level-1\" value=\"apartamente\">&nbsp;&nbsp;&nbsp;Apartments<\/option>\n\t<option class=\"level-1\" value=\"bungalow\">&nbsp;&nbsp;&nbsp;Bungalow<\/option>\n\t<option class=\"level-1\" value=\"cabane\">&nbsp;&nbsp;&nbsp;Cottages<\/option>\n\t<option class=\"level-1\" value=\"camping\">&nbsp;&nbsp;&nbsp;Camping<\/option>\n\t<option class=\"level-1\" value=\"case-traditionale\">&nbsp;&nbsp;&nbsp;Traditional houses<\/option>\n\t<option class=\"level-1\" value=\"casute\">&nbsp;&nbsp;&nbsp;Mailboxes<\/option>\n\t<option class=\"level-1\" value=\"glamping\">&nbsp;&nbsp;&nbsp;Glamping<\/option>\n\t<option class=\"level-1\" value=\"hoteluri\">&nbsp;&nbsp;&nbsp;Hotels<\/option>\n\t<option class=\"level-1\" value=\"igloo-uri\">&nbsp;&nbsp;&nbsp;Igloo<\/option>\n\t<option class=\"level-1\" value=\"pensiuni\">&nbsp;&nbsp;&nbsp;Pensions<\/option>\n\t<option class=\"level-1\" value=\"vile\">&nbsp;&nbsp;&nbsp;Villas<\/option>\n\t<option class=\"level-1\" value=\"chateau\">&nbsp;&nbsp;&nbsp;Chateau<\/option>\n<\/select>\n\t\t\t\t\t\t\t\t<\/div>\n\t\t\t\t\t\t\t<\/div>\n\t\t\t\t\t\t\n\t\t\t\t\t\t<!-- Taxonomies -->\n\t\t\t\t\t\t\n\t\t\t            <!-- time check in -->\n\t\t\t            \n\t\t\t            <!-- guest -->\n\t\t\t            \t\t\t\t\t<\/div>\n\n\t\t\t\t\t<!-- Advanced Search -->\n\t\t\t\t\t\t\t\t\t        <div class=\"ovabrw-search-advanced-sidebar\">\n\n\t\t\t\t        \t<div class=\"search-advanced-field-wrapper\">\n\t\t\t\t        \t\t<!-- Price Filter -->\n\t\t\t\t        \t\t\t\t\t\t\t        \t    <div class=\"search-advanced-field price-field\">\n\t\t\t\t\t        \t    \t<span class=\"ovabrw-label\">\n\t\t\t\t\t        \t    \t\tFilter the price\t\t\t\t\t        \t    \t\t<i aria-hidden=\"true\" class=\"icomoon icomoon-chevron-up\"><\/i>\n\t\t\t\t\t        \t    \t<\/span>\n\t\t\t\t\t        \t    \t<div class=\"search-advanced-content\">\n\t\t\t\t\t        \t    \t\t<div class=\"slider-wrapper\">\n\t\t\t\t\t\t\t\t\t\t    <div id=\"brw-tour-price-slider\"><\/div>\n\t\t\t\t\t\t\t\t\t\t\t<\/div>\n\t\t\t\t\t\t\t\t\t\t\t<div class=\"brw-tour-price-input\" data-currency_symbol=\"lei\">\n\t\t\t\t\t\t\t\t\t\t\t\t<div class=\"tour-price-value\">\n\t\t\t\t\t\t\t        \t    \t    <input type=\"text\" class=\"brw-tour-price-from\" id=\"minPrice\" value=\"60\" data-value=\"60\"\/><span>lei<\/span>\n\t\t\t\t\t\t\t\t\t\t\t\t<\/div>\n\t\t\t\t\t\t\t\t\t\t\t\t<div class=\"tour-price-value\">\n\t\t\t\t\t\t\t\t\t\t\t\t\t<input type=\"text\" class=\"brw-tour-price-to\" id=\"maxPrice\" value=\"4200\" data-value=\"4200\"\/><span>lei<\/span>\n\t\t\t\t\t\t\t\t\t\t\t\t<\/div>\n\t\t\t\t\t\t\t\t\t\t\t\t<script>\n\t\t\t\t\t\t\t\t\t\t\t\t    const minPrice = document.getElementById(\"minPrice\");\n\t\t\t\t\t\t\t\t\t\t\t\t    const maxPrice = document.getElementById(\"maxPrice\");\n\t\t\t\t\t\t\t\t\t\t\t\t    \n\t\t\t\t\t\t\t\t\t\t\t\t    minPrice.addEventListener('change', () => {\n                                                        minPrice.style.width = minPrice.value.length * 12 + 'px';\n                                                    });\n                                                    \n                                                    maxPrice.addEventListener('change', () => {\n                                                        maxPrice.style.width = maxPrice.value.length * 12 + 'px';\n                                                    });\n\t\t\t\t\t\t\t\t\t\t\t\t<\/script>\n\t\t\t\t\t\t\t\t\t\t\t<\/div>\n\t\t\t\t\t        \t    \t<\/div>\n\t\t\t\t\t        \t    <\/div>\n\t\t\t\t\t        \t\n\t\t\t\t        \t    <!-- Rating Filter -->\n\t\t\t\t        \t    \t\t\t\t\t        \t    <div class=\"search-advanced-field rating-field\">\n\t\t\t\t\t        \t    \t<span class=\"ovabrw-label\">\n\t\t\t\t\t        \t    \t\tReview score\t\t\t\t\t        \t    \t\t<i aria-hidden=\"true\" class=\"icomoon icomoon-chevron-up\"><\/i>\n\t\t\t\t\t        \t    \t<\/span>\n\t\t\t\t\t        \t    \t<div class=\"search-advanced-content\">\n\t\t\t\t\t\t        \t     \t\t\t\t\t\t\t        \t     \t\t<div class=\"total-rating-stars\">\n\n\t\t\t\t\t\t        \t     \t\t\t<div class=\"input-rating\">\n\t\t\t\t\t\t        \t     \t\t\t\t<input id=\"rating-filter-5\" type=\"checkbox\" class=\"rating-filter\" name=\"rating_value[5]\" value=\"5\">\n\n\t\t\t\t\t\t        \t     \t\t\t\t<label for=\"rating-filter-5\">\n\t\t\t\t\t\t        \t     \t\t\t\t\t\t\t\t\t\t\t\t\t\t\t\t\t\t\t\t\t\t<span class=\"rating-stars\">\n\t\t\t\t\t\t\t\t\t\t\t\t\t\t\t\t\t\t<span class=\"star star-1\" data-rating-val=\"1\"><i class=\"fas fa-star\"><\/i><\/span>\n\t\t\t\t\t\t\t\t\t\t\t\t\t\t\t\t\t\t<span class=\"star star-2\" data-rating-val=\"2\"><i class=\"fas fa-star\"><\/i><\/span>\n\t\t\t\t\t\t\t\t\t\t\t\t\t\t\t\t\t\t<span class=\"star star-3\" data-rating-val=\"3\"><i class=\"fas fa-star\"><\/i><\/span>\n\t\t\t\t\t\t\t\t\t\t\t\t\t\t\t\t\t\t<span class=\"star star-4\" data-rating-val=\"4\"><i class=\"fas fa-star\"><\/i><\/span>\n\t\t\t\t\t\t\t\t\t\t\t\t\t\t\t\t\t\t<span class=\"star star-5\" data-rating-val=\"5\"><i class=\"fas fa-star\"><\/i><\/span> \n\t\t\t\t\t\t\t\t\t\t\t\t\t\t\t\t\t<\/span>\n\t\t\t\t\t\t\t\t\t\t\t\t\t\t\t\t    \t\t\t\t\t\t\t\t\t\t\t\t\t\t<\/label>\n\n\t\t\t\t\t\t        \t     \t\t\t<\/div>\n\n\t\t\t\t\t\t        \t     \t\t<\/div>\n\t\t\t\t\t\t        \t     \t\t\t\t\t\t\t        \t     \t\t<div class=\"total-rating-stars\">\n\n\t\t\t\t\t\t        \t     \t\t\t<div class=\"input-rating\">\n\t\t\t\t\t\t        \t     \t\t\t\t<input id=\"rating-filter-4\" type=\"checkbox\" class=\"rating-filter\" name=\"rating_value[4]\" value=\"4\">\n\n\t\t\t\t\t\t        \t     \t\t\t\t<label for=\"rating-filter-4\">\n\t\t\t\t\t\t        \t     \t\t\t\t\t\t\t\t\t\t\t\t\t\t\t\t\t\t\t\t\t\t<span class=\"rating-stars\">\n\t\t\t\t\t\t\t\t\t\t\t\t\t\t\t\t\t\t<span class=\"star star-1\" data-rating-val=\"1\"><i class=\"fas fa-star\"><\/i><\/span>\n\t\t\t\t\t\t\t\t\t\t\t\t\t\t\t\t\t\t<span class=\"star star-2\" data-rating-val=\"2\"><i class=\"fas fa-star\"><\/i><\/span>\n\t\t\t\t\t\t\t\t\t\t\t\t\t\t\t\t\t\t<span class=\"star star-3\" data-rating-val=\"3\"><i class=\"fas fa-star\"><\/i><\/span>\n\t\t\t\t\t\t\t\t\t\t\t\t\t\t\t\t\t\t<span class=\"star star-4\" data-rating-val=\"4\"><i class=\"fas fa-star\"><\/i><\/span>\n\t\t\t\t\t\t\t\t\t\t\t\t\t\t\t\t\t<\/span>\n\t\t\t\t\t\t\t\t\t\t\t\t\t\t\t\t    \t\t\t\t\t\t\t\t\t\t\t\t\t\t<\/label>\n\n\t\t\t\t\t\t        \t     \t\t\t<\/div>\n\n\t\t\t\t\t\t        \t     \t\t<\/div>\n\t\t\t\t\t\t        \t     \t\t\t\t\t\t\t        \t     \t\t<div class=\"total-rating-stars\">\n\n\t\t\t\t\t\t        \t     \t\t\t<div class=\"input-rating\">\n\t\t\t\t\t\t        \t     \t\t\t\t<input id=\"rating-filter-3\" type=\"checkbox\" class=\"rating-filter\" name=\"rating_value[3]\" value=\"3\">\n\n\t\t\t\t\t\t        \t     \t\t\t\t<label for=\"rating-filter-3\">\n\t\t\t\t\t\t        \t     \t\t\t\t\t\t\t\t\t\t\t\t\t\t\t\t\t\t\t\t\t\t<span class=\"rating-stars\">\n\t\t\t\t\t\t\t\t\t\t\t\t\t\t\t\t\t\t<span class=\"star star-1\" data-rating-val=\"1\"><i class=\"fas fa-star\"><\/i><\/span>\n\t\t\t\t\t\t\t\t\t\t\t\t\t\t\t\t\t\t<span class=\"star star-2\" data-rating-val=\"2\"><i class=\"fas fa-star\"><\/i><\/span>\n\t\t\t\t\t\t\t\t\t\t\t\t\t\t\t\t\t\t<span class=\"star star-3\" data-rating-val=\"3\"><i class=\"fas fa-star\"><\/i><\/span>\n\t\t\t\t\t\t\t\t\t\t\t\t\t\t\t\t\t<\/span>\n\t\t\t\t\t\t\t\t\t\t\t\t\t\t\t\t\t\t\t\t\t\t\t\t\t\t\t\t\t\t\t<\/label>\n\n\t\t\t\t\t\t        \t     \t\t\t<\/div>\n\n\t\t\t\t\t\t        \t     \t\t<\/div>\n\t\t\t\t\t\t        \t     \t\t\t\t\t\t\t        \t     \t\t<div class=\"total-rating-stars\">\n\n\t\t\t\t\t\t        \t     \t\t\t<div class=\"input-rating\">\n\t\t\t\t\t\t        \t     \t\t\t\t<input id=\"rating-filter-2\" type=\"checkbox\" class=\"rating-filter\" name=\"rating_value[2]\" value=\"2\">\n\n\t\t\t\t\t\t        \t     \t\t\t\t<label for=\"rating-filter-2\">\n\t\t\t\t\t\t        \t     \t\t\t\t\t\t\t\t\t\t\t\t\t\t\t\t\t\t\t\t\t\t<span class=\"rating-stars\">\n\t\t\t\t\t\t\t\t\t\t\t\t\t\t\t\t\t\t<span class=\"star star-1\" data-rating-val=\"1\"><i class=\"fas fa-star\"><\/i><\/span>\n\t\t\t\t\t\t\t\t\t\t\t\t\t\t\t\t\t\t<span class=\"star star-2\" data-rating-val=\"2\"><i class=\"fas fa-star\"><\/i><\/span>\n\t\t\t\t\t\t\t\t\t\t\t\t\t\t\t\t\t<\/span>\n\t\t\t\t\t\t\t\t\t\t\t\t\t\t\t\t\t\t\t\t\t\t\t\t\t\t\t\t\t\t\t<\/label>\n\n\t\t\t\t\t\t        \t     \t\t\t<\/div>\n\n\t\t\t\t\t\t        \t     \t\t<\/div>\n\t\t\t\t\t\t        \t     \t\t\t\t\t\t\t        \t     \t\t<div class=\"total-rating-stars\">\n\n\t\t\t\t\t\t        \t     \t\t\t<div class=\"input-rating\">\n\t\t\t\t\t\t        \t     \t\t\t\t<input id=\"rating-filter-1\" type=\"checkbox\" class=\"rating-filter\" name=\"rating_value[1]\" value=\"1\">\n\n\t\t\t\t\t\t        \t     \t\t\t\t<label for=\"rating-filter-1\">\n\t\t\t\t\t\t        \t     \t\t\t\t\t\t\t\t\t\t\t\t\t\t\t\t\t\t\t\t\t\t<span class=\"rating-stars\">\n\t\t\t\t\t\t\t\t\t\t\t\t\t\t\t\t\t\t<span class=\"star star-1\" data-rating-val=\"1\"><i class=\"fas fa-star\"><\/i><\/span>\n\t\t\t\t\t\t\t\t\t\t\t\t\t\t\t\t\t<\/span>\n\t\t\t\t\t\t\t\t\t\t\t\t\t\t\t\t\t\t\t\t\t\t\t\t\t\t\t\t\t\t\t<\/label>\n\n\t\t\t\t\t\t        \t     \t\t\t<\/div>\n\n\t\t\t\t\t\t        \t     \t\t<\/div>\n\t\t\t\t\t\t        \t     \t\t\t\t\t\t\t        \t     <\/div>\n\t\t\t\t\t        \t    <\/div>\n\t\t\t\t\t        \t\n\t\t\t\t        \t    <!-- Tour Categories Filter -->\n\t\t\t\t        \t    \t\t\t\t        \t<\/div>\n\t\t\t\t        <\/div>\n\t\t\t\t    \n\t\t\t\t    <!-- button -->\n\t\t\t\t\t<div class=\"ovabrw-search-btn\">\n\t\t\t\t\t\t<button class=\"ovabrw-btn\" type=\"submit\">\n\t\t\t\t\t\t\t<i aria-hidden=\"true\" class=\"icomoon icomoon-search\"><\/i>Search for\t\t\t\t\t\t<\/button>\t\t\n\t\t\t\t\t<\/div>\n\t\t\t\t<input type=\"hidden\" name=\"trp-form-language\" value=\"en\"\/><\/form>\n\t\t\t<\/div>\n\t\t<\/div>\n\n    <\/div>\n<\/div>\t\t\t\t<\/div>\n\t\t\t\t<\/div>\n\t\t\t\t<div class=\"elementor-element elementor-element-d358304 elementor-widget elementor-widget-html\" data-id=\"d358304\" data-element_type=\"widget\" data-widget_type=\"html.default\">\n\t\t\t\t<div class=\"elementor-widget-container\">\n\t\t\t\t\t<script>\ndocument.addEventListener('DOMContentLoaded', function () {\n    const observePagination = () => {\n        const paginationContainer = document.querySelector('.ovabrw-pagination-ajax ul');\n        if (!paginationContainer) return;\n\n        const updatePagination = () => {\n            const currentPage = parseInt(document.querySelector('.ovabrw-pagination-ajax').getAttribute('data-paged'), 10);\n            const paginationItems = Array.from(paginationContainer.querySelectorAll('li span'));\n            const isMobile = window.innerWidth <= 768;\n\n            paginationItems.forEach(item => {\n                const pageNumber = parseInt(item.getAttribute('data-paged'), 10);\n\n                if (isNaN(pageNumber)) return; \/\/ Skip non-number items like \"Prev\" and \"Next\"\n\n                if (isMobile) {\n                    \/\/ Show only the current, previous, and next pages\n                    if (pageNumber === currentPage || pageNumber === currentPage - 1 || pageNumber === currentPage + 1) {\n                        item.parentElement.style.display = '';\n                    } else {\n                        item.parentElement.style.display = 'none';\n                    }\n                } else {\n                    \/\/ Show current, two previous, and two next pages\n                    if (\n                        pageNumber === currentPage ||\n                        pageNumber === currentPage - 1 ||\n                        pageNumber === currentPage - 2 ||\n                        pageNumber === currentPage + 1 ||\n                        pageNumber === currentPage + 2\n                    ) {\n                        item.parentElement.style.display = '';\n                    } else {\n                        item.parentElement.style.display = 'none';\n                    }\n                }\n            });\n            \n        };\n\n        updatePagination(); \/\/ Initial update\n\n        \/\/ Reapply pagination updates on window resize\n        window.addEventListener('resize', updatePagination);\n    };\n\n    const containerToObserve = document.querySelector('.ovabrw-search-ajax-sidebar');\n    if (containerToObserve) {\n        const observer = new MutationObserver(() => {\n            observePagination(); \/\/ Reinitialize when the DOM changes\n        });\n\n        observer.observe(containerToObserve, {\n            childList: true,\n            subtree: true,\n        });\n    }\n\n    observePagination(); \/\/ Initial setup\n});\n\n<\/script>\n<style>\n.ovabrw-pagination-ajax ul {\n    display: flex;\n    column-gap: 7px;\n    justify-content: center;\n    list-style: none;\n    padding: 0;\n    margin: 0;\n}\n\n.ovabrw-pagination-ajax li{\n    margin-right: 0px !important;\n}\n\n.ovabrw-pagination-ajax ul li span {\n    display: inline-block;\n    padding: 10px 15px;\n    cursor: pointer;\n    background-color: #f0f0f0;\n    border-radius: 4px;\n    transition: background-color 0.3s;\n}\n\n.ovabrw-pagination-ajax ul li span:hover {\n    background-color: #e0e0e0;\n}\n\n.ovabrw-pagination-ajax ul li span.current {\n    font-weight: bold;\n    background-color: #007bff;\n    color: #fff;\n}\n\n<\/style>\t\t\t\t<\/div>\n\t\t\t\t<\/div>\n\t\t\t\t\t<\/div>\n\t\t<\/div>\n\t\t\t\t\t<\/div>\n\t\t<\/section>\n\t\t\t\t<\/div>","protected":false},"excerpt":{"rendered":"<p>0 Caz\u0103ri g\u0103site Cur\u0103\u021b\u0103 filtrul Latest Rating Price: low to high Price: high to low Caut\u0103 caz\u0103ri Caz\u0103riToate caz\u0103rile&nbsp;&nbsp;&nbsp;Apartamente&nbsp;&nbsp;&nbsp;Bungalow&nbsp;&nbsp;&nbsp;Cabane&nbsp;&nbsp;&nbsp;Camping&nbsp;&nbsp;&nbsp;Case tradi\u021bionale&nbsp;&nbsp;&nbsp;C\u0103su\u021be&nbsp;&nbsp;&nbsp;Glamping&nbsp;&nbsp;&nbsp;Hoteluri&nbsp;&nbsp;&nbsp;Igloo-uri&nbsp;&nbsp;&nbsp;Pensiuni&nbsp;&nbsp;&nbsp;Vile&nbsp;&nbsp;&nbsp;Chateau Filtreaz\u0103 pre\u021bul lei lei Scor de revizuire Caut\u0103<\/p>","protected":false},"author":1,"featured_media":0,"parent":0,"menu_order":0,"comment_status":"closed","ping_status":"closed","template":"elementor_header_footer","meta":{"footnotes":""},"class_list":["post-3886","page","type-page","status-publish","hentry"],"aioseo_notices":[],"_links":{"self":[{"href":"https:\/\/hodina.md\/en\/wp-json\/wp\/v2\/pages\/3886","targetHints":{"allow":["GET"]}}],"collection":[{"href":"https:\/\/hodina.md\/en\/wp-json\/wp\/v2\/pages"}],"about":[{"href":"https:\/\/hodina.md\/en\/wp-json\/wp\/v2\/types\/page"}],"author":[{"embeddable":true,"href":"https:\/\/hodina.md\/en\/wp-json\/wp\/v2\/users\/1"}],"replies":[{"embeddable":true,"href":"https:\/\/hodina.md\/en\/wp-json\/wp\/v2\/comments?post=3886"}],"version-history":[{"count":148,"href":"https:\/\/hodina.md\/en\/wp-json\/wp\/v2\/pages\/3886\/revisions"}],"predecessor-version":[{"id":10702,"href":"https:\/\/hodina.md\/en\/wp-json\/wp\/v2\/pages\/3886\/revisions\/10702"}],"wp:attachment":[{"href":"https:\/\/hodina.md\/en\/wp-json\/wp\/v2\/media?parent=3886"}],"curies":[{"name":"wp","href":"https:\/\/api.w.org\/{rel}","templated":true}]}}