{"id":7336,"date":"2024-03-16T15:49:01","date_gmt":"2024-03-16T15:49:01","guid":{"rendered":"http:\/\/hodina.md\/?page_id=7336"},"modified":"2024-12-07T23:13:39","modified_gmt":"2024-12-07T21:13:39","slug":"despre-noi","status":"publish","type":"page","link":"https:\/\/hodina.md\/en\/despre-noi\/","title":{"rendered":"About Us"},"content":{"rendered":"<div data-elementor-type=\"wp-page\" data-elementor-id=\"7336\" class=\"elementor elementor-7336\">\n\t\t\t\t\t\t<section class=\"elementor-section elementor-top-section elementor-element elementor-element-b7df894 elementor-section-boxed elementor-section-height-default elementor-section-height-default\" data-id=\"b7df894\" data-element_type=\"section\" data-settings=\"{&quot;background_background&quot;:&quot;classic&quot;}\">\n\t\t\t\t\t\t<div class=\"elementor-container elementor-column-gap-no\">\n\t\t\t\t\t<div class=\"elementor-column elementor-col-50 elementor-top-column elementor-element elementor-element-e8ca6c7 elementor-invisible\" data-id=\"e8ca6c7\" data-element_type=\"column\" data-settings=\"{&quot;animation&quot;:&quot;ova-move-right&quot;,&quot;animation_tablet&quot;:&quot;none&quot;}\">\n\t\t\t<div class=\"elementor-widget-wrap elementor-element-populated\">\n\t\t\t\t\t\t<div class=\"elementor-element elementor-element-4ed1a3a elementor-widget elementor-widget-tripgo_elementor_heading\" data-id=\"4ed1a3a\" data-element_type=\"widget\" data-widget_type=\"tripgo_elementor_heading.default\">\n\t\t\t\t<div class=\"elementor-widget-container\">\n\t\t\t\t\t\t\t<div class=\"ova-title\">\n\n\t\t\t\t\t\t\t<h3 class=\"sub-title\">Authentic experiences, guided by locals<\/h3>\n\t\t\t\n\t\t\t\t\t\t\t\n\t\t\t\t\t<h2 class=\"title\">Discover amazing experiences to live, anytime, anywhere in Moldova\n<\/h2>\n\t\t\t\t\t\t\t\n\t\t\t\n\t\t<\/div> \n\t\t \t\n\t\t\t\t\t\t<\/div>\n\t\t\t\t<\/div>\n\t\t\t\t<div class=\"elementor-element elementor-element-51bc3ea elementor-widget elementor-widget-text-editor\" data-id=\"51bc3ea\" data-element_type=\"widget\" data-widget_type=\"text-editor.default\">\n\t\t\t\t<div class=\"elementor-widget-container\">\n\t\t\t\t\t\t\t\t\t<p><span style=\"font-family: var( --e-global-typography-text-font-family ), Sans-serif; font-size: var(--font-size); letter-spacing: var(--letter-spacing);\">Hodina este platforma pentru cei care caut\u0103 o odihn\u0103 autentic\u0103 \u0219i relaxare unic\u0103,\u00a0<\/span><\/p><p><span style=\"font-family: var( --e-global-typography-text-font-family ), Sans-serif; font-size: var(--font-size); letter-spacing: var(--letter-spacing);\">oferind experien\u021be memorabile pentru toate gusturile.<\/span><\/p>\t\t\t\t\t\t\t\t<\/div>\n\t\t\t\t<\/div>\n\t\t\t\t<div class=\"elementor-element elementor-element-0ee1449 elementor-widget elementor-widget-text-editor\" data-id=\"0ee1449\" data-element_type=\"widget\" data-widget_type=\"text-editor.default\">\n\t\t\t\t<div class=\"elementor-widget-container\">\n\t\t\t\t\t\t\t\t\t<p>Here you can discover a variety of activities and locations that you can enjoy here, at home. Whether you prefer relaxing in nature, exploring historical sites, or engaging in adrenaline-pumping activities, we've curated a variety of experiences to suit all preferences and ensure a memorable time.<\/p>\t\t\t\t\t\t\t\t<\/div>\n\t\t\t\t<\/div>\n\t\t\t\t<div class=\"elementor-element elementor-element-6677e38 elementor-align-left elementor-mobile-align-justify elementor-widget elementor-widget-button\" data-id=\"6677e38\" data-element_type=\"widget\" data-widget_type=\"button.default\">\n\t\t\t\t<div class=\"elementor-widget-container\">\n\t\t\t\t\t\t\t\t\t<div class=\"elementor-button-wrapper\">\n\t\t\t\t\t<a class=\"elementor-button elementor-button-link elementor-size-sm\" href=\"\/en\/activitati\/\">\n\t\t\t\t\t\t<span class=\"elementor-button-content-wrapper\">\n\t\t\t\t\t\t\t\t\t<span class=\"elementor-button-text\">Explore Experiences<\/span>\n\t\t\t\t\t<\/span>\n\t\t\t\t\t<\/a>\n\t\t\t\t<\/div>\n\t\t\t\t\t\t\t\t<\/div>\n\t\t\t\t<\/div>\n\t\t\t\t\t<\/div>\n\t\t<\/div>\n\t\t\t\t<div class=\"elementor-column elementor-col-50 elementor-top-column elementor-element elementor-element-f012ac5 elementor-hidden-tablet elementor-hidden-mobile\" data-id=\"f012ac5\" data-element_type=\"column\">\n\t\t\t<div class=\"elementor-widget-wrap elementor-element-populated\">\n\t\t\t\t\t\t<div class=\"elementor-element elementor-element-2ef6c1f elementor-invisible elementor-widget elementor-widget-image\" data-id=\"2ef6c1f\" data-element_type=\"widget\" data-settings=\"{&quot;_animation&quot;:&quot;ova-move-up&quot;,&quot;_animation_tablet&quot;:&quot;none&quot;}\" data-widget_type=\"image.default\">\n\t\t\t\t<div class=\"elementor-widget-container\">\n\t\t\t\t\t\t\t\t\t\t\t\t\t\t\t<img fetchpriority=\"high\" decoding=\"async\" width=\"1200\" height=\"800\" src=\"https:\/\/hodina.md\/wp-content\/uploads\/2024\/07\/MoldovaTur_Purcari-Winery.jpg\" class=\"attachment-full size-full wp-image-8088\" alt=\"\" srcset=\"https:\/\/hodina.md\/wp-content\/uploads\/2024\/07\/MoldovaTur_Purcari-Winery.jpg 1200w, https:\/\/hodina.md\/wp-content\/uploads\/2024\/07\/MoldovaTur_Purcari-Winery-300x200.jpg 300w, https:\/\/hodina.md\/wp-content\/uploads\/2024\/07\/MoldovaTur_Purcari-Winery-1024x683.jpg 1024w, https:\/\/hodina.md\/wp-content\/uploads\/2024\/07\/MoldovaTur_Purcari-Winery-768x512.jpg 768w, https:\/\/hodina.md\/wp-content\/uploads\/2024\/07\/MoldovaTur_Purcari-Winery-600x400.jpg 600w\" sizes=\"(max-width: 1200px) 100vw, 1200px\" \/>\t\t\t\t\t\t\t\t\t\t\t\t\t\t\t<\/div>\n\t\t\t\t<\/div>\n\t\t\t\t\t<\/div>\n\t\t<\/div>\n\t\t\t\t\t<\/div>\n\t\t<\/section>\n\t\t\t\t<\/div>","protected":false},"excerpt":{"rendered":"<p>Reg\u0103se\u0219te-te \u00een inima plaiului Descoper\u0103 experien\u021be uimitoare de tr\u0103it, oric\u00e2nd, oriunde \u00een Moldova Hodina este platforma pentru cei care caut\u0103 o odihn\u0103 autentic\u0103 \u0219i relaxare unic\u0103,\u00a0 oferind experien\u021be memorabile pentru toate gusturile. Aici po\u021bi descoperi o varietate de activit\u0103\u021bi \u0219i loca\u021bii pe care le po\u021bi savura chiar aici, acas\u0103. Relaxare \u00een natur\u0103, studierea loca\u021biilor istorice [&hellip;]<\/p>","protected":false},"author":1,"featured_media":0,"parent":0,"menu_order":0,"comment_status":"closed","ping_status":"closed","template":"elementor_header_footer","meta":{"footnotes":""},"class_list":["post-7336","page","type-page","status-publish","hentry"],"aioseo_notices":[],"_links":{"self":[{"href":"https:\/\/hodina.md\/en\/wp-json\/wp\/v2\/pages\/7336","targetHints":{"allow":["GET"]}}],"collection":[{"href":"https:\/\/hodina.md\/en\/wp-json\/wp\/v2\/pages"}],"about":[{"href":"https:\/\/hodina.md\/en\/wp-json\/wp\/v2\/types\/page"}],"author":[{"embeddable":true,"href":"https:\/\/hodina.md\/en\/wp-json\/wp\/v2\/users\/1"}],"replies":[{"embeddable":true,"href":"https:\/\/hodina.md\/en\/wp-json\/wp\/v2\/comments?post=7336"}],"version-history":[{"count":98,"href":"https:\/\/hodina.md\/en\/wp-json\/wp\/v2\/pages\/7336\/revisions"}],"predecessor-version":[{"id":10455,"href":"https:\/\/hodina.md\/en\/wp-json\/wp\/v2\/pages\/7336\/revisions\/10455"}],"wp:attachment":[{"href":"https:\/\/hodina.md\/en\/wp-json\/wp\/v2\/media?parent=7336"}],"curies":[{"name":"wp","href":"https:\/\/api.w.org\/{rel}","templated":true}]}}