{"id":10026,"date":"2024-09-02T23:33:43","date_gmt":"2024-09-02T20:33:43","guid":{"rendered":"https:\/\/hodina.md\/?post_type=product&#038;p=10026"},"modified":"2025-08-23T12:10:29","modified_gmt":"2025-08-23T09:10:29","slug":"kayaking-tours","status":"publish","type":"product","link":"https:\/\/hodina.md\/en\/product\/kayaking-tours\/","title":{"rendered":"Kayaking Tours"},"content":{"rendered":"<h2>General description<\/h2>\n<p>Daily kayak tours from Vadul lui Vod\u0103, camping area.<\/p>\n<p>Exclusive kayak trips in the north and south of Moldova on the Dniester River.<\/p>\n<p>Tour details:<\/p>\n<p>Kayaking distance: 22.8 km<\/p>\n<p>Difficulty level: medium<\/p>\n<p>Note: in south-westerly winds this route becomes challenging and the difficulty increases from medium to high.<\/p>\n<p>This type of wind blows quite rarely.<\/p>\n<p>Duration: 7 hours Start hour: 09:00 \u2013 12:00 (we consult with the participants).<\/p>\n<p>Direction of movement: down the Dniester<\/p>","protected":false},"excerpt":{"rendered":"<p>Descriere general\u0103 Ture zilnice de kayak din Vadul lui Vod\u0103, zona de camping. Excursii exclusive de kayak \u00een nordul \u0219i sudul Moldovei pe r\u00e2ul Nistru. Detalii turului: Distan\u021ba de kayaking: 22,8 km Nivel de dificultate: mediu Not\u0103: \u00een cazul v\u00eenturilor din sud-vest, aceast\u0103 rut\u0103 devine provocatoare \u0219i dificultatea cre\u0219te de la mediu la mare. Acest [&hellip;]<\/p>","protected":false},"featured_media":10027,"comment_status":"closed","ping_status":"closed","template":"","meta":[],"product_brand":[],"product_cat":[297,57,66,58],"product_tag":[],"class_list":{"0":"post-10026","1":"product","2":"type-product","3":"status-publish","4":"has-post-thumbnail","6":"brw_destinatii-in-natura","7":"brw_destinatii-kayak","8":"brw_destinatii-pe-apa","9":"brw_mood-activ","10":"brw_mood-aventuros","11":"brw_mood-curios","12":"brw_mood-fericit","13":"brw_location-vadul-lui-voda","14":"product_cat-activitati","15":"product_cat-in-natura","16":"product_cat-kayak","17":"product_cat-pe-apa","18":"pa_number-106","20":"first","21":"instock","22":"featured","23":"shipping-taxable","24":"purchasable","25":"product-type-ovabrw_car_rental"},"aioseo_notices":[],"_links":{"self":[{"href":"https:\/\/hodina.md\/en\/wp-json\/wp\/v2\/product\/10026","targetHints":{"allow":["GET"]}}],"collection":[{"href":"https:\/\/hodina.md\/en\/wp-json\/wp\/v2\/product"}],"about":[{"href":"https:\/\/hodina.md\/en\/wp-json\/wp\/v2\/types\/product"}],"replies":[{"embeddable":true,"href":"https:\/\/hodina.md\/en\/wp-json\/wp\/v2\/comments?post=10026"}],"wp:featuredmedia":[{"embeddable":true,"href":"https:\/\/hodina.md\/en\/wp-json\/wp\/v2\/media\/10027"}],"wp:attachment":[{"href":"https:\/\/hodina.md\/en\/wp-json\/wp\/v2\/media?parent=10026"}],"wp:term":[{"taxonomy":"product_brand","embeddable":true,"href":"https:\/\/hodina.md\/en\/wp-json\/wp\/v2\/product_brand?post=10026"},{"taxonomy":"product_cat","embeddable":true,"href":"https:\/\/hodina.md\/en\/wp-json\/wp\/v2\/product_cat?post=10026"},{"taxonomy":"product_tag","embeddable":true,"href":"https:\/\/hodina.md\/en\/wp-json\/wp\/v2\/product_tag?post=10026"}],"curies":[{"name":"wp","href":"https:\/\/api.w.org\/{rel}","templated":true}]}}