{"id":10111,"date":"2024-09-03T12:35:16","date_gmt":"2024-09-03T09:35:16","guid":{"rendered":"https:\/\/hodina.md\/?post_type=product&#038;p=10111"},"modified":"2025-07-08T15:36:32","modified_gmt":"2025-07-08T12:36:32","slug":"salt-cu-parasuta","status":"publish","type":"product","link":"https:\/\/hodina.md\/en\/product\/salt-cu-parasuta\/","title":{"rendered":"Salt cu para\u0219uta"},"content":{"rendered":"<h2>General description<\/h2>\n<p>Do you want to try a new experience and get a maximum dose of adrenaline?<\/p>\n<p>The Parachuting Federation of the Republic of Moldova offers the opportunity to jump with a parachute with or without an instructor for all those who wish.<\/p>\n<p>Currently, the Parachute Federation is the only public organization in Moldova that has the right to perform parachute jumps and has all the aero-technical resources for this, as well as a team of experienced instructors.<\/p>","protected":false},"excerpt":{"rendered":"<p>Descriere general\u0103 Vrei s\u0103 \u00eencerci o nou\u0103 experien\u021b\u0103 \u0219i s\u0103 ob\u021bii o doz\u0103 maximal\u0103 de adrenalin\u0103? Federa\u021bia de Para\u0219utism din Republica Moldova ofer\u0103 posibilitatea s\u0103 sari cu para\u0219uta cu instructor sau f\u0103r\u0103 pentru to\u021bi doritorii. \u00cen prezent, Federa\u021bia de Para\u0219utism este unica organiza\u021bie ob\u0219teasc\u0103 din Moldova care are dreptul de a realiza salturi cu para\u0219uta [&hellip;]<\/p>","protected":false},"featured_media":10112,"comment_status":"closed","ping_status":"closed","template":"","meta":[],"product_brand":[],"product_cat":[297,56,57,61],"product_tag":[],"class_list":{"0":"post-10111","1":"product","2":"type-product","3":"status-publish","4":"has-post-thumbnail","6":"brw_destinatii-in-aer","7":"brw_destinatii-in-natura","8":"brw_destinatii-parasutism","9":"brw_mood-activ","10":"brw_mood-aventuros","11":"brw_mood-curios","12":"product_cat-activitati","13":"product_cat-in-aer","14":"product_cat-in-natura","15":"product_cat-parasutism","16":"pa_number-106","18":"first","19":"instock","20":"featured","21":"shipping-taxable","22":"purchasable","23":"product-type-ovabrw_car_rental"},"aioseo_notices":[],"_links":{"self":[{"href":"https:\/\/hodina.md\/en\/wp-json\/wp\/v2\/product\/10111","targetHints":{"allow":["GET"]}}],"collection":[{"href":"https:\/\/hodina.md\/en\/wp-json\/wp\/v2\/product"}],"about":[{"href":"https:\/\/hodina.md\/en\/wp-json\/wp\/v2\/types\/product"}],"replies":[{"embeddable":true,"href":"https:\/\/hodina.md\/en\/wp-json\/wp\/v2\/comments?post=10111"}],"wp:featuredmedia":[{"embeddable":true,"href":"https:\/\/hodina.md\/en\/wp-json\/wp\/v2\/media\/10112"}],"wp:attachment":[{"href":"https:\/\/hodina.md\/en\/wp-json\/wp\/v2\/media?parent=10111"}],"wp:term":[{"taxonomy":"product_brand","embeddable":true,"href":"https:\/\/hodina.md\/en\/wp-json\/wp\/v2\/product_brand?post=10111"},{"taxonomy":"product_cat","embeddable":true,"href":"https:\/\/hodina.md\/en\/wp-json\/wp\/v2\/product_cat?post=10111"},{"taxonomy":"product_tag","embeddable":true,"href":"https:\/\/hodina.md\/en\/wp-json\/wp\/v2\/product_tag?post=10111"}],"curies":[{"name":"wp","href":"https:\/\/api.w.org\/{rel}","templated":true}]}}