{"id":10122,"date":"2024-09-03T12:41:29","date_gmt":"2024-09-03T09:41:29","guid":{"rendered":"https:\/\/hodina.md\/?post_type=product&#038;p=10122"},"modified":"2025-08-23T12:08:53","modified_gmt":"2025-08-23T09:08:53","slug":"zbor-cu-parapanta","status":"publish","type":"product","link":"https:\/\/hodina.md\/en\/product\/zbor-cu-parapanta\/","title":{"rendered":"I fly with a paraglider"},"content":{"rendered":"<h2>General description<\/h2>\n<p>Reach high in the sky, experience being free like the birds, achieving an unforgettable experience for a lifetime.<\/p>\n<p>We invite you to touch the sky in a paraglider flight with licensed professional pilot Vasile Fronea.<\/p>\n<p>The places we fly to?<\/p>\n<ul>\n<li>Molovata<\/li>\n<li>Old Orhei<\/li>\n<li>The New Years<\/li>\n<\/ul>\n<p>The flight locations depend on the wind direction and its intensity.<\/p>\n<p>If you prefer to fly to a specific place.<\/p>","protected":false},"excerpt":{"rendered":"<p>Descriere general\u0103 Atinge \u00eenaltul cerului, experimenteaz\u0103 s\u0103 fii liber(\u0103) asemeni p\u0103s\u0103rilor, realiz\u00e2nd o experien\u021b\u0103 de neuitat pentru o via\u021b\u0103 \u00eentreag\u0103. Te invit\u0103m s\u0103 atingi cerul \u00eentr-un zbor cu parapanta \u00eempreun\u0103 cu Vasile Fronea pilot profesionist licen\u021biat. Locurile unde zbur\u0103m? Molovata Orheiul Vechi Anenii Noi Locurile de zbor depind de direc\u021bia v\u00e2ntului \u0219i intensitatea lui. Dac\u0103 [&hellip;]<\/p>","protected":false},"featured_media":10123,"comment_status":"closed","ping_status":"closed","template":"","meta":[],"product_brand":[],"product_cat":[297,56,57,61],"product_tag":[],"class_list":{"0":"post-10122","1":"product","2":"type-product","3":"status-publish","4":"has-post-thumbnail","6":"brw_destinatii-in-aer","7":"brw_destinatii-in-natura","8":"brw_destinatii-parasutism","9":"brw_mood-activ","10":"brw_mood-aventuros","11":"brw_mood-creativ","12":"brw_mood-inspirat","13":"brw_mood-melancolic","14":"brw_location-anenii-noi","15":"brw_location-molovata","16":"brw_location-orheiul-vechi","17":"product_cat-activitati","18":"product_cat-in-aer","19":"product_cat-in-natura","20":"product_cat-parasutism","21":"pa_number-106","23":"first","24":"instock","25":"featured","26":"shipping-taxable","27":"purchasable","28":"product-type-ovabrw_car_rental"},"aioseo_notices":[],"_links":{"self":[{"href":"https:\/\/hodina.md\/en\/wp-json\/wp\/v2\/product\/10122","targetHints":{"allow":["GET"]}}],"collection":[{"href":"https:\/\/hodina.md\/en\/wp-json\/wp\/v2\/product"}],"about":[{"href":"https:\/\/hodina.md\/en\/wp-json\/wp\/v2\/types\/product"}],"replies":[{"embeddable":true,"href":"https:\/\/hodina.md\/en\/wp-json\/wp\/v2\/comments?post=10122"}],"wp:featuredmedia":[{"embeddable":true,"href":"https:\/\/hodina.md\/en\/wp-json\/wp\/v2\/media\/10123"}],"wp:attachment":[{"href":"https:\/\/hodina.md\/en\/wp-json\/wp\/v2\/media?parent=10122"}],"wp:term":[{"taxonomy":"product_brand","embeddable":true,"href":"https:\/\/hodina.md\/en\/wp-json\/wp\/v2\/product_brand?post=10122"},{"taxonomy":"product_cat","embeddable":true,"href":"https:\/\/hodina.md\/en\/wp-json\/wp\/v2\/product_cat?post=10122"},{"taxonomy":"product_tag","embeddable":true,"href":"https:\/\/hodina.md\/en\/wp-json\/wp\/v2\/product_tag?post=10122"}],"curies":[{"name":"wp","href":"https:\/\/api.w.org\/{rel}","templated":true}]}}