{"id":10153,"date":"2024-09-03T13:20:07","date_gmt":"2024-09-03T10:20:07","guid":{"rendered":"https:\/\/hodina.md\/?post_type=product&#038;p=10153"},"modified":"2025-02-12T20:33:13","modified_gmt":"2025-02-12T18:33:13","slug":"plimbare-cu-catamaranul-in-grup","status":"publish","type":"product","link":"https:\/\/hodina.md\/en\/product\/plimbare-cu-catamaranul-in-grup\/","title":{"rendered":"Group catamaran ride"},"content":{"rendered":"<h2>General description<\/h2>\n<p>A river walk allows you to relax from the hustle and bustle of the city and enjoy the wild nature of the river.<\/p>\n<p>If you are already familiar with the landscape of the banks of the river, along which the route passes, we assure you - it looks completely different from the water.<\/p>\n<p>A few minutes after the start, you will find yourself in the bosom of wild nature, among birds and a pleasant atmosphere, in peace and coolness.<\/p>\n<p>On the catamaran, you can easily organize a picnic and an unusual photo shoot against the background of the beauties of the Dniester.<\/p>\n<p>The catamaran is equipped with a motor and a canopy for sun protection, comfortable tables and chairs, so you have the opportunity to celebrate an event with a glass of champagne and light snacks.<\/p>\n<p>The walks offer the opportunity to swim in beautiful places inaccessible from the shore.<\/p>","protected":false},"excerpt":{"rendered":"<p>Descriere general\u0103 O plimbare pe r\u00e2u v\u0103 permite s\u0103 v\u0103 relaxa\u021bi din agita\u021bia ora\u0219ului \u0219i s\u0103 v\u0103 bucura\u021bi de natura s\u0103lbatic\u0103 a r\u00e2ului. Dac\u0103 sunte\u021bi deja familiariza\u021bi cu peisajul malurilor r\u00e2ului, de-a lungul c\u0103ruia trece traseul, v\u0103 asigur\u0103m \u2013 din ap\u0103 arat\u0103 complet diferit. La c\u00e2teva minute dup\u0103 start, v\u0103 ve\u021bi reg\u0103si \u00een s\u00e2nul naturii [&hellip;]<\/p>","protected":false},"featured_media":10154,"comment_status":"closed","ping_status":"closed","template":"","meta":[],"product_brand":[],"product_cat":[297,57,58],"product_tag":[],"class_list":{"0":"post-10153","1":"product","2":"type-product","3":"status-publish","4":"has-post-thumbnail","6":"brw_destinatii-pe-apa","7":"brw_mood-nostalgic","8":"brw_mood-sociabil","9":"product_cat-activitati","10":"product_cat-in-natura","11":"product_cat-pe-apa","12":"pa_number-106","14":"first","15":"instock","16":"featured","17":"shipping-taxable","18":"purchasable","19":"product-type-ovabrw_car_rental"},"aioseo_notices":[],"_links":{"self":[{"href":"https:\/\/hodina.md\/en\/wp-json\/wp\/v2\/product\/10153","targetHints":{"allow":["GET"]}}],"collection":[{"href":"https:\/\/hodina.md\/en\/wp-json\/wp\/v2\/product"}],"about":[{"href":"https:\/\/hodina.md\/en\/wp-json\/wp\/v2\/types\/product"}],"replies":[{"embeddable":true,"href":"https:\/\/hodina.md\/en\/wp-json\/wp\/v2\/comments?post=10153"}],"wp:featuredmedia":[{"embeddable":true,"href":"https:\/\/hodina.md\/en\/wp-json\/wp\/v2\/media\/10154"}],"wp:attachment":[{"href":"https:\/\/hodina.md\/en\/wp-json\/wp\/v2\/media?parent=10153"}],"wp:term":[{"taxonomy":"product_brand","embeddable":true,"href":"https:\/\/hodina.md\/en\/wp-json\/wp\/v2\/product_brand?post=10153"},{"taxonomy":"product_cat","embeddable":true,"href":"https:\/\/hodina.md\/en\/wp-json\/wp\/v2\/product_cat?post=10153"},{"taxonomy":"product_tag","embeddable":true,"href":"https:\/\/hodina.md\/en\/wp-json\/wp\/v2\/product_tag?post=10153"}],"curies":[{"name":"wp","href":"https:\/\/api.w.org\/{rel}","templated":true}]}}