{"id":10161,"date":"2024-09-03T13:42:41","date_gmt":"2024-09-03T10:42:41","guid":{"rendered":"https:\/\/hodina.md\/?post_type=product&#038;p=10161"},"modified":"2025-08-23T12:07:14","modified_gmt":"2025-08-23T09:07:14","slug":"zbor-cu-avionul-sting-2000","status":"publish","type":"product","link":"https:\/\/hodina.md\/en\/product\/zbor-cu-avionul-sting-2000\/","title":{"rendered":"Flight with the plane &quot;Sting 2000&quot;"},"content":{"rendered":"<h2>General description<\/h2>\n<p>An airplane flight is the most beautiful and amazing gift!<\/p>\n<p>Precisely because we have been flying with the plane for over 5 years, we are sure of it!<\/p>\n<p>We are in love with what we do and we are confident that we will be able to share this love with you, right from the first flight.<\/p>\n<p>Now absolutely everyone can touch the clouds with their hand and merge with the sky.<\/p>\n<p>Choose what you think is more convenient for you and you will immediately experience these extraordinary emotions.<\/p>","protected":false},"excerpt":{"rendered":"<p>Descriere general\u0103 Un zbor cu avionul este cel mai frumos \u015fi uimitor cadou! Tocmai pentru c\u0103 zbur\u0103m cu avionul de peste 5 ani, suntem siguri de asta! Suntem \u00eendr\u0103gosti\u0163i de ceea ce facem \u015fi suntem \u00eencrez\u0103tori c\u0103 vom putea s\u0103 \u00eemp\u0103rt\u0103\u015fim aceast\u0103 dragoste cu voi, chiar din primul zbor. Acum, absolut toat\u0103 lumea poate atinge [&hellip;]<\/p>","protected":false},"featured_media":10162,"comment_status":"closed","ping_status":"closed","template":"","meta":[],"product_brand":[],"product_cat":[297,56],"product_tag":[],"class_list":{"0":"post-10161","1":"product","2":"type-product","3":"status-publish","4":"has-post-thumbnail","6":"brw_destinatii-in-aer","7":"brw_mood-activ","8":"brw_mood-aventuros","9":"brw_mood-fericit","10":"brw_location-vadul-lui-voda","11":"product_cat-activitati","12":"product_cat-in-aer","13":"pa_number-106","15":"first","16":"instock","17":"featured","18":"shipping-taxable","19":"purchasable","20":"product-type-ovabrw_car_rental"},"aioseo_notices":[],"_links":{"self":[{"href":"https:\/\/hodina.md\/en\/wp-json\/wp\/v2\/product\/10161","targetHints":{"allow":["GET"]}}],"collection":[{"href":"https:\/\/hodina.md\/en\/wp-json\/wp\/v2\/product"}],"about":[{"href":"https:\/\/hodina.md\/en\/wp-json\/wp\/v2\/types\/product"}],"replies":[{"embeddable":true,"href":"https:\/\/hodina.md\/en\/wp-json\/wp\/v2\/comments?post=10161"}],"wp:featuredmedia":[{"embeddable":true,"href":"https:\/\/hodina.md\/en\/wp-json\/wp\/v2\/media\/10162"}],"wp:attachment":[{"href":"https:\/\/hodina.md\/en\/wp-json\/wp\/v2\/media?parent=10161"}],"wp:term":[{"taxonomy":"product_brand","embeddable":true,"href":"https:\/\/hodina.md\/en\/wp-json\/wp\/v2\/product_brand?post=10161"},{"taxonomy":"product_cat","embeddable":true,"href":"https:\/\/hodina.md\/en\/wp-json\/wp\/v2\/product_cat?post=10161"},{"taxonomy":"product_tag","embeddable":true,"href":"https:\/\/hodina.md\/en\/wp-json\/wp\/v2\/product_tag?post=10161"}],"curies":[{"name":"wp","href":"https:\/\/api.w.org\/{rel}","templated":true}]}}