{"id":10173,"date":"2024-11-07T17:32:07","date_gmt":"2024-11-07T15:32:07","guid":{"rendered":"https:\/\/hodina.md\/?post_type=product&#038;p=10173"},"modified":"2025-02-12T20:33:13","modified_gmt":"2025-02-12T18:33:13","slug":"white-valley","status":"publish","type":"product","link":"https:\/\/hodina.md\/en\/product\/white-valley\/","title":{"rendered":"White Valley"},"content":{"rendered":"<h2><span style=\"vertical-align: inherit;\"><span style=\"vertical-align: inherit;\"><span style=\"vertical-align: inherit;\"><span style=\"vertical-align: inherit;\">General description<\/span><\/span><\/span><\/span><\/h2>\n<p data-plugininputid=\"2138\">Bijuterie ascuns\u0103 \u00een inima Chi\u0219in\u0103ului, unde vederile panoramice uluitoare \u0219i lini\u0219tea p\u0103durii se \u00eembin\u0103 perfect cu accesul rapid la centrul ora\u0219ului \u0219i la celebra cram\u0103 Cricova, oferind o escapad\u0103 ideal\u0103 pentru exploratori solo \u0219i evad\u0103ri romantice.<\/p>","protected":false},"excerpt":{"rendered":"<p>Descriere general\u0103 Bijuterie ascuns\u0103 \u00een inima Chi\u0219in\u0103ului, unde vederile panoramice uluitoare \u0219i lini\u0219tea p\u0103durii se \u00eembin\u0103 perfect cu accesul rapid la centrul ora\u0219ului \u0219i la celebra cram\u0103 Cricova, oferind o escapad\u0103 ideal\u0103 pentru exploratori solo \u0219i evad\u0103ri romantice.<\/p>","protected":false},"featured_media":10174,"comment_status":"closed","ping_status":"closed","template":"","meta":[],"product_brand":[],"product_cat":[298,73],"product_tag":[],"class_list":{"0":"post-10173","1":"product","2":"type-product","3":"status-publish","4":"has-post-thumbnail","6":"product_cat-cazari","7":"product_cat-vile","9":"first","10":"instock","11":"featured","12":"shipping-taxable","13":"purchasable","14":"product-type-ovabrw_car_rental"},"aioseo_notices":[],"_links":{"self":[{"href":"https:\/\/hodina.md\/en\/wp-json\/wp\/v2\/product\/10173","targetHints":{"allow":["GET"]}}],"collection":[{"href":"https:\/\/hodina.md\/en\/wp-json\/wp\/v2\/product"}],"about":[{"href":"https:\/\/hodina.md\/en\/wp-json\/wp\/v2\/types\/product"}],"replies":[{"embeddable":true,"href":"https:\/\/hodina.md\/en\/wp-json\/wp\/v2\/comments?post=10173"}],"wp:featuredmedia":[{"embeddable":true,"href":"https:\/\/hodina.md\/en\/wp-json\/wp\/v2\/media\/10174"}],"wp:attachment":[{"href":"https:\/\/hodina.md\/en\/wp-json\/wp\/v2\/media?parent=10173"}],"wp:term":[{"taxonomy":"product_brand","embeddable":true,"href":"https:\/\/hodina.md\/en\/wp-json\/wp\/v2\/product_brand?post=10173"},{"taxonomy":"product_cat","embeddable":true,"href":"https:\/\/hodina.md\/en\/wp-json\/wp\/v2\/product_cat?post=10173"},{"taxonomy":"product_tag","embeddable":true,"href":"https:\/\/hodina.md\/en\/wp-json\/wp\/v2\/product_tag?post=10173"}],"curies":[{"name":"wp","href":"https:\/\/api.w.org\/{rel}","templated":true}]}}