{"id":10185,"date":"2024-11-07T18:09:12","date_gmt":"2024-11-07T16:09:12","guid":{"rendered":"https:\/\/hodina.md\/?post_type=product&#038;p=10185"},"modified":"2025-08-15T09:15:35","modified_gmt":"2025-08-15T06:15:35","slug":"shark","status":"publish","type":"product","link":"https:\/\/hodina.md\/en\/product\/shark\/","title":{"rendered":"Shark"},"content":{"rendered":"<h2><span style=\"vertical-align: inherit;\"><span style=\"vertical-align: inherit;\"><span style=\"vertical-align: inherit;\"><span style=\"vertical-align: inherit;\">General description<\/span><\/span><\/span><\/span><\/h2>\n<p data-plugininputid=\"2138\">WOW Shark is the wonderful location for people who love adrenaline and want to try different activities that bring them positive emotions. Here you will be able to spend an unforgettable active holiday with your loved ones.<\/p>","protected":false},"excerpt":{"rendered":"<p>Descriere general\u0103 WOW Shark este loca\u021bia minunat\u0103 pentru persoanele care ador\u0103 adrenalina \u0219i doresc s\u0103 \u00eencerce diferite activit\u0103\u021bi care s\u0103 le aduc\u0103 emo\u021bii pozitive. Aici ve\u021bi putea petrece o vacan\u021b\u0103 activ\u0103 de neuitat al\u0103turi de cei dragi.<\/p>","protected":false},"featured_media":10186,"comment_status":"closed","ping_status":"closed","template":"","meta":[],"product_brand":[],"product_cat":[68,298],"product_tag":[],"class_list":{"0":"post-10185","1":"product","2":"type-product","3":"status-publish","4":"has-post-thumbnail","6":"brw_location-stefan-voda","7":"product_cat-cabane","8":"product_cat-cazari","10":"first","11":"instock","12":"featured","13":"shipping-taxable","14":"purchasable","15":"product-type-ovabrw_car_rental"},"aioseo_notices":[],"_links":{"self":[{"href":"https:\/\/hodina.md\/en\/wp-json\/wp\/v2\/product\/10185","targetHints":{"allow":["GET"]}}],"collection":[{"href":"https:\/\/hodina.md\/en\/wp-json\/wp\/v2\/product"}],"about":[{"href":"https:\/\/hodina.md\/en\/wp-json\/wp\/v2\/types\/product"}],"replies":[{"embeddable":true,"href":"https:\/\/hodina.md\/en\/wp-json\/wp\/v2\/comments?post=10185"}],"wp:featuredmedia":[{"embeddable":true,"href":"https:\/\/hodina.md\/en\/wp-json\/wp\/v2\/media\/10186"}],"wp:attachment":[{"href":"https:\/\/hodina.md\/en\/wp-json\/wp\/v2\/media?parent=10185"}],"wp:term":[{"taxonomy":"product_brand","embeddable":true,"href":"https:\/\/hodina.md\/en\/wp-json\/wp\/v2\/product_brand?post=10185"},{"taxonomy":"product_cat","embeddable":true,"href":"https:\/\/hodina.md\/en\/wp-json\/wp\/v2\/product_cat?post=10185"},{"taxonomy":"product_tag","embeddable":true,"href":"https:\/\/hodina.md\/en\/wp-json\/wp\/v2\/product_tag?post=10185"}],"curies":[{"name":"wp","href":"https:\/\/api.w.org\/{rel}","templated":true}]}}