{"id":10534,"date":"2025-02-10T00:40:16","date_gmt":"2025-02-09T22:40:16","guid":{"rendered":"https:\/\/hodina.md\/?post_type=product&#038;p=10534"},"modified":"2025-02-12T20:33:13","modified_gmt":"2025-02-12T18:33:13","slug":"vila-dorului","status":"publish","type":"product","link":"https:\/\/hodina.md\/en\/product\/vila-dorului\/","title":{"rendered":"Vila Dorului"},"content":{"rendered":"<h2><span style=\"vertical-align: inherit;\"><span style=\"vertical-align: inherit;\"><span style=\"vertical-align: inherit;\"><span style=\"vertical-align: inherit;\">General description<\/span><\/span><\/span><\/span><\/h2>\n<div>\n<p>Locul de refugiu ideal pentru cei care doresc s\u0103 se relaxeze \u00eentr-un cadru natural deosebit, unde tradi\u021bia se \u00eembin\u0103 cu confortul modern. Situat\u0103 \u00eentr-o zon\u0103 pitoreasc\u0103 la malul r\u00e2ului Nistru, pensiunea ofer\u0103 oaspe\u021bilor o atmosfer\u0103 cald\u0103 \u0219i primitoare, fiind perfect\u0103 at\u00e2t pentru un sejur lini\u0219tit, c\u00e2t \u0219i pentru vacan\u021be \u00een familie sau cu prietenii.<\/p>\n<\/div>\n<div>\n<p data-plugininputid=\"2138\">\u00cen apropiere, vizitatorii pot explora atrac\u021bii turistice naturale \u0219i culturale, cum ar fi drume\u021bii montane, vizite la m\u0103n\u0103stiri sau explorarea zonei rurale autentice, pentru a \u00een\u021belege mai bine tradi\u021biile \u0219i obiceiurile locului.<\/p>\n<\/div>","protected":false},"excerpt":{"rendered":"<p>Descriere general\u0103 Locul de refugiu ideal pentru cei care doresc s\u0103 se relaxeze \u00eentr-un cadru natural deosebit, unde tradi\u021bia se \u00eembin\u0103 cu confortul modern. Situat\u0103 \u00eentr-o zon\u0103 pitoreasc\u0103 la malul r\u00e2ului Nistru, pensiunea ofer\u0103 oaspe\u021bilor o atmosfer\u0103 cald\u0103 \u0219i primitoare, fiind perfect\u0103 at\u00e2t pentru un sejur lini\u0219tit, c\u00e2t \u0219i pentru vacan\u021be \u00een familie sau cu [&hellip;]<\/p>","protected":false},"featured_media":10536,"comment_status":"closed","ping_status":"closed","template":"","meta":[],"product_brand":[],"product_cat":[298,72],"product_tag":[],"class_list":{"0":"post-10534","1":"product","2":"type-product","3":"status-publish","4":"has-post-thumbnail","6":"brw_housing-pensiuni","7":"product_cat-cazari","8":"product_cat-pensiuni","10":"first","11":"instock","12":"featured","13":"shipping-taxable","14":"purchasable","15":"product-type-ovabrw_car_rental"},"aioseo_notices":[],"_links":{"self":[{"href":"https:\/\/hodina.md\/en\/wp-json\/wp\/v2\/product\/10534","targetHints":{"allow":["GET"]}}],"collection":[{"href":"https:\/\/hodina.md\/en\/wp-json\/wp\/v2\/product"}],"about":[{"href":"https:\/\/hodina.md\/en\/wp-json\/wp\/v2\/types\/product"}],"replies":[{"embeddable":true,"href":"https:\/\/hodina.md\/en\/wp-json\/wp\/v2\/comments?post=10534"}],"wp:featuredmedia":[{"embeddable":true,"href":"https:\/\/hodina.md\/en\/wp-json\/wp\/v2\/media\/10536"}],"wp:attachment":[{"href":"https:\/\/hodina.md\/en\/wp-json\/wp\/v2\/media?parent=10534"}],"wp:term":[{"taxonomy":"product_brand","embeddable":true,"href":"https:\/\/hodina.md\/en\/wp-json\/wp\/v2\/product_brand?post=10534"},{"taxonomy":"product_cat","embeddable":true,"href":"https:\/\/hodina.md\/en\/wp-json\/wp\/v2\/product_cat?post=10534"},{"taxonomy":"product_tag","embeddable":true,"href":"https:\/\/hodina.md\/en\/wp-json\/wp\/v2\/product_tag?post=10534"}],"curies":[{"name":"wp","href":"https:\/\/api.w.org\/{rel}","templated":true}]}}