{"id":10566,"date":"2025-03-16T12:29:23","date_gmt":"2025-03-16T10:29:23","guid":{"rendered":"https:\/\/hodina.md\/?post_type=product&#038;p=10566"},"modified":"2025-08-23T12:04:58","modified_gmt":"2025-08-23T09:04:58","slug":"mersul-cu-colindul-prin-sat-cu-satra","status":"publish","type":"product","link":"https:\/\/hodina.md\/en\/product\/mersul-cu-colindul-prin-sat-cu-satra\/","title":{"rendered":"Caroling through the village with the traditional shatra"},"content":{"rendered":"<h2>General description<\/h2>\n<p>Step into the magical atmosphere of Moldova\u2019s winter holidays by joining a traditional shatra for caroling through an authentic village. You\u2019ll dress in folk costumes and become part of a joyful group of carolers, spreading the Christmas spirit from house to house.<\/p>\n<p>Step into the magical atmosphere of Moldova\u2019s winter holidays by joining a traditional shatra for caroling through an authentic village. You\u2019ll dress in folk costumes and become part of a joyful group of carolers, spreading the Christmas spirit from house to house.<\/p>\n<p>Important note:<br \/>\n\u2022 The activity is available only on December 24th and January 7th.<br \/>\n\u2022 Reservations must be made at least two weeks in advance to allow for costume preparation and route planning.<br \/>\n\u2022 The experience takes place entirely outdoors and involves walking through the village, so dressing appropriately for the winter season is recommended.<br \/>\n\u2022 Groups are limited to a maximum of four participants to maintain authenticity and meaningful interaction with locals.<\/p>","protected":false},"excerpt":{"rendered":"<p>Descriere general\u0103 Intr\u0103 \u00een atmosfera magic\u0103 a s\u0103rb\u0103torilor de iarn\u0103 din Moldova, colind\u00e2nd al\u0103turi de o \u0219atr\u0103 tradi\u021bional\u0103 printr-un sat autentic. Vei \u00eembr\u0103ca straie populare \u0219i vei face parte dintr-un grup vesel de colind\u0103tori, purt\u00e2nd bucuria Cr\u0103ciunului din cas\u0103 \u00een cas\u0103. C\u00e2nt\u0103 colinde str\u0103vechi, \u00eenv\u0103\u021bate de la localnici, \u0219i descoper\u0103 cum fiecare gazd\u0103 te \u00eent\u00e2mpin\u0103 [&hellip;]<\/p>","protected":false},"featured_media":10569,"comment_status":"closed","ping_status":"closed","template":"","meta":[],"product_brand":[],"product_cat":[297,63,56],"product_tag":[],"class_list":{"0":"post-10566","1":"product","2":"type-product","3":"status-publish","4":"has-post-thumbnail","6":"brw_destinatii-drumetii","7":"brw_destinatii-in-aer","8":"brw_destinatii-traditii-locale","9":"brw_location-cimislia","10":"brw_location-criuleni","11":"product_cat-activitati","12":"product_cat-drumetii","13":"product_cat-in-aer","14":"pa_number-106","16":"first","17":"instock","18":"featured","19":"shipping-taxable","20":"purchasable","21":"product-type-ovabrw_car_rental"},"aioseo_notices":[],"_links":{"self":[{"href":"https:\/\/hodina.md\/en\/wp-json\/wp\/v2\/product\/10566","targetHints":{"allow":["GET"]}}],"collection":[{"href":"https:\/\/hodina.md\/en\/wp-json\/wp\/v2\/product"}],"about":[{"href":"https:\/\/hodina.md\/en\/wp-json\/wp\/v2\/types\/product"}],"replies":[{"embeddable":true,"href":"https:\/\/hodina.md\/en\/wp-json\/wp\/v2\/comments?post=10566"}],"wp:featuredmedia":[{"embeddable":true,"href":"https:\/\/hodina.md\/en\/wp-json\/wp\/v2\/media\/10569"}],"wp:attachment":[{"href":"https:\/\/hodina.md\/en\/wp-json\/wp\/v2\/media?parent=10566"}],"wp:term":[{"taxonomy":"product_brand","embeddable":true,"href":"https:\/\/hodina.md\/en\/wp-json\/wp\/v2\/product_brand?post=10566"},{"taxonomy":"product_cat","embeddable":true,"href":"https:\/\/hodina.md\/en\/wp-json\/wp\/v2\/product_cat?post=10566"},{"taxonomy":"product_tag","embeddable":true,"href":"https:\/\/hodina.md\/en\/wp-json\/wp\/v2\/product_tag?post=10566"}],"curies":[{"name":"wp","href":"https:\/\/api.w.org\/{rel}","templated":true}]}}