{"id":10579,"date":"2025-03-16T13:39:42","date_gmt":"2025-03-16T11:39:42","guid":{"rendered":"https:\/\/hodina.md\/?post_type=product&#038;p=10579"},"modified":"2025-08-23T12:03:34","modified_gmt":"2025-08-23T09:03:34","slug":"lectie-de-dans-traditional-moldovenesc","status":"publish","type":"product","link":"https:\/\/hodina.md\/en\/product\/lectie-de-dans-traditional-moldovenesc\/","title":{"rendered":"Traditional moldavian dance class"},"content":{"rendered":"<h2>General description<\/h2>\n<p><span data-sheets-root=\"1\">Embrace the authentic rhythm of Moldovan tradition and learn traditional dances in a friendly and energetic environment, alongside passionate dancers. Under the guidance of an experienced instructor, you will master the traditional steps that are part of Moldova\u2019s cultural heritage, all in a joyful and authentic atmosphere.<\/span><\/p>\n<p>Whether it\u2019s your first time dancing or you have some experience, this activity will connect you with local traditions and customs, offering you a unique opportunity to experience the culture from within.<\/p>","protected":false},"excerpt":{"rendered":"<p>Descriere general\u0103 \u00cembr\u0103\u021bi\u0219eaz\u0103 ritmul autentic al tradi\u021biei moldovene\u0219ti \u0219i \u00eenva\u021b\u0103 dansurile tradi\u021bionale \u00eentr-un mediu prietenos \u0219i plin de energie, al\u0103turi de dansatori pasiona\u021bi. Sub \u00eendrumarea unui profesor, vei \u00eenv\u0103\u021ba pa\u0219ii tradi\u021bionali care fac parte din patrimoniul cultural al Moldovei, \u00eentr-o atmosfer\u0103 de veselie \u0219i autenticitate. Indiferent dac\u0103 e\u0219ti la prima ta experien\u021b\u0103 sau ai mai [&hellip;]<\/p>","protected":false},"featured_media":10581,"comment_status":"closed","ping_status":"closed","template":"","meta":[],"product_brand":[],"product_cat":[297],"product_tag":[],"class_list":{"0":"post-10579","1":"product","2":"type-product","3":"status-publish","4":"has-post-thumbnail","6":"brw_destinatii-dans","7":"brw_location-chisinau","8":"product_cat-activitati","9":"pa_number-106","11":"first","12":"instock","13":"featured","14":"shipping-taxable","15":"purchasable","16":"product-type-ovabrw_car_rental"},"aioseo_notices":[],"_links":{"self":[{"href":"https:\/\/hodina.md\/en\/wp-json\/wp\/v2\/product\/10579","targetHints":{"allow":["GET"]}}],"collection":[{"href":"https:\/\/hodina.md\/en\/wp-json\/wp\/v2\/product"}],"about":[{"href":"https:\/\/hodina.md\/en\/wp-json\/wp\/v2\/types\/product"}],"replies":[{"embeddable":true,"href":"https:\/\/hodina.md\/en\/wp-json\/wp\/v2\/comments?post=10579"}],"wp:featuredmedia":[{"embeddable":true,"href":"https:\/\/hodina.md\/en\/wp-json\/wp\/v2\/media\/10581"}],"wp:attachment":[{"href":"https:\/\/hodina.md\/en\/wp-json\/wp\/v2\/media?parent=10579"}],"wp:term":[{"taxonomy":"product_brand","embeddable":true,"href":"https:\/\/hodina.md\/en\/wp-json\/wp\/v2\/product_brand?post=10579"},{"taxonomy":"product_cat","embeddable":true,"href":"https:\/\/hodina.md\/en\/wp-json\/wp\/v2\/product_cat?post=10579"},{"taxonomy":"product_tag","embeddable":true,"href":"https:\/\/hodina.md\/en\/wp-json\/wp\/v2\/product_tag?post=10579"}],"curies":[{"name":"wp","href":"https:\/\/api.w.org\/{rel}","templated":true}]}}