{"id":10589,"date":"2025-03-16T19:28:21","date_gmt":"2025-03-16T17:28:21","guid":{"rendered":"https:\/\/hodina.md\/?post_type=product&#038;p=10589"},"modified":"2025-08-21T19:54:01","modified_gmt":"2025-08-21T16:54:01","slug":"descopera-viata-de-noapte-a-chisinaului-alaturi-de-localnici","status":"publish","type":"product","link":"https:\/\/hodina.md\/en\/product\/descopera-viata-de-noapte-a-chisinaului-alaturi-de-localnici\/","title":{"rendered":"Discover Chisinau's nightlife with the locals"},"content":{"rendered":"<h2>General description<\/h2>\n<p class=\"p1\">Discover the authentic nightlife of Chisinau with the locals, in an atmosphere full of energy and good cheer. On weekends, the city comes alive in hidden places, where memories are made and friendships are made.<\/p>\n<p class=\"p1\">Your journey into Chisinau's nightlife begins with the famous \u201dPyana Vishnea\u201d and continues on a surprise route, chosen by your hosts. Whether you end up in an intimate pub, a club with live music or a secret bar with craft cocktails, each stop will reveal a new facet of the city.<\/p>\n<p class=\"p1\">Even though Chisinau is a safe city at night, nothing compares to exploring it with a group that knows every nook and cranny and the local language, so you can completely relax and enjoy the atmosphere. How will this adventure end? We don\u2019t know either - take a chance and let the city surprise you.<\/p>","protected":false},"excerpt":{"rendered":"<p>Descriere general\u0103 Descoper\u0103 via\u021ba de noapte autentic\u0103 a Chi\u0219in\u0103ului al\u0103turi de localnici, \u00eentr-o atmosfer\u0103 plin\u0103 de energie \u0219i voie bun\u0103. \u00cen weekend, ora\u0219ul prinde via\u021b\u0103 \u00een locuri ascunse, unde se creeaz\u0103 amintiri \u0219i se leag\u0103 prietenii. C\u0103l\u0103toria ta \u00een lumea nocturn\u0103 a Chi\u0219in\u0103ului \u00eencepe cu renumitul local \u201ePiana Vishnea\u201d \u0219i continu\u0103 \u00eentr-un traseu surpriz\u0103, ales [&hellip;]<\/p>","protected":false},"featured_media":10595,"comment_status":"closed","ping_status":"closed","template":"","meta":[],"product_brand":[],"product_cat":[297],"product_tag":[],"class_list":{"0":"post-10589","1":"product","2":"type-product","3":"status-publish","4":"has-post-thumbnail","6":"brw_destinatii-viata-nocturna","7":"brw_location-chisinau","8":"product_cat-activitati","9":"pa_number-106","11":"first","12":"instock","13":"featured","14":"shipping-taxable","15":"purchasable","16":"product-type-ovabrw_car_rental"},"aioseo_notices":[],"_links":{"self":[{"href":"https:\/\/hodina.md\/en\/wp-json\/wp\/v2\/product\/10589","targetHints":{"allow":["GET"]}}],"collection":[{"href":"https:\/\/hodina.md\/en\/wp-json\/wp\/v2\/product"}],"about":[{"href":"https:\/\/hodina.md\/en\/wp-json\/wp\/v2\/types\/product"}],"replies":[{"embeddable":true,"href":"https:\/\/hodina.md\/en\/wp-json\/wp\/v2\/comments?post=10589"}],"wp:featuredmedia":[{"embeddable":true,"href":"https:\/\/hodina.md\/en\/wp-json\/wp\/v2\/media\/10595"}],"wp:attachment":[{"href":"https:\/\/hodina.md\/en\/wp-json\/wp\/v2\/media?parent=10589"}],"wp:term":[{"taxonomy":"product_brand","embeddable":true,"href":"https:\/\/hodina.md\/en\/wp-json\/wp\/v2\/product_brand?post=10589"},{"taxonomy":"product_cat","embeddable":true,"href":"https:\/\/hodina.md\/en\/wp-json\/wp\/v2\/product_cat?post=10589"},{"taxonomy":"product_tag","embeddable":true,"href":"https:\/\/hodina.md\/en\/wp-json\/wp\/v2\/product_tag?post=10589"}],"curies":[{"name":"wp","href":"https:\/\/api.w.org\/{rel}","templated":true}]}}