{"id":10626,"date":"2025-04-29T00:39:21","date_gmt":"2025-04-28T21:39:21","guid":{"rendered":"https:\/\/hodina.md\/?post_type=product&#038;p=10626"},"modified":"2025-05-09T20:04:43","modified_gmt":"2025-05-09T17:04:43","slug":"complexul-rural-casa-boierului","status":"publish","type":"product","link":"https:\/\/hodina.md\/en\/product\/complexul-rural-casa-boierului\/","title":{"rendered":"Casa Boierului"},"content":{"rendered":"<h2><span style=\"vertical-align: inherit;\"><span style=\"vertical-align: inherit;\"><span style=\"vertical-align: inherit;\"><span style=\"vertical-align: inherit;\">General description<\/span><\/span><\/span><\/span><\/h2>\n<div>\n<p style=\"font-weight: 400;\">Casa Boierului este un refugiu rural \u00eentr-un sat pitoresc de pe malul Nistrului, ce ofer\u0103 relaxare, recreere \u0219i divertisment pentru experien\u021be \u00een familie, teambuilding-uri, escapade romantice. La Casa Boierului vei descoperi farmecul unei gospod\u0103rii moldovene\u0219ti moderne \u00eentr-un cadru natural spectaculos cu priveli\u0219te spre r\u00e2ul Nistru.<\/p>\n<p style=\"font-weight: 400;\">Pe teritoriul pensiunii ve\u021bi descoperi o cas\u0103 tradi\u021bional\u0103 perfect\u0103 pentru vizitare \u0219i fotografii autentice, un ciub\u0103r cu ap\u0103 cald\u0103 pentru relaxare, zon\u0103 de gr\u0103tar, foi\u0219or umbros \u0219i spa\u021bii amenajate at\u00e2t pentru relaxarea adul\u021bilor, c\u00e2t \u0219i pentru distrac\u021bia celor mici.<\/p>\n<p style=\"font-weight: 400;\">Situat\u0103 la doar 70 km de Chi\u0219in\u0103u, este un loc perfect pentru a v\u0103 reconecta cu natura \u0219i a v\u0103 bucura de activit\u0103\u021bi recreative &#8211; plimb\u0103ri pe malul r\u00e2ului, drume\u021bii \u00een p\u0103dure \u0219i explorare a pe\u0219terii Borta Boierului.<\/p>\n<\/div>","protected":false},"excerpt":{"rendered":"<p>Descriere general\u0103 Casa Boierului este un refugiu rural \u00eentr-un sat pitoresc de pe malul Nistrului, ce ofer\u0103 relaxare, recreere \u0219i divertisment pentru experien\u021be \u00een familie, teambuilding-uri, escapade romantice. La Casa Boierului vei descoperi farmecul unei gospod\u0103rii moldovene\u0219ti moderne \u00eentr-un cadru natural spectaculos cu priveli\u0219te spre r\u00e2ul Nistru. Pe teritoriul pensiunii ve\u021bi descoperi o cas\u0103 tradi\u021bional\u0103 [&hellip;]<\/p>","protected":false},"featured_media":10650,"comment_status":"closed","ping_status":"closed","template":"","meta":[],"product_brand":[],"product_cat":[69,298],"product_tag":[],"class_list":{"0":"post-10626","1":"product","2":"type-product","3":"status-publish","4":"has-post-thumbnail","6":"brw_housing-case-traditionale","7":"brw_mood-activ","8":"brw_mood-aventuros","9":"brw_mood-melancolic","10":"brw_mood-nostalgic","11":"brw_mood-obosit","12":"brw_mood-singuratic","13":"product_cat-case-traditionale","14":"product_cat-cazari","16":"first","17":"instock","18":"featured","19":"shipping-taxable","20":"purchasable","21":"product-type-ovabrw_car_rental"},"aioseo_notices":[],"_links":{"self":[{"href":"https:\/\/hodina.md\/en\/wp-json\/wp\/v2\/product\/10626","targetHints":{"allow":["GET"]}}],"collection":[{"href":"https:\/\/hodina.md\/en\/wp-json\/wp\/v2\/product"}],"about":[{"href":"https:\/\/hodina.md\/en\/wp-json\/wp\/v2\/types\/product"}],"replies":[{"embeddable":true,"href":"https:\/\/hodina.md\/en\/wp-json\/wp\/v2\/comments?post=10626"}],"wp:featuredmedia":[{"embeddable":true,"href":"https:\/\/hodina.md\/en\/wp-json\/wp\/v2\/media\/10650"}],"wp:attachment":[{"href":"https:\/\/hodina.md\/en\/wp-json\/wp\/v2\/media?parent=10626"}],"wp:term":[{"taxonomy":"product_brand","embeddable":true,"href":"https:\/\/hodina.md\/en\/wp-json\/wp\/v2\/product_brand?post=10626"},{"taxonomy":"product_cat","embeddable":true,"href":"https:\/\/hodina.md\/en\/wp-json\/wp\/v2\/product_cat?post=10626"},{"taxonomy":"product_tag","embeddable":true,"href":"https:\/\/hodina.md\/en\/wp-json\/wp\/v2\/product_tag?post=10626"}],"curies":[{"name":"wp","href":"https:\/\/api.w.org\/{rel}","templated":true}]}}