{"id":10635,"date":"2025-04-29T01:06:06","date_gmt":"2025-04-28T22:06:06","guid":{"rendered":"https:\/\/hodina.md\/?post_type=product&#038;p=10635"},"modified":"2025-08-23T12:03:03","modified_gmt":"2025-08-23T09:03:03","slug":"complexul-rural-traditional-casa-zeita","status":"publish","type":"product","link":"https:\/\/hodina.md\/en\/product\/complexul-rural-traditional-casa-zeita\/","title":{"rendered":"Casa Zei\u021ba"},"content":{"rendered":"<h2><span style=\"vertical-align: inherit;\"><span style=\"vertical-align: inherit;\"><span style=\"vertical-align: inherit;\"><span style=\"vertical-align: inherit;\">General description<\/span><\/span><\/span><\/span><\/h2>\n<div>\n<p style=\"font-weight: 400;\">Complexul Casa Zei\u021ba este o loca\u021bie plin\u0103 de ospitalitate, confort, lini\u0219te \u0219i un refugiu \u00eempotriva toxicit\u0103\u021bii urbane. Complexul este alc\u0103tuit din 2 case, Casa P\u0103rinteasc\u0103 si Casa Nurorii, unde atmosfera rural\u0103 tradi\u021bional\u0103 se \u00eentalneste cu facilit\u0103\u021bile moderne. Casa Zei\u021ba ofer\u0103, de asemenea, o saun\u0103, o teras\u0103 cu gr\u0103tar \u00een aer liber, o zon\u0103 acoperit\u0103 de luat masa \u00een aer liber, o buc\u0103t\u0103rie de var\u0103, un lac pentru pescuit \u0219i un leag\u0103n. Casa Zei\u021ba poate g\u0103zdui p\u00e2n\u0103 la 8 persoane.<\/p>\n<p style=\"font-weight: 400;\">Satul Carbuna este situat la 45 de minute de Chi\u0219in\u0103u \u00eentr-o zon\u0103 rural\u0103 care a p\u0103strat tradi\u021bia, unicitatea cultural\u0103 \u0219i peisajul pastoral moldovenesc neatins. Casa Zei\u021ba este situat\u0103 \u00een zona eco-turistic\u0103 \u2013 Voievodatul Carbunei. Ve\u021bi avea ocazia s\u0103 vizita\u021bi istoricul Castel Sf. Ilie \u0219i crama subteran\u0103 Pestera Balaurului, s\u0103 face\u021bi drume\u021bii prin \u00eemprejurimile pitore\u0219ti \u0219i s\u0103 v\u0103 bucura\u021bi de buc\u0103t\u0103ria local\u0103 excelent\u0103, \u021buic\u0103 \u0219i vin.<\/p>\n<\/div>","protected":false},"excerpt":{"rendered":"<p>Descriere general\u0103 Complexul Casa Zei\u021ba este o loca\u021bie plin\u0103 de ospitalitate, confort, lini\u0219te \u0219i un refugiu \u00eempotriva toxicit\u0103\u021bii urbane. Complexul este alc\u0103tuit din 2 case, Casa P\u0103rinteasc\u0103 si Casa Nurorii, unde atmosfera rural\u0103 tradi\u021bional\u0103 se \u00eentalneste cu facilit\u0103\u021bile moderne. Casa Zei\u021ba ofer\u0103, de asemenea, o saun\u0103, o teras\u0103 cu gr\u0103tar \u00een aer liber, o zon\u0103 [&hellip;]<\/p>","protected":false},"featured_media":10669,"comment_status":"closed","ping_status":"closed","template":"","meta":[],"product_brand":[],"product_cat":[69,298],"product_tag":[],"class_list":{"0":"post-10635","1":"product","2":"type-product","3":"status-publish","4":"has-post-thumbnail","6":"brw_location-ialoveni","7":"product_cat-case-traditionale","8":"product_cat-cazari","10":"first","11":"instock","12":"featured","13":"shipping-taxable","14":"purchasable","15":"product-type-ovabrw_car_rental"},"aioseo_notices":[],"_links":{"self":[{"href":"https:\/\/hodina.md\/en\/wp-json\/wp\/v2\/product\/10635","targetHints":{"allow":["GET"]}}],"collection":[{"href":"https:\/\/hodina.md\/en\/wp-json\/wp\/v2\/product"}],"about":[{"href":"https:\/\/hodina.md\/en\/wp-json\/wp\/v2\/types\/product"}],"replies":[{"embeddable":true,"href":"https:\/\/hodina.md\/en\/wp-json\/wp\/v2\/comments?post=10635"}],"wp:featuredmedia":[{"embeddable":true,"href":"https:\/\/hodina.md\/en\/wp-json\/wp\/v2\/media\/10669"}],"wp:attachment":[{"href":"https:\/\/hodina.md\/en\/wp-json\/wp\/v2\/media?parent=10635"}],"wp:term":[{"taxonomy":"product_brand","embeddable":true,"href":"https:\/\/hodina.md\/en\/wp-json\/wp\/v2\/product_brand?post=10635"},{"taxonomy":"product_cat","embeddable":true,"href":"https:\/\/hodina.md\/en\/wp-json\/wp\/v2\/product_cat?post=10635"},{"taxonomy":"product_tag","embeddable":true,"href":"https:\/\/hodina.md\/en\/wp-json\/wp\/v2\/product_tag?post=10635"}],"curies":[{"name":"wp","href":"https:\/\/api.w.org\/{rel}","templated":true}]}}