{"id":10636,"date":"2025-04-29T01:09:53","date_gmt":"2025-04-28T22:09:53","guid":{"rendered":"https:\/\/hodina.md\/?post_type=product&#038;p=10636"},"modified":"2025-08-23T12:02:39","modified_gmt":"2025-08-23T09:02:39","slug":"casa-tranquila","status":"publish","type":"product","link":"https:\/\/hodina.md\/en\/product\/casa-tranquila\/","title":{"rendered":"Casa Tranquila"},"content":{"rendered":"<h2><span style=\"vertical-align: inherit;\"><span style=\"vertical-align: inherit;\"><span style=\"vertical-align: inherit;\"><span style=\"vertical-align: inherit;\">General description<\/span><\/span><\/span><\/span><\/h2>\n<div>\n<p style=\"font-weight: 400;\">Casa Tranquila dup\u0103 cum ne spune \u0219i denumirea acesteia este o oaz\u0103 de lini\u0219te situat\u0103 l\u00e2ng\u0103 satul Ohrincea, \u00een proximitatea r\u00e2ului R\u0103ut. Amplasat\u0103 \u00eentr-o zon\u0103 de o frumuse\u021be natural\u0103, casa ofer\u0103 o atmosfer\u0103 relaxant\u0103 \u0219i reconfortant\u0103, ideal\u0103 pentru cei care \u00ee\u0219i doresc s\u0103 evadeze din agita\u021bia urban\u0103 \u0219i s\u0103 redescopere simplitatea vie\u021bii \u00een conexiune cu natura.<\/p>\n<p style=\"font-weight: 400;\">Cu o priveli\u0219te fermec\u0103toare asupra R\u0103utului \u0219i a \u00eemprejurimilor, Casa Tranquila este locul perfect pentru momente de introspec\u021bie, plimb\u0103ri lungi \u00een natur\u0103 sau pur \u0219i simplu pentru a savura lini\u0219tea autentic\u0103. Fie c\u0103 \u00ee\u021bi dore\u0219ti o escapad\u0103 romantic\u0103, un weekend de medita\u021bie sau timp de calitate al\u0103turi de familie, aceast\u0103 cas\u0103 \u00ee\u021bi ofer\u0103 cadrul ideal pentru relaxare \u0219i reconectare.<\/p>\n<\/div>","protected":false},"excerpt":{"rendered":"<p>Descriere general\u0103 Casa Tranquila dup\u0103 cum ne spune \u0219i denumirea acesteia este o oaz\u0103 de lini\u0219te situat\u0103 l\u00e2ng\u0103 satul Ohrincea, \u00een proximitatea r\u00e2ului R\u0103ut. Amplasat\u0103 \u00eentr-o zon\u0103 de o frumuse\u021be natural\u0103, casa ofer\u0103 o atmosfer\u0103 relaxant\u0103 \u0219i reconfortant\u0103, ideal\u0103 pentru cei care \u00ee\u0219i doresc s\u0103 evadeze din agita\u021bia urban\u0103 \u0219i s\u0103 redescopere simplitatea vie\u021bii \u00een [&hellip;]<\/p>","protected":false},"featured_media":10680,"comment_status":"closed","ping_status":"closed","template":"","meta":[],"product_brand":[],"product_cat":[69,298],"product_tag":[],"class_list":{"0":"post-10636","1":"product","2":"type-product","3":"status-publish","4":"has-post-thumbnail","6":"brw_location-criuleni","7":"product_cat-case-traditionale","8":"product_cat-cazari","10":"first","11":"instock","12":"featured","13":"shipping-taxable","14":"purchasable","15":"product-type-ovabrw_car_rental"},"aioseo_notices":[],"_links":{"self":[{"href":"https:\/\/hodina.md\/en\/wp-json\/wp\/v2\/product\/10636","targetHints":{"allow":["GET"]}}],"collection":[{"href":"https:\/\/hodina.md\/en\/wp-json\/wp\/v2\/product"}],"about":[{"href":"https:\/\/hodina.md\/en\/wp-json\/wp\/v2\/types\/product"}],"replies":[{"embeddable":true,"href":"https:\/\/hodina.md\/en\/wp-json\/wp\/v2\/comments?post=10636"}],"wp:featuredmedia":[{"embeddable":true,"href":"https:\/\/hodina.md\/en\/wp-json\/wp\/v2\/media\/10680"}],"wp:attachment":[{"href":"https:\/\/hodina.md\/en\/wp-json\/wp\/v2\/media?parent=10636"}],"wp:term":[{"taxonomy":"product_brand","embeddable":true,"href":"https:\/\/hodina.md\/en\/wp-json\/wp\/v2\/product_brand?post=10636"},{"taxonomy":"product_cat","embeddable":true,"href":"https:\/\/hodina.md\/en\/wp-json\/wp\/v2\/product_cat?post=10636"},{"taxonomy":"product_tag","embeddable":true,"href":"https:\/\/hodina.md\/en\/wp-json\/wp\/v2\/product_tag?post=10636"}],"curies":[{"name":"wp","href":"https:\/\/api.w.org\/{rel}","templated":true}]}}