{"id":10796,"date":"2025-08-23T14:41:11","date_gmt":"2025-08-23T11:41:11","guid":{"rendered":"https:\/\/hodina.md\/?post_type=product&#038;p=10796"},"modified":"2025-08-23T15:26:07","modified_gmt":"2025-08-23T12:26:07","slug":"sup-pe-nistru-si-cazare-1-noapte","status":"publish","type":"product","link":"https:\/\/hodina.md\/en\/product\/sup-pe-nistru-si-cazare-1-noapte\/","title":{"rendered":"SUP pe Nistru \u0219i cazare 1 noapte"},"content":{"rendered":"<h2>General description<\/h2>\n<p>Experien\u021ba are loc la Molovata Nou\u0103, Dub\u0103sari \u0219i include o ie\u0219ire pe ap\u0103 cu SUP (~3 ore), urmat\u0103 de cazare 24h l\u00e2ng\u0103 Nistru. La sosire faci check-in \u0219i o scurt\u0103 ini\u021biere: ghidul te familiarizeaz\u0103 cu echipamentul (plac\u0103, v\u00e2sl\u0103, vest\u0103 de salvare) \u0219i cu regulile de siguran\u021b\u0103. Apoi ie\u0219i pe ap\u0103 pe cont propriu, f\u0103r\u0103 traseu prestabilit, a\u0219a \u00eenc\u00e2t s\u0103 po\u021bi savura din lini\u0219tea \u0219i libertatea r\u00e2ului Nistrului al\u0103turi de persoana drag\u0103. Iar dup\u0103 tur\u0103, continui s\u0103 savurezi odihna \u00eentr-o camer\u0103 dubl\u0103, aproape de ap\u0103, unde po\u021bi \u00eent\u00e2lni apusul.<\/p>\n<p><strong>Important note:<\/strong> ia cu tine costumul de baie\/haine care se pot uda, prosop, ap\u0103 (0,5\u20131 l), crem\u0103 SPF, chipiu\/ochelari. Din motive de siguran\u021b\u0103, poart\u0103 vesta pe toat\u0103 durata activit\u0103\u021bii \u0219i respect\u0103 indica\u021biile din briefing; \u00een caz de v\u00e2nt puternic sau vreme nefavorabil\u0103, reprogram\u0103m de comun acord.<\/p>","protected":false},"excerpt":{"rendered":"<p>Descriere general\u0103 Experien\u021ba are loc la Molovata Nou\u0103, Dub\u0103sari \u0219i include o ie\u0219ire pe ap\u0103 cu SUP (~3 ore), urmat\u0103 de cazare 24h l\u00e2ng\u0103 Nistru. La sosire faci check-in \u0219i o scurt\u0103 ini\u021biere: ghidul te familiarizeaz\u0103 cu echipamentul (plac\u0103, v\u00e2sl\u0103, vest\u0103 de salvare) \u0219i cu regulile de siguran\u021b\u0103. Apoi ie\u0219i pe ap\u0103 pe cont propriu, [&hellip;]<\/p>","protected":false},"featured_media":0,"comment_status":"closed","ping_status":"closed","template":"","meta":[],"product_brand":[],"product_cat":[297,58],"product_tag":[],"class_list":{"0":"post-10796","1":"product","2":"type-product","3":"status-publish","5":"product_cat-activitati","6":"product_cat-pe-apa","7":"pa_number-106","9":"first","10":"instock","11":"featured","12":"shipping-taxable","13":"purchasable","14":"product-type-ovabrw_car_rental"},"aioseo_notices":[],"_links":{"self":[{"href":"https:\/\/hodina.md\/en\/wp-json\/wp\/v2\/product\/10796","targetHints":{"allow":["GET"]}}],"collection":[{"href":"https:\/\/hodina.md\/en\/wp-json\/wp\/v2\/product"}],"about":[{"href":"https:\/\/hodina.md\/en\/wp-json\/wp\/v2\/types\/product"}],"replies":[{"embeddable":true,"href":"https:\/\/hodina.md\/en\/wp-json\/wp\/v2\/comments?post=10796"}],"wp:attachment":[{"href":"https:\/\/hodina.md\/en\/wp-json\/wp\/v2\/media?parent=10796"}],"wp:term":[{"taxonomy":"product_brand","embeddable":true,"href":"https:\/\/hodina.md\/en\/wp-json\/wp\/v2\/product_brand?post=10796"},{"taxonomy":"product_cat","embeddable":true,"href":"https:\/\/hodina.md\/en\/wp-json\/wp\/v2\/product_cat?post=10796"},{"taxonomy":"product_tag","embeddable":true,"href":"https:\/\/hodina.md\/en\/wp-json\/wp\/v2\/product_tag?post=10796"}],"curies":[{"name":"wp","href":"https:\/\/api.w.org\/{rel}","templated":true}]}}