{"id":10809,"date":"2025-09-14T12:10:52","date_gmt":"2025-09-14T09:10:52","guid":{"rendered":"https:\/\/hodina.md\/?post_type=product&#038;p=10809"},"modified":"2025-09-14T12:27:40","modified_gmt":"2025-09-14T09:27:40","slug":"kayaking-pe-nistru","status":"publish","type":"product","link":"https:\/\/hodina.md\/en\/product\/kayaking-pe-nistru\/","title":{"rendered":"Kayaking pe Nistru"},"content":{"rendered":"<h2>General description<\/h2>\n<p class=\"p1\">Experien\u021ba are loc la Lalova \u0219i \u00ee\u021bi ofer\u0103 posibilitatea de a \u00eenchiria caiace de 2 locuri pentru o plimbare relaxant\u0103 pe Nistru. La doar 4 km se afl\u0103 M\u0103n\u0103stirea rupestr\u0103 \u021aipova, ce poate fi admirat\u0103 direct de pe ap\u0103, iar \u00een direc\u021bia opus\u0103, la aceea\u0219i distan\u021b\u0103, se g\u0103se\u0219te satul Stodolna \u0219i o min\u0103 de piatr\u0103 abandonat\u0103, toate \u00eenconjurate de mult\u0103 natur\u0103 \u0219i lini\u0219te.<\/p>\n<p class=\"p1\">La \u00eenceput prime\u0219ti un <span class=\"s1\">instructaj de baz\u0103 pentru utilizarea caiacului<\/span>, iar apoi porne\u0219ti pe cont propriu, f\u0103r\u0103 traseu fix. \u00ce\u021bi punem la dispozi\u021bie recomand\u0103ri de opriri unde po\u021bi admira peisajele \u0219i lini\u0219tea zonei. Partea frumoas\u0103 este c\u0103 te po\u021bi bucura de experien\u021b\u0103 \u00een ritmul t\u0103u, f\u0103r\u0103 un grup mare, \u00eentr-o atmosfer\u0103 de libertate \u0219i relaxare.<\/p>\n<p class=\"p1\"><span class=\"s1\"><b>Important note:<\/b><\/span> ia cu tine haine \u0219i \u00eenc\u0103l\u021b\u0103minte care se pot uda, prosop, ap\u0103 (0,5\u20131 l), crem\u0103 cu protec\u021bie solar\u0103, chipiu\/ochelari de soare. Din motive de siguran\u021b\u0103, poart\u0103 vesta de salvare pe toat\u0103 durata ie\u0219irii pe ap\u0103 \u0219i urmeaz\u0103 recomand\u0103rile primite la instructaj. \u00cen caz de v\u00e2nt puternic sau vreme nefavorabil\u0103, activitatea va fi reprogramat\u0103 de comun acord.<\/p>","protected":false},"excerpt":{"rendered":"<p>Descriere general\u0103 Experien\u021ba are loc la Lalova \u0219i \u00ee\u021bi ofer\u0103 posibilitatea de a \u00eenchiria caiace de 2 locuri pentru o plimbare relaxant\u0103 pe Nistru. La doar 4 km se afl\u0103 M\u0103n\u0103stirea rupestr\u0103 \u021aipova, ce poate fi admirat\u0103 direct de pe ap\u0103, iar \u00een direc\u021bia opus\u0103, la aceea\u0219i distan\u021b\u0103, se g\u0103se\u0219te satul Stodolna \u0219i o min\u0103 [&hellip;]<\/p>","protected":false},"featured_media":0,"comment_status":"closed","ping_status":"closed","template":"","meta":[],"product_brand":[],"product_cat":[297,57,66,58],"product_tag":[],"class_list":{"0":"post-10809","1":"product","2":"type-product","3":"status-publish","5":"brw_destinatii-in-natura","6":"brw_destinatii-kayak","7":"brw_destinatii-pe-apa","8":"brw_location-rezina","9":"product_cat-activitati","10":"product_cat-in-natura","11":"product_cat-kayak","12":"product_cat-pe-apa","13":"pa_number-106","15":"first","16":"instock","17":"featured","18":"shipping-taxable","19":"purchasable","20":"product-type-ovabrw_car_rental"},"aioseo_notices":[],"_links":{"self":[{"href":"https:\/\/hodina.md\/en\/wp-json\/wp\/v2\/product\/10809","targetHints":{"allow":["GET"]}}],"collection":[{"href":"https:\/\/hodina.md\/en\/wp-json\/wp\/v2\/product"}],"about":[{"href":"https:\/\/hodina.md\/en\/wp-json\/wp\/v2\/types\/product"}],"replies":[{"embeddable":true,"href":"https:\/\/hodina.md\/en\/wp-json\/wp\/v2\/comments?post=10809"}],"wp:attachment":[{"href":"https:\/\/hodina.md\/en\/wp-json\/wp\/v2\/media?parent=10809"}],"wp:term":[{"taxonomy":"product_brand","embeddable":true,"href":"https:\/\/hodina.md\/en\/wp-json\/wp\/v2\/product_brand?post=10809"},{"taxonomy":"product_cat","embeddable":true,"href":"https:\/\/hodina.md\/en\/wp-json\/wp\/v2\/product_cat?post=10809"},{"taxonomy":"product_tag","embeddable":true,"href":"https:\/\/hodina.md\/en\/wp-json\/wp\/v2\/product_tag?post=10809"}],"curies":[{"name":"wp","href":"https:\/\/api.w.org\/{rel}","templated":true}]}}