{"id":6066,"date":"2023-04-13T04:22:17","date_gmt":"2023-04-13T04:22:17","guid":{"rendered":"https:\/\/demo.ovatheme.com\/tripgo\/?post_type=product&#038;p=6066"},"modified":"2025-08-23T12:14:57","modified_gmt":"2025-08-23T09:14:57","slug":"kayaking-tur-pe-raul-nistru-timp-de-7-ore","status":"publish","type":"product","link":"https:\/\/hodina.md\/en\/product\/kayaking-tur-pe-raul-nistru-timp-de-7-ore\/","title":{"rendered":"Kayaking Tour on the Dniester River for 7 hours"},"content":{"rendered":"<h2>General description<\/h2>\n<p>Daily kayak tours from Vadul lui Vod\u0103, camping area. Exclusive kayak trips in the north and south of Moldova on the Dniester River.<\/p>\n<h4>Tour details:<\/h4>\n<ul>\n<li><strong>Kayaking distance<\/strong>: 22.8 km<\/li>\n<li><strong>Difficulty level<\/strong>: medium<\/li>\n<li><strong>Note:<\/strong> In the case of south-westerly winds, this route becomes challenging and the difficulty increases from medium to high. This type of wind blows quite rarely.<\/li>\n<li><strong>Duration:<\/strong> 7 hours<\/li>\n<li><strong>Start time: <\/strong>09:00 \u2013 12:00 (we consult with participants).<\/li>\n<li><strong>Direction of movement<\/strong>: down the Dniester<\/li>\n<\/ul>\n<h4><strong>What does the price include?<\/strong><\/h4>\n<ul>\n<li>the kayak;<\/li>\n<li>life jacket;<\/li>\n<li>instructions on water safety and kayaking rules;<\/li>\n<li>transporting the group and the kayaks from the Kayakingtours Base from Vadul lui Vod\u0103 to Criuleni.<\/li>\n<\/ul>","protected":false},"excerpt":{"rendered":"<p>Descriere general\u0103 Ture zilnice de kayak din Vadul lui Vod\u0103, zona de camping. Excursii exclusive de kayak \u00een nordul \u0219i sudul Moldovei pe r\u00e2ul Nistru. Detalii turului: Distan\u021ba de kayaking: 22,8 km Nivel de dificultate: mediu Not\u0103: \u00een cazul v\u00eenturilor din sud-vest, aceast\u0103 rut\u0103 devine provocatoare \u0219i dificultatea cre\u0219te de la mediu la mare. Acest [&hellip;]<\/p>","protected":false},"featured_media":7539,"comment_status":"closed","ping_status":"closed","template":"","meta":[],"product_brand":[],"product_cat":[297,66],"product_tag":[],"class_list":{"0":"post-6066","1":"product","2":"type-product","3":"status-publish","4":"has-post-thumbnail","6":"brw_destinatii-kayak","7":"brw_mood-activ","8":"brw_mood-aventuros","9":"brw_mood-sociabil","10":"brw_location-vadul-lui-voda","11":"product_cat-activitati","12":"product_cat-kayak","13":"pa_number-106","15":"first","16":"instock","17":"featured","18":"shipping-taxable","19":"purchasable","20":"product-type-ovabrw_car_rental"},"aioseo_notices":[],"_links":{"self":[{"href":"https:\/\/hodina.md\/en\/wp-json\/wp\/v2\/product\/6066","targetHints":{"allow":["GET"]}}],"collection":[{"href":"https:\/\/hodina.md\/en\/wp-json\/wp\/v2\/product"}],"about":[{"href":"https:\/\/hodina.md\/en\/wp-json\/wp\/v2\/types\/product"}],"replies":[{"embeddable":true,"href":"https:\/\/hodina.md\/en\/wp-json\/wp\/v2\/comments?post=6066"}],"wp:featuredmedia":[{"embeddable":true,"href":"https:\/\/hodina.md\/en\/wp-json\/wp\/v2\/media\/7539"}],"wp:attachment":[{"href":"https:\/\/hodina.md\/en\/wp-json\/wp\/v2\/media?parent=6066"}],"wp:term":[{"taxonomy":"product_brand","embeddable":true,"href":"https:\/\/hodina.md\/en\/wp-json\/wp\/v2\/product_brand?post=6066"},{"taxonomy":"product_cat","embeddable":true,"href":"https:\/\/hodina.md\/en\/wp-json\/wp\/v2\/product_cat?post=6066"},{"taxonomy":"product_tag","embeddable":true,"href":"https:\/\/hodina.md\/en\/wp-json\/wp\/v2\/product_tag?post=6066"}],"curies":[{"name":"wp","href":"https:\/\/api.w.org\/{rel}","templated":true}]}}