{"id":7628,"date":"2024-06-06T09:29:47","date_gmt":"2024-06-06T09:29:47","guid":{"rendered":"http:\/\/hodina.md\/?post_type=product&#038;p=7628"},"modified":"2025-02-12T20:33:09","modified_gmt":"2025-02-12T18:33:09","slug":"zavoiul-nistrului","status":"publish","type":"product","link":"https:\/\/hodina.md\/en\/product\/zavoiul-nistrului\/","title":{"rendered":"Zavoiul Dniester"},"content":{"rendered":"<h2>General description<\/h2>\n<p>Located 135 kilometers from Chisinau, in the city of Soroca, the village of Egoreni, the Z\u0103voiul Nistrului guesthouse will exceed all expectations and offer you a memorable stay.<\/p>\n<p>On the territory of &quot;Z\u0103voiul Nistrului&quot; you can find cottages, which are positioned in two lines, a swimming pool, which only works during the summer, a playground for children, a sauna, the main restaurant and a parking lot.<\/p>\n<p>It should be noted that, if you stay in the cabins in the first line that overlook the Dniester, you also have a special place for preparing the skewer.<\/p>","protected":false},"excerpt":{"rendered":"<p>Descriere general\u0103 Amplasat\u0103 la 135 de kilometri de Chi\u0219in\u0103u, \u00een ora\u0219ul Soroca, satul Egoreni, pensiunea Z\u0103voiul Nistrului va dep\u0103\u0219i toate a\u0219tept\u0103rile \u0219i \u00ee\u021bi va oferi un sejur memorabil. Pe teritoriul la \u201eZ\u0103voiul Nistrului\u201d g\u0103se\u0219ti c\u0103su\u021be, care sunt pozi\u021bionate \u00een dou\u0103 linii, piscin\u0103, care func\u021bioneaz\u0103 doar pe timp de var\u0103, teren de joac\u0103 pentru copii, saun\u0103, [&hellip;]<\/p>","protected":false},"featured_media":8890,"comment_status":"closed","ping_status":"closed","template":"","meta":[],"product_brand":[],"product_cat":[298,72],"product_tag":[],"class_list":{"0":"post-7628","1":"product","2":"type-product","3":"status-publish","4":"has-post-thumbnail","6":"brw_housing-pensiuni","7":"product_cat-cazari","8":"product_cat-pensiuni","10":"first","11":"instock","12":"featured","13":"shipping-taxable","14":"purchasable","15":"product-type-ovabrw_car_rental"},"aioseo_notices":[],"_links":{"self":[{"href":"https:\/\/hodina.md\/en\/wp-json\/wp\/v2\/product\/7628","targetHints":{"allow":["GET"]}}],"collection":[{"href":"https:\/\/hodina.md\/en\/wp-json\/wp\/v2\/product"}],"about":[{"href":"https:\/\/hodina.md\/en\/wp-json\/wp\/v2\/types\/product"}],"replies":[{"embeddable":true,"href":"https:\/\/hodina.md\/en\/wp-json\/wp\/v2\/comments?post=7628"}],"wp:featuredmedia":[{"embeddable":true,"href":"https:\/\/hodina.md\/en\/wp-json\/wp\/v2\/media\/8890"}],"wp:attachment":[{"href":"https:\/\/hodina.md\/en\/wp-json\/wp\/v2\/media?parent=7628"}],"wp:term":[{"taxonomy":"product_brand","embeddable":true,"href":"https:\/\/hodina.md\/en\/wp-json\/wp\/v2\/product_brand?post=7628"},{"taxonomy":"product_cat","embeddable":true,"href":"https:\/\/hodina.md\/en\/wp-json\/wp\/v2\/product_cat?post=7628"},{"taxonomy":"product_tag","embeddable":true,"href":"https:\/\/hodina.md\/en\/wp-json\/wp\/v2\/product_tag?post=7628"}],"curies":[{"name":"wp","href":"https:\/\/api.w.org\/{rel}","templated":true}]}}