{"id":7950,"date":"2024-06-26T11:51:59","date_gmt":"2024-06-26T11:51:59","guid":{"rendered":"http:\/\/hodina.md\/?post_type=product&#038;p=7950"},"modified":"2025-02-12T20:33:09","modified_gmt":"2025-02-12T18:33:09","slug":"alegria-village","status":"publish","type":"product","link":"https:\/\/hodina.md\/en\/product\/alegria-village\/","title":{"rendered":"Alegria Village"},"content":{"rendered":"<h2><span style=\"vertical-align: inherit;\"><span style=\"vertical-align: inherit;\"><span style=\"vertical-align: inherit;\"><span style=\"vertical-align: inherit;\">General description<\/span><\/span><\/span><\/span><\/h2>\n<p><span style=\"vertical-align: inherit;\"><span style=\"vertical-align: inherit;\">Alegria Village in Orhei - oasis of peace with a view of the lake, outdoor fireplace and fishing activities - ideal for a relaxing getaway!<\/span><\/span><\/p>\n<p><span style=\"vertical-align: inherit;\"><span style=\"vertical-align: inherit;\">The guesthouse is located just 50 km from Chisinau.<\/span><\/span><\/p>\n<p><span style=\"vertical-align: inherit;\"><span style=\"vertical-align: inherit;\">The three cabins on the territory\u00a0 <\/span><\/span><em><span style=\"vertical-align: inherit;\"><span style=\"vertical-align: inherit;\">Alegria Village<\/span><\/span><\/em><span style=\"vertical-align: inherit;\"><span style=\"vertical-align: inherit;\"> , each with a capacity of six people, are located on the shore of a picturesque lake. Modern and with superb views, they are just right for those who seek peace and the beauty of nature.<\/span><\/span><\/p>","protected":false},"excerpt":{"rendered":"<p>Descriere general\u0103 Alegria Village din Orhei- oaz\u0103 de lini\u0219te cu vedere la lac, \u0219emineu \u00een aer liber \u0219i activit\u0103\u021bi de pescuit &#8211; ideal pentru o escapad\u0103 relaxant\u0103! Pensiunea este situat\u0103 la doar 50 km de Chi\u0219in\u0103u. Cele trei cabane de pe teritoriul\u00a0 Alegria Village , fiecare cu capacitatea de \u0219ase persoane, sunt situate pe malul [&hellip;]<\/p>","protected":false},"featured_media":8879,"comment_status":"closed","ping_status":"closed","template":"","meta":[],"product_brand":[],"product_cat":[68,298],"product_tag":[],"class_list":{"0":"post-7950","1":"product","2":"type-product","3":"status-publish","4":"has-post-thumbnail","6":"brw_housing-cabane","7":"brw_mood-fericit","8":"brw_mood-obosit","9":"product_cat-cabane","10":"product_cat-cazari","12":"first","13":"instock","14":"featured","15":"shipping-taxable","16":"purchasable","17":"product-type-ovabrw_car_rental"},"aioseo_notices":[],"_links":{"self":[{"href":"https:\/\/hodina.md\/en\/wp-json\/wp\/v2\/product\/7950","targetHints":{"allow":["GET"]}}],"collection":[{"href":"https:\/\/hodina.md\/en\/wp-json\/wp\/v2\/product"}],"about":[{"href":"https:\/\/hodina.md\/en\/wp-json\/wp\/v2\/types\/product"}],"replies":[{"embeddable":true,"href":"https:\/\/hodina.md\/en\/wp-json\/wp\/v2\/comments?post=7950"}],"wp:featuredmedia":[{"embeddable":true,"href":"https:\/\/hodina.md\/en\/wp-json\/wp\/v2\/media\/8879"}],"wp:attachment":[{"href":"https:\/\/hodina.md\/en\/wp-json\/wp\/v2\/media?parent=7950"}],"wp:term":[{"taxonomy":"product_brand","embeddable":true,"href":"https:\/\/hodina.md\/en\/wp-json\/wp\/v2\/product_brand?post=7950"},{"taxonomy":"product_cat","embeddable":true,"href":"https:\/\/hodina.md\/en\/wp-json\/wp\/v2\/product_cat?post=7950"},{"taxonomy":"product_tag","embeddable":true,"href":"https:\/\/hodina.md\/en\/wp-json\/wp\/v2\/product_tag?post=7950"}],"curies":[{"name":"wp","href":"https:\/\/api.w.org\/{rel}","templated":true}]}}