{"id":7993,"date":"2024-07-11T06:02:14","date_gmt":"2024-07-11T06:02:14","guid":{"rendered":"http:\/\/hodina.md\/?post_type=product&#038;p=7993"},"modified":"2025-02-12T20:33:09","modified_gmt":"2025-02-12T18:33:09","slug":"hai-la-nea-ion","status":"publish","type":"product","link":"https:\/\/hodina.md\/en\/product\/hai-la-nea-ion\/","title":{"rendered":"Come to Nea Ion"},"content":{"rendered":"<h2><span style=\"vertical-align: inherit;\"><span style=\"vertical-align: inherit;\"><span style=\"vertical-align: inherit;\"><span style=\"vertical-align: inherit;\">General description<\/span><\/span><\/span><\/span><\/h2>\n<p>The tourist guesthouse &quot;Hai la Nea Ion&quot; is a real story at the edge of the forest, about flowers and bees, about the taste of dishes prepared by grandmother and about good Moldovan wine.<\/p>\n<p>It offers visitors six cottages.<\/p>","protected":false},"excerpt":{"rendered":"<p>Descriere general\u0103 Pensiunea turistic\u0103 \u201eHai la Nea Ion\u201d este o adev\u0103rat\u0103 poveste la margine de p\u0103dure, despre flori \u0219i albine, despre gustul bucatelor preg\u0103tite de bunica \u0219i despre vinul bun moldovenesc. Aceasta propune vizitatorilor \u0219ase c\u0103su\u021be.<\/p>","protected":false},"featured_media":8946,"comment_status":"closed","ping_status":"closed","template":"","meta":[],"product_brand":[],"product_cat":[107,298,73],"product_tag":[],"class_list":{"0":"post-7993","1":"product","2":"type-product","3":"status-publish","4":"has-post-thumbnail","6":"brw_housing-casute","7":"brw_housing-vile","8":"brw_mood-creativ","9":"brw_mood-curios","10":"brw_mood-fericit","11":"product_cat-casute","12":"product_cat-cazari","13":"product_cat-vile","15":"first","16":"instock","17":"featured","18":"shipping-taxable","19":"purchasable","20":"product-type-ovabrw_car_rental"},"aioseo_notices":[],"_links":{"self":[{"href":"https:\/\/hodina.md\/en\/wp-json\/wp\/v2\/product\/7993","targetHints":{"allow":["GET"]}}],"collection":[{"href":"https:\/\/hodina.md\/en\/wp-json\/wp\/v2\/product"}],"about":[{"href":"https:\/\/hodina.md\/en\/wp-json\/wp\/v2\/types\/product"}],"replies":[{"embeddable":true,"href":"https:\/\/hodina.md\/en\/wp-json\/wp\/v2\/comments?post=7993"}],"wp:featuredmedia":[{"embeddable":true,"href":"https:\/\/hodina.md\/en\/wp-json\/wp\/v2\/media\/8946"}],"wp:attachment":[{"href":"https:\/\/hodina.md\/en\/wp-json\/wp\/v2\/media?parent=7993"}],"wp:term":[{"taxonomy":"product_brand","embeddable":true,"href":"https:\/\/hodina.md\/en\/wp-json\/wp\/v2\/product_brand?post=7993"},{"taxonomy":"product_cat","embeddable":true,"href":"https:\/\/hodina.md\/en\/wp-json\/wp\/v2\/product_cat?post=7993"},{"taxonomy":"product_tag","embeddable":true,"href":"https:\/\/hodina.md\/en\/wp-json\/wp\/v2\/product_tag?post=7993"}],"curies":[{"name":"wp","href":"https:\/\/api.w.org\/{rel}","templated":true}]}}