{"id":8004,"date":"2024-07-11T06:24:53","date_gmt":"2024-07-11T06:24:53","guid":{"rendered":"http:\/\/hodina.md\/?post_type=product&#038;p=8004"},"modified":"2025-02-12T20:33:09","modified_gmt":"2025-02-12T18:33:09","slug":"equestrian-glamping","status":"publish","type":"product","link":"https:\/\/hodina.md\/en\/product\/equestrian-glamping\/","title":{"rendered":"Equestrian Glamping"},"content":{"rendered":"<h2><span style=\"vertical-align: inherit;\"><span style=\"vertical-align: inherit;\"><span style=\"vertical-align: inherit;\"><span style=\"vertical-align: inherit;\">General description<\/span><\/span><\/span><\/span><\/h2>\n<p>Rest in the heart of the forest, far from the urban noise, can now also be five stars.<\/p>\n<p>Equestrian Glamping, a place in the middle of nature, specially created for relaxation and good mood, located less than 13 km from Chisinau, Glamping is one of the modern trends in accommodation for tourists and means you spend your vacation or days off in some more than comfortable tents.<\/p>\n<p>Glamping is actually a combination of the words &quot;glamour&quot; and camping.<\/p>\n<p>This type of rest is perfect for those who want to spend the night in the middle of nature, but have the comfort of a hotel.<\/p>","protected":false},"excerpt":{"rendered":"<p>Descriere general\u0103 Odihna \u00een s\u00e2nul p\u0103durii, departe de g\u0103l\u0103gia urban\u0103, poate fi acum \u0219i ea de cinci stele. Equestrian Glamping, un loc aflat \u00een mijlocul naturii, special creat pentru relaxare \u0219i voie bun\u0103, situat\u0103 la mai pu\u021bin de 13km de Chi\u0219in\u0103u, Glamping-ul, e una dintre tendin\u021bele moderne \u00een materie de cazare pentru turi\u0219ti \u0219i \u00eenseamn\u0103 [&hellip;]<\/p>","protected":false},"featured_media":9017,"comment_status":"closed","ping_status":"closed","template":"","meta":[],"product_brand":[],"product_cat":[75,298,71],"product_tag":[],"class_list":{"0":"post-8004","1":"product","2":"type-product","3":"status-publish","4":"has-post-thumbnail","6":"brw_housing-camping","7":"brw_housing-igloo-uri","8":"brw_mood-obosit","9":"brw_mood-romantic","10":"brw_mood-singuratic","11":"brw_mood-stresat","12":"product_cat-camping","13":"product_cat-cazari","14":"product_cat-igloo","16":"first","17":"instock","18":"featured","19":"shipping-taxable","20":"purchasable","21":"product-type-ovabrw_car_rental"},"aioseo_notices":[],"_links":{"self":[{"href":"https:\/\/hodina.md\/en\/wp-json\/wp\/v2\/product\/8004","targetHints":{"allow":["GET"]}}],"collection":[{"href":"https:\/\/hodina.md\/en\/wp-json\/wp\/v2\/product"}],"about":[{"href":"https:\/\/hodina.md\/en\/wp-json\/wp\/v2\/types\/product"}],"replies":[{"embeddable":true,"href":"https:\/\/hodina.md\/en\/wp-json\/wp\/v2\/comments?post=8004"}],"wp:featuredmedia":[{"embeddable":true,"href":"https:\/\/hodina.md\/en\/wp-json\/wp\/v2\/media\/9017"}],"wp:attachment":[{"href":"https:\/\/hodina.md\/en\/wp-json\/wp\/v2\/media?parent=8004"}],"wp:term":[{"taxonomy":"product_brand","embeddable":true,"href":"https:\/\/hodina.md\/en\/wp-json\/wp\/v2\/product_brand?post=8004"},{"taxonomy":"product_cat","embeddable":true,"href":"https:\/\/hodina.md\/en\/wp-json\/wp\/v2\/product_cat?post=8004"},{"taxonomy":"product_tag","embeddable":true,"href":"https:\/\/hodina.md\/en\/wp-json\/wp\/v2\/product_tag?post=8004"}],"curies":[{"name":"wp","href":"https:\/\/api.w.org\/{rel}","templated":true}]}}