{"id":8013,"date":"2024-07-11T06:53:15","date_gmt":"2024-07-11T06:53:15","guid":{"rendered":"http:\/\/hodina.md\/?post_type=product&#038;p=8013"},"modified":"2025-02-12T20:33:09","modified_gmt":"2025-02-12T18:33:09","slug":"eco-village-valeni","status":"publish","type":"product","link":"https:\/\/hodina.md\/en\/product\/eco-village-valeni\/","title":{"rendered":"Eco Village Valeni"},"content":{"rendered":"<h2><span style=\"vertical-align: inherit;\"><span style=\"vertical-align: inherit;\"><span style=\"vertical-align: inherit;\"><span style=\"vertical-align: inherit;\">General description<\/span><\/span><\/span><\/span><\/h2>\n<p>The Eco-Village V\u0103leni guesthouse, dedicated to beauty lovers, seekers, connoisseurs and travelers, invites you to reconnect with the essence of life in the only UNESCO Biosphere Reserve of Moldova, &quot;Lunca Prutului&quot;, at the entrance to the Danube Delta.<\/p>\n<p>Catch a glimpse, even for a moment, of the craftsmanship and spectacle of unsophisticated nature, of an unsophisticated yet complex world of ancestral experience, play, and tradition.<\/p>\n<p>Escape from the urban bustle and rediscover the eternity lived in the village.<\/p>","protected":false},"excerpt":{"rendered":"<p>Descriere general\u0103 Pensiunea Eco-Village V\u0103leni, dedicat\u0103 iubitorilor de frumos, c\u0103ut\u0103torilor, cunosc\u0103torilor \u0219i c\u0103l\u0103torilor, v\u0103 invit\u0103 s\u0103 v\u0103 reconecta\u021bi cu esen\u021ba vie\u021bii \u00een singura Rezerva\u021bie a Biosferei UNESCO a Moldovei, \u201dLunca Prutului\u201d, la intrarea \u00een Delta Dun\u0103rii. \u00centrez\u0103ri\u021bi, chiar \u0219i pentru o clip\u0103, m\u0103iestria \u0219i spectacolul naturii neprih\u0103nite, a unei lumi nesofisticate, dar complexe prin tr\u0103iri, [&hellip;]<\/p>","protected":false},"featured_media":8980,"comment_status":"closed","ping_status":"closed","template":"","meta":[],"product_brand":[],"product_cat":[69,298,72],"product_tag":[],"class_list":{"0":"post-8013","1":"product","2":"type-product","3":"status-publish","4":"has-post-thumbnail","6":"brw_housing-case-traditionale","7":"brw_housing-pensiuni","8":"brw_mood-activ","9":"brw_mood-creativ","10":"brw_mood-curios","11":"brw_mood-fericit","12":"product_cat-case-traditionale","13":"product_cat-cazari","14":"product_cat-pensiuni","16":"first","17":"instock","18":"featured","19":"shipping-taxable","20":"purchasable","21":"product-type-ovabrw_car_rental"},"aioseo_notices":[],"_links":{"self":[{"href":"https:\/\/hodina.md\/en\/wp-json\/wp\/v2\/product\/8013","targetHints":{"allow":["GET"]}}],"collection":[{"href":"https:\/\/hodina.md\/en\/wp-json\/wp\/v2\/product"}],"about":[{"href":"https:\/\/hodina.md\/en\/wp-json\/wp\/v2\/types\/product"}],"replies":[{"embeddable":true,"href":"https:\/\/hodina.md\/en\/wp-json\/wp\/v2\/comments?post=8013"}],"wp:featuredmedia":[{"embeddable":true,"href":"https:\/\/hodina.md\/en\/wp-json\/wp\/v2\/media\/8980"}],"wp:attachment":[{"href":"https:\/\/hodina.md\/en\/wp-json\/wp\/v2\/media?parent=8013"}],"wp:term":[{"taxonomy":"product_brand","embeddable":true,"href":"https:\/\/hodina.md\/en\/wp-json\/wp\/v2\/product_brand?post=8013"},{"taxonomy":"product_cat","embeddable":true,"href":"https:\/\/hodina.md\/en\/wp-json\/wp\/v2\/product_cat?post=8013"},{"taxonomy":"product_tag","embeddable":true,"href":"https:\/\/hodina.md\/en\/wp-json\/wp\/v2\/product_tag?post=8013"}],"curies":[{"name":"wp","href":"https:\/\/api.w.org\/{rel}","templated":true}]}}