{"id":8030,"date":"2024-07-11T07:31:03","date_gmt":"2024-07-11T07:31:03","guid":{"rendered":"http:\/\/hodina.md\/?post_type=product&#038;p=8030"},"modified":"2025-02-12T20:33:09","modified_gmt":"2025-02-12T18:33:09","slug":"chateau-sobor","status":"publish","type":"product","link":"https:\/\/hodina.md\/en\/product\/chateau-sobor\/","title":{"rendered":"Ch\u00e2teau Sobor"},"content":{"rendered":"<h2><span style=\"vertical-align: inherit;\"><span style=\"vertical-align: inherit;\"><span style=\"vertical-align: inherit;\"><span style=\"vertical-align: inherit;\">General description<\/span><\/span><\/span><\/span><\/h2>\n<p>La 9 km de Chi\u0219in\u0103u, ascuns \u00eentr-un peisaj natural de vis \u0219i \u00eenconjurat de podgoriile proprii, se \u00eenal\u021b\u0103 impun\u0103tor castelul Sobor Family Resort.<\/p>\n<p>Un refugiu perfect pentru a-\u021bi rec\u0103p\u0103ta energia!<\/p>\n<p>O fermec\u0103toare sta\u021biune de familie leg\u0103nat\u0103 \u00een dealurile senine ale regiunii St\u0103uceni, bucur\u00e2ndu-se de \u00eembr\u0103\u021bi\u0219area cald\u0103 a soarelui.<\/p>\n<p>\u00cenv\u0103luind castelul de piatr\u0103 se afl\u0103 o proprietate \u00eentins\u0103 \u00eempodobit\u0103 cu vii \u0219i livezi.<\/p>\n<p>Aici, ve\u021bi r\u0103t\u0103ci prin generozitatea luxuriant\u0103 de nuci, gutui, meri \u0219i migdali, toate sub paza atent\u0103 a p\u0103durilor din jur.<\/p>","protected":false},"excerpt":{"rendered":"<p>Descriere general\u0103 La 9 km de Chi\u0219in\u0103u, ascuns \u00eentr-un peisaj natural de vis \u0219i \u00eenconjurat de podgoriile proprii, se \u00eenal\u021b\u0103 impun\u0103tor castelul Sobor Family Resort. Un refugiu perfect pentru a-\u021bi rec\u0103p\u0103ta energia! O fermec\u0103toare sta\u021biune de familie leg\u0103nat\u0103 \u00een dealurile senine ale regiunii St\u0103uceni, bucur\u00e2ndu-se de \u00eembr\u0103\u021bi\u0219area cald\u0103 a soarelui. \u00cenv\u0103luind castelul de piatr\u0103 se [&hellip;]<\/p>","protected":false},"featured_media":8940,"comment_status":"closed","ping_status":"closed","template":"","meta":[],"product_brand":[],"product_cat":[300,298],"product_tag":[],"class_list":{"0":"post-8030","1":"product","2":"type-product","3":"status-publish","4":"has-post-thumbnail","6":"brw_housing-chateau","7":"brw_mood-curios","8":"brw_mood-obosit","9":"brw_mood-romantic","10":"product_cat-camere","11":"product_cat-cazari","13":"first","14":"instock","15":"featured","16":"shipping-taxable","17":"purchasable","18":"product-type-ovabrw_car_rental"},"aioseo_notices":[],"_links":{"self":[{"href":"https:\/\/hodina.md\/en\/wp-json\/wp\/v2\/product\/8030","targetHints":{"allow":["GET"]}}],"collection":[{"href":"https:\/\/hodina.md\/en\/wp-json\/wp\/v2\/product"}],"about":[{"href":"https:\/\/hodina.md\/en\/wp-json\/wp\/v2\/types\/product"}],"replies":[{"embeddable":true,"href":"https:\/\/hodina.md\/en\/wp-json\/wp\/v2\/comments?post=8030"}],"wp:featuredmedia":[{"embeddable":true,"href":"https:\/\/hodina.md\/en\/wp-json\/wp\/v2\/media\/8940"}],"wp:attachment":[{"href":"https:\/\/hodina.md\/en\/wp-json\/wp\/v2\/media?parent=8030"}],"wp:term":[{"taxonomy":"product_brand","embeddable":true,"href":"https:\/\/hodina.md\/en\/wp-json\/wp\/v2\/product_brand?post=8030"},{"taxonomy":"product_cat","embeddable":true,"href":"https:\/\/hodina.md\/en\/wp-json\/wp\/v2\/product_cat?post=8030"},{"taxonomy":"product_tag","embeddable":true,"href":"https:\/\/hodina.md\/en\/wp-json\/wp\/v2\/product_tag?post=8030"}],"curies":[{"name":"wp","href":"https:\/\/api.w.org\/{rel}","templated":true}]}}