{"id":8040,"date":"2024-07-11T08:18:31","date_gmt":"2024-07-11T08:18:31","guid":{"rendered":"http:\/\/hodina.md\/?post_type=product&#038;p=8040"},"modified":"2025-02-12T20:33:09","modified_gmt":"2025-02-12T18:33:09","slug":"manas-yurt-village","status":"publish","type":"product","link":"https:\/\/hodina.md\/en\/product\/manas-yurt-village\/","title":{"rendered":"Manas Yurt Village"},"content":{"rendered":"<h2><span style=\"vertical-align: inherit;\"><span style=\"vertical-align: inherit;\"><span style=\"vertical-align: inherit;\"><span style=\"vertical-align: inherit;\">General description<\/span><\/span><\/span><\/span><\/h2>\n<p>Discover the authentic charm of village life in the heart of Moldova, at Manas Yurt Village in the picturesque village of Leordoaia, located in C\u0103l\u0103ra\u015fi.<\/p>\n<p>Here, you will find a haven of tranquility and peace, where local traditions blend harmoniously with nature and invite you to a memorable experience.<\/p>\n<p>&nbsp;<\/p>","protected":false},"excerpt":{"rendered":"<p>General description Discover the authentic charm of village life in the heart of Moldova, at Manas Yurt Village in the picturesque village of Leordoaia, located in C\u0103l\u0103ra\u0219i. Here, you will find a haven of tranquility and peace, where local traditions blend harmoniously with nature and invite you to a memorable experience. &nbsp;<\/p>","protected":false},"featured_media":8934,"comment_status":"closed","ping_status":"closed","template":"","meta":[],"product_brand":[],"product_cat":[75,298,70,71],"product_tag":[],"class_list":{"0":"post-8040","1":"product","2":"type-product","3":"status-publish","4":"has-post-thumbnail","6":"brw_housing-camping","7":"brw_housing-glamping","8":"brw_housing-igloo-uri","9":"brw_mood-curios","10":"brw_mood-obosit","11":"brw_mood-stresat","12":"product_cat-camping","13":"product_cat-cazari","14":"product_cat-glamping","15":"product_cat-igloo","17":"first","18":"instock","19":"featured","20":"shipping-taxable","21":"purchasable","22":"product-type-ovabrw_car_rental"},"aioseo_notices":[],"_links":{"self":[{"href":"https:\/\/hodina.md\/en\/wp-json\/wp\/v2\/product\/8040","targetHints":{"allow":["GET"]}}],"collection":[{"href":"https:\/\/hodina.md\/en\/wp-json\/wp\/v2\/product"}],"about":[{"href":"https:\/\/hodina.md\/en\/wp-json\/wp\/v2\/types\/product"}],"replies":[{"embeddable":true,"href":"https:\/\/hodina.md\/en\/wp-json\/wp\/v2\/comments?post=8040"}],"wp:featuredmedia":[{"embeddable":true,"href":"https:\/\/hodina.md\/en\/wp-json\/wp\/v2\/media\/8934"}],"wp:attachment":[{"href":"https:\/\/hodina.md\/en\/wp-json\/wp\/v2\/media?parent=8040"}],"wp:term":[{"taxonomy":"product_brand","embeddable":true,"href":"https:\/\/hodina.md\/en\/wp-json\/wp\/v2\/product_brand?post=8040"},{"taxonomy":"product_cat","embeddable":true,"href":"https:\/\/hodina.md\/en\/wp-json\/wp\/v2\/product_cat?post=8040"},{"taxonomy":"product_tag","embeddable":true,"href":"https:\/\/hodina.md\/en\/wp-json\/wp\/v2\/product_tag?post=8040"}],"curies":[{"name":"wp","href":"https:\/\/api.w.org\/{rel}","templated":true}]}}