{"id":8053,"date":"2024-07-11T08:45:53","date_gmt":"2024-07-11T08:45:53","guid":{"rendered":"http:\/\/hodina.md\/?post_type=product&#038;p=8053"},"modified":"2025-02-12T20:33:10","modified_gmt":"2025-02-12T18:33:10","slug":"fishing-park","status":"publish","type":"product","link":"https:\/\/hodina.md\/en\/product\/fishing-park\/","title":{"rendered":"Fishing Park"},"content":{"rendered":"<h2><span style=\"vertical-align: inherit;\"><span style=\"vertical-align: inherit;\"><span style=\"vertical-align: inherit;\"><span style=\"vertical-align: inherit;\">General description<\/span><\/span><\/span><\/span><\/h2>\n<p>Fishing Park Cli\u0219ova opened its doors to the general public in 2018.<\/p>\n<p>Since the first season, we have distinguished ourselves by the amount of fish caught by the fishermen, by the fairness to customers, the amazing landscape and the clean air. Some teams manage to catch up to 80 kg in total in one day.<\/p>\n<p>Already in the second year after its opening, without us realizing it, the lake has become one of the main attractions for fishing lovers in Moldova (fishing after which you come home tired with a sea of emotions, because you don&#039;t really have time to sit on the chair).<\/p>\n<p>&nbsp;<\/p>","protected":false},"excerpt":{"rendered":"<p>Descriere general\u0103 Fishing Park Cli\u0219ova \u0219i-a deschis por\u021bile pentru publicul larg \u00een anul 2018. \u00cenc\u0103 de la primul sezon, ne-am remarcat prin cantitatea de pe\u0219te prins\u0103 de pescari, prin corectitudinea fa\u021b\u0103 de clien\u021bi, peisajul nemaipomenit \u0219i aerul curat. Unele echipe reu\u0219esc s\u0103 prind\u0103 p\u00e2n\u0103 la 80 kg total timp de o zi. Deja \u00een al [&hellip;]<\/p>","protected":false},"featured_media":8988,"comment_status":"closed","ping_status":"closed","template":"","meta":[],"product_brand":[],"product_cat":[75,298,70,71],"product_tag":[],"class_list":{"0":"post-8053","1":"product","2":"type-product","3":"status-publish","4":"has-post-thumbnail","6":"brw_housing-camping","7":"brw_housing-glamping","8":"brw_housing-igloo-uri","9":"brw_mood-activ","10":"brw_mood-aventuros","11":"product_cat-camping","12":"product_cat-cazari","13":"product_cat-glamping","14":"product_cat-igloo","16":"first","17":"instock","18":"featured","19":"shipping-taxable","20":"purchasable","21":"product-type-ovabrw_car_rental"},"aioseo_notices":[],"_links":{"self":[{"href":"https:\/\/hodina.md\/en\/wp-json\/wp\/v2\/product\/8053","targetHints":{"allow":["GET"]}}],"collection":[{"href":"https:\/\/hodina.md\/en\/wp-json\/wp\/v2\/product"}],"about":[{"href":"https:\/\/hodina.md\/en\/wp-json\/wp\/v2\/types\/product"}],"replies":[{"embeddable":true,"href":"https:\/\/hodina.md\/en\/wp-json\/wp\/v2\/comments?post=8053"}],"wp:featuredmedia":[{"embeddable":true,"href":"https:\/\/hodina.md\/en\/wp-json\/wp\/v2\/media\/8988"}],"wp:attachment":[{"href":"https:\/\/hodina.md\/en\/wp-json\/wp\/v2\/media?parent=8053"}],"wp:term":[{"taxonomy":"product_brand","embeddable":true,"href":"https:\/\/hodina.md\/en\/wp-json\/wp\/v2\/product_brand?post=8053"},{"taxonomy":"product_cat","embeddable":true,"href":"https:\/\/hodina.md\/en\/wp-json\/wp\/v2\/product_cat?post=8053"},{"taxonomy":"product_tag","embeddable":true,"href":"https:\/\/hodina.md\/en\/wp-json\/wp\/v2\/product_tag?post=8053"}],"curies":[{"name":"wp","href":"https:\/\/api.w.org\/{rel}","templated":true}]}}