{"id":8076,"date":"2024-07-11T10:19:58","date_gmt":"2024-07-11T10:19:58","guid":{"rendered":"http:\/\/hodina.md\/?post_type=product&#038;p=8076"},"modified":"2025-02-12T20:33:10","modified_gmt":"2025-02-12T18:33:10","slug":"etcetera","status":"publish","type":"product","link":"https:\/\/hodina.md\/en\/product\/etcetera\/","title":{"rendered":"Et Cetera"},"content":{"rendered":"<h2><span style=\"vertical-align: inherit;\"><span style=\"vertical-align: inherit;\"><span style=\"vertical-align: inherit;\"><span style=\"vertical-align: inherit;\">General description<\/span><\/span><\/span><\/span><\/h2>\n<p>Et Cetera is a family owned winery. And we believe that love and care are the key to family well-being. We take care of the land, which rewards us with great harvests.<\/p>\n<div class=\"flo-block flo-block--1751 visible full-visible\" data-id=\"1751\">\n<div class=\"flo-block__container\">\n<div class=\"flo-block-text-block-2 flo-block-text-block-2--38\">\n<div class=\"flo-block-text-block-2__text-content\">\n<p>Due to the close proximity to the Black Sea, the Liman and the Dniester River, together with the well-drained soil, warm on the surface, cool and moist in depth, a perfect terroir was formed for the cultivation of grapes.<\/p>\n<\/div>\n<\/div>\n<\/div>\n<\/div>\n<div class=\"flo-block flo-block--full-width flo-block--no-top-padding flo-block--5055 visible\" data-id=\"5055\" data-onready=\"flo_block_intro_block\">\n<div class=\"flo-block__container\">\n<div class=\"flo-block-intro-block flo-block-intro-block--186\">\n<div class=\"flo-block-intro-block__image-area\" aria-label=\"\"><\/div>\n<\/div>\n<\/div>\n<\/div>","protected":false},"excerpt":{"rendered":"<p>Descriere general\u0103 Et Cetera este o cram\u0103 de\u021binut\u0103 de o familie. \u0218i credem c\u0103 dragostea \u0219i grija sunt cheia bun\u0103st\u0103rii familiei. Avem grij\u0103 de p\u0103m\u00e2nt, care ne r\u0103spl\u0103te\u0219te cu recolte mari. Datorit\u0103 apropierii str\u00e2nse de Marea Neagr\u0103, Liman \u0219i r\u00e2ul Nistru, \u00eempreun\u0103 cu solul bine drenat, cald la suprafa\u021b\u0103, rece \u0219i umed \u00een ad\u00e2ncime, s-a [&hellip;]<\/p>","protected":false},"featured_media":8970,"comment_status":"closed","ping_status":"closed","template":"","meta":[],"product_brand":[],"product_cat":[298,72],"product_tag":[],"class_list":{"0":"post-8076","1":"product","2":"type-product","3":"status-publish","4":"has-post-thumbnail","6":"brw_housing-pensiuni","7":"brw_mood-romantic","8":"product_cat-cazari","9":"product_cat-pensiuni","11":"first","12":"instock","13":"featured","14":"shipping-taxable","15":"purchasable","16":"product-type-ovabrw_car_rental"},"aioseo_notices":[],"_links":{"self":[{"href":"https:\/\/hodina.md\/en\/wp-json\/wp\/v2\/product\/8076","targetHints":{"allow":["GET"]}}],"collection":[{"href":"https:\/\/hodina.md\/en\/wp-json\/wp\/v2\/product"}],"about":[{"href":"https:\/\/hodina.md\/en\/wp-json\/wp\/v2\/types\/product"}],"replies":[{"embeddable":true,"href":"https:\/\/hodina.md\/en\/wp-json\/wp\/v2\/comments?post=8076"}],"wp:featuredmedia":[{"embeddable":true,"href":"https:\/\/hodina.md\/en\/wp-json\/wp\/v2\/media\/8970"}],"wp:attachment":[{"href":"https:\/\/hodina.md\/en\/wp-json\/wp\/v2\/media?parent=8076"}],"wp:term":[{"taxonomy":"product_brand","embeddable":true,"href":"https:\/\/hodina.md\/en\/wp-json\/wp\/v2\/product_brand?post=8076"},{"taxonomy":"product_cat","embeddable":true,"href":"https:\/\/hodina.md\/en\/wp-json\/wp\/v2\/product_cat?post=8076"},{"taxonomy":"product_tag","embeddable":true,"href":"https:\/\/hodina.md\/en\/wp-json\/wp\/v2\/product_tag?post=8076"}],"curies":[{"name":"wp","href":"https:\/\/api.w.org\/{rel}","templated":true}]}}