{"id":8112,"date":"2024-07-20T17:54:05","date_gmt":"2024-07-20T17:54:05","guid":{"rendered":"https:\/\/hodina.rsq-dev.com\/?post_type=product&#038;p=8112"},"modified":"2025-02-12T20:33:10","modified_gmt":"2025-02-12T18:33:10","slug":"gagauz-sofrasi","status":"publish","type":"product","link":"https:\/\/hodina.md\/en\/product\/gagauz-sofrasi\/","title":{"rendered":"Gagauz Sofrasi"},"content":{"rendered":"<h2><span style=\"vertical-align: inherit;\"><span style=\"vertical-align: inherit;\"><span style=\"vertical-align: inherit;\"><span style=\"vertical-align: inherit;\">General description<\/span><\/span><\/span><\/span><\/h2>\n<p>The ethno-tourist complex GAGAUZ SOFRASI is a variety of services, thanks to which each guest will find something to his liking and will become not just a visitor of the tourist complex, but will feel like a &quot;native&quot; resident of an ethno-village, experienced the beauty and diversity of rural life, familiarize yourself with the traditions and culture of Gagauzia.<\/p>\n<p>It houses ethnic buildings: guesthouses, an ethnographic museum, a terrace with a panoramic view of the tourist attractions of Gagauz Autonomy, a wine cellar &quot;Gagauz Maazas\u0131&quot;, a restaurant with traditional Gagauz cuisine, a banquet hall &quot;Favorit&quot; and other buildings that convey the flavor of culture local traditional<\/p>","protected":false},"excerpt":{"rendered":"<p>Descriere general\u0103 Complexul etno-turistic GAGAUZ SOFRASI este o varietate de servicii, datorit\u0103 c\u0103rora fiecare oaspete va g\u0103si ceva pe placul s\u0103u \u0219i va deveni nu doar un vizitator al complexului turistic, ci se va sim\u021bi ca un rezident \u201enativ\u201d al unui etno-sat, experimenta\u021bi frumuse\u021bea \u0219i diversitatea vie\u021bii rurale, familiariza\u021bi-v\u0103 cu tradi\u021biile \u0219i cultura g\u0103g\u0103uzei. G\u0103zduie\u0219te [&hellip;]<\/p>","protected":false},"featured_media":8996,"comment_status":"closed","ping_status":"closed","template":"","meta":[],"product_brand":[],"product_cat":[298,76],"product_tag":[],"class_list":{"0":"post-8112","1":"product","2":"type-product","3":"status-publish","4":"has-post-thumbnail","6":"brw_housing-hoteluri","7":"product_cat-cazari","8":"product_cat-hoteluri","10":"first","11":"instock","12":"featured","13":"shipping-taxable","14":"purchasable","15":"product-type-ovabrw_car_rental"},"aioseo_notices":[],"_links":{"self":[{"href":"https:\/\/hodina.md\/en\/wp-json\/wp\/v2\/product\/8112","targetHints":{"allow":["GET"]}}],"collection":[{"href":"https:\/\/hodina.md\/en\/wp-json\/wp\/v2\/product"}],"about":[{"href":"https:\/\/hodina.md\/en\/wp-json\/wp\/v2\/types\/product"}],"replies":[{"embeddable":true,"href":"https:\/\/hodina.md\/en\/wp-json\/wp\/v2\/comments?post=8112"}],"wp:featuredmedia":[{"embeddable":true,"href":"https:\/\/hodina.md\/en\/wp-json\/wp\/v2\/media\/8996"}],"wp:attachment":[{"href":"https:\/\/hodina.md\/en\/wp-json\/wp\/v2\/media?parent=8112"}],"wp:term":[{"taxonomy":"product_brand","embeddable":true,"href":"https:\/\/hodina.md\/en\/wp-json\/wp\/v2\/product_brand?post=8112"},{"taxonomy":"product_cat","embeddable":true,"href":"https:\/\/hodina.md\/en\/wp-json\/wp\/v2\/product_cat?post=8112"},{"taxonomy":"product_tag","embeddable":true,"href":"https:\/\/hodina.md\/en\/wp-json\/wp\/v2\/product_tag?post=8112"}],"curies":[{"name":"wp","href":"https:\/\/api.w.org\/{rel}","templated":true}]}}