{"id":8147,"date":"2024-07-20T23:01:28","date_gmt":"2024-07-20T23:01:28","guid":{"rendered":"https:\/\/hodina.rsq-dev.com\/?post_type=product&#038;p=8147"},"modified":"2025-02-12T20:33:10","modified_gmt":"2025-02-12T18:33:10","slug":"eco-resort-butuceni","status":"publish","type":"product","link":"https:\/\/hodina.md\/en\/product\/eco-resort-butuceni\/","title":{"rendered":"BUTUCENI ECO RESORT"},"content":{"rendered":"<h2><span style=\"vertical-align: inherit\"><span style=\"vertical-align: inherit\"><span style=\"vertical-align: inherit\"><span style=\"vertical-align: inherit\">General description<\/span><\/span><\/span><\/span><\/h2>\n<p>Eco Resort Butuceni is only 47 km from the capital.<\/p>\n<p>A picturesque place with a huge historical charge.<\/p>\n<p>A place where we feed people with unforgettable moments, with landscapes that take your breath away, with selected dishes, gathered from the recipes hidden on the lips of the old women in the village.<\/p>\n<p>An old house with a wooden window, traditional painted patterns. The winding carts are the ones that will lead you to the house, or rather to the room where you will spend your rest days.<\/p>","protected":false},"excerpt":{"rendered":"<p>Descriere general\u0103 Eco Resort Butuceni se afl\u0103 la doar 47 de km de capital\u0103. Un loc pitoresc \u0219i cu o imens\u0103 \u00eenc\u0103rc\u0103tur\u0103 istoric\u0103. Loc \u00een care \u00eei hr\u0103nim pe oameni cu momente de neuitat, cu peisaje care-\u021bi taie respira\u021bia, cu m\u00e2nc\u0103ruri alese, culese de prin re\u021betele ascunse pe buzele b\u0103tr\u00e2nelor din sat. O cas\u0103 b\u0103tr\u00e2neasc\u0103, [&hellip;]<\/p>","protected":false},"featured_media":8967,"comment_status":"closed","ping_status":"closed","template":"","meta":[],"product_brand":[],"product_cat":[107,298],"product_tag":[],"class_list":{"0":"post-8147","1":"product","2":"type-product","3":"status-publish","4":"has-post-thumbnail","6":"brw_housing-casute","7":"product_cat-casute","8":"product_cat-cazari","10":"first","11":"instock","12":"featured","13":"shipping-taxable","14":"purchasable","15":"product-type-ovabrw_car_rental"},"aioseo_notices":[],"_links":{"self":[{"href":"https:\/\/hodina.md\/en\/wp-json\/wp\/v2\/product\/8147","targetHints":{"allow":["GET"]}}],"collection":[{"href":"https:\/\/hodina.md\/en\/wp-json\/wp\/v2\/product"}],"about":[{"href":"https:\/\/hodina.md\/en\/wp-json\/wp\/v2\/types\/product"}],"replies":[{"embeddable":true,"href":"https:\/\/hodina.md\/en\/wp-json\/wp\/v2\/comments?post=8147"}],"wp:featuredmedia":[{"embeddable":true,"href":"https:\/\/hodina.md\/en\/wp-json\/wp\/v2\/media\/8967"}],"wp:attachment":[{"href":"https:\/\/hodina.md\/en\/wp-json\/wp\/v2\/media?parent=8147"}],"wp:term":[{"taxonomy":"product_brand","embeddable":true,"href":"https:\/\/hodina.md\/en\/wp-json\/wp\/v2\/product_brand?post=8147"},{"taxonomy":"product_cat","embeddable":true,"href":"https:\/\/hodina.md\/en\/wp-json\/wp\/v2\/product_cat?post=8147"},{"taxonomy":"product_tag","embeddable":true,"href":"https:\/\/hodina.md\/en\/wp-json\/wp\/v2\/product_tag?post=8147"}],"curies":[{"name":"wp","href":"https:\/\/api.w.org\/{rel}","templated":true}]}}