{"id":8295,"date":"2024-08-05T07:33:09","date_gmt":"2024-08-05T07:33:09","guid":{"rendered":"https:\/\/hodina.rsq-dev.com\/?post_type=product&#038;p=8295"},"modified":"2025-02-12T20:33:10","modified_gmt":"2025-02-12T18:33:10","slug":"eco-vila","status":"publish","type":"product","link":"https:\/\/hodina.md\/en\/product\/eco-vila\/","title":{"rendered":"Eco Villa"},"content":{"rendered":"<h2><span style=\"vertical-align: inherit\"><span style=\"vertical-align: inherit\"><span style=\"vertical-align: inherit\"><span style=\"vertical-align: inherit\">General description<\/span><\/span><\/span><\/span><\/h2>\n<p>EcoVila - the perfect place for fun with friends, important events, but also rest with the family.<\/p>\n<p>Nothing can be better than a respite in the wonderful lands of Old Orhei, among the centuries-old acacias and oaks that calm and at the same time, emanate a special energy, endowing all the surrounding beings with new powers.<\/p>\n<p>We are willing to organize any type of celebration at the highest level and at any time of the year. We look forward to seeing you!<\/p>","protected":false},"excerpt":{"rendered":"<p>Descriere general\u0103 EcoVila &#8211; locul perfect pentru distrac\u0163ii cu prietenii, evenimente importante, dar \u015fi odihn\u0103 cu familia. Nimic nu poate fi mai bun dec\u00eet un r\u0103gaz pe meleagurile mirifice ale Orheiului Vechi, printre salc\u00eemii \u015fi stejarii seculari care calmeaz\u0103 \u015fi \u00een acela\u015fi timp, eman\u0103 o energie deosebit\u0103, \u00eenzestr\u00eend cu puteri noi toat\u0103 fiin\u0163a din jur. [&hellip;]<\/p>","protected":false},"featured_media":9791,"comment_status":"closed","ping_status":"closed","template":"","meta":[],"product_brand":[],"product_cat":[107,298],"product_tag":[],"class_list":{"0":"post-8295","1":"product","2":"type-product","3":"status-publish","4":"has-post-thumbnail","6":"brw_housing-casute","7":"product_cat-casute","8":"product_cat-cazari","10":"first","11":"instock","12":"featured","13":"shipping-taxable","14":"purchasable","15":"product-type-ovabrw_car_rental"},"aioseo_notices":[],"_links":{"self":[{"href":"https:\/\/hodina.md\/en\/wp-json\/wp\/v2\/product\/8295","targetHints":{"allow":["GET"]}}],"collection":[{"href":"https:\/\/hodina.md\/en\/wp-json\/wp\/v2\/product"}],"about":[{"href":"https:\/\/hodina.md\/en\/wp-json\/wp\/v2\/types\/product"}],"replies":[{"embeddable":true,"href":"https:\/\/hodina.md\/en\/wp-json\/wp\/v2\/comments?post=8295"}],"wp:featuredmedia":[{"embeddable":true,"href":"https:\/\/hodina.md\/en\/wp-json\/wp\/v2\/media\/9791"}],"wp:attachment":[{"href":"https:\/\/hodina.md\/en\/wp-json\/wp\/v2\/media?parent=8295"}],"wp:term":[{"taxonomy":"product_brand","embeddable":true,"href":"https:\/\/hodina.md\/en\/wp-json\/wp\/v2\/product_brand?post=8295"},{"taxonomy":"product_cat","embeddable":true,"href":"https:\/\/hodina.md\/en\/wp-json\/wp\/v2\/product_cat?post=8295"},{"taxonomy":"product_tag","embeddable":true,"href":"https:\/\/hodina.md\/en\/wp-json\/wp\/v2\/product_tag?post=8295"}],"curies":[{"name":"wp","href":"https:\/\/api.w.org\/{rel}","templated":true}]}}