{"id":8312,"date":"2024-08-05T08:49:11","date_gmt":"2024-08-05T08:49:11","guid":{"rendered":"https:\/\/hodina.rsq-dev.com\/?post_type=product&amp;p=8312"},"modified":"2025-02-12T20:33:10","modified_gmt":"2025-02-12T18:33:10","slug":"casa-de-sub-stanca","status":"publish","type":"product","link":"https:\/\/hodina.md\/en\/product\/casa-de-sub-stanca\/","title":{"rendered":"THE HOUSE UNDER THE ROCK"},"content":{"rendered":"<h2><span style=\"vertical-align: inherit\"><span style=\"vertical-align: inherit\"><span style=\"vertical-align: inherit\"><span style=\"vertical-align: inherit\">General description<\/span><\/span><\/span><\/span><\/h2>\n<p>Located at the entrance to the village of Trebujeni, the agro-pension Casa de sub Stin\u00e7a is located right under the rock, which arouses the interest of tourists even more.<\/p>\n<p>Here you will feel at home, you will enjoy the peace of nature, the traditional cuisine and the rural atmosphere!<\/p>","protected":false},"excerpt":{"rendered":"<p>Descriere general\u0103 Aflat\u0103 la intrarea \u00een satul Trebujeni, agropensiunea Casa de sub St\u00eenc\u0103 este amplasat\u0103 chiar sub st\u00eenc\u0103, ceea ce treze\u0219te \u0219i mai mult interesul turi\u0219tilor. Aici te vei sim\u021bi ca acas\u0103, vei savura lini\u0219tea naturii, buc\u0103t\u0103ria tradi\u021bional\u0103 \u0219i atmosfera rural\u0103!<\/p>","protected":false},"featured_media":9789,"comment_status":"closed","ping_status":"closed","template":"","meta":[],"product_brand":[],"product_cat":[300,298],"product_tag":[],"class_list":{"0":"post-8312","1":"product","2":"type-product","3":"status-publish","4":"has-post-thumbnail","6":"product_cat-camere","7":"product_cat-cazari","9":"first","10":"instock","11":"featured","12":"shipping-taxable","13":"purchasable","14":"product-type-ovabrw_car_rental"},"aioseo_notices":[],"_links":{"self":[{"href":"https:\/\/hodina.md\/en\/wp-json\/wp\/v2\/product\/8312","targetHints":{"allow":["GET"]}}],"collection":[{"href":"https:\/\/hodina.md\/en\/wp-json\/wp\/v2\/product"}],"about":[{"href":"https:\/\/hodina.md\/en\/wp-json\/wp\/v2\/types\/product"}],"replies":[{"embeddable":true,"href":"https:\/\/hodina.md\/en\/wp-json\/wp\/v2\/comments?post=8312"}],"wp:featuredmedia":[{"embeddable":true,"href":"https:\/\/hodina.md\/en\/wp-json\/wp\/v2\/media\/9789"}],"wp:attachment":[{"href":"https:\/\/hodina.md\/en\/wp-json\/wp\/v2\/media?parent=8312"}],"wp:term":[{"taxonomy":"product_brand","embeddable":true,"href":"https:\/\/hodina.md\/en\/wp-json\/wp\/v2\/product_brand?post=8312"},{"taxonomy":"product_cat","embeddable":true,"href":"https:\/\/hodina.md\/en\/wp-json\/wp\/v2\/product_cat?post=8312"},{"taxonomy":"product_tag","embeddable":true,"href":"https:\/\/hodina.md\/en\/wp-json\/wp\/v2\/product_tag?post=8312"}],"curies":[{"name":"wp","href":"https:\/\/api.w.org\/{rel}","templated":true}]}}