{"id":8598,"date":"2024-08-16T08:33:21","date_gmt":"2024-08-16T08:33:21","guid":{"rendered":"https:\/\/hodina.rsq-dev.com\/?post_type=product&#038;p=8598"},"modified":"2025-02-12T20:33:10","modified_gmt":"2025-02-12T18:33:10","slug":"saharna-tiglau","status":"publish","type":"product","link":"https:\/\/hodina.md\/en\/product\/saharna-tiglau\/","title":{"rendered":"Saharna \u0218iglau"},"content":{"rendered":"<h2><span style=\"vertical-align: inherit\"><span style=\"vertical-align: inherit\"><span style=\"vertical-align: inherit\"><span style=\"vertical-align: inherit\">General description<\/span><\/span><\/span><\/span><\/h2>\n<p>Enjoy a dream getaway at the Saharna-Tiglau Resort, where modern cottages with panoramic views over the Dniester River and spectacular natural surroundings offer you unforgettable relaxation, adventure and tranquility in the heart of the Saharna Reserve.<\/p>\n<p>&quot;Saharna-\u021aigl\u0103u&quot; RESORT is located 110 km away from the city of Chi\u0219in\u0103u, being located on the right bank of the Dniester River, in the &quot;Saharna&quot; Nature Reserve.<\/p>","protected":false},"excerpt":{"rendered":"<p>Descriere general\u0103 Bucura\u021bi-v\u0103 de o escapad\u0103 de vis la Sta\u021biunea Saharna-Tiglau, unde c\u0103su\u021bele moderne cu vedere panoramic\u0103 deasupra r\u00e2ului Nistru \u0219i \u00eemprejurimile naturale spectaculoase v\u0103 ofer\u0103 relaxare, aventur\u0103 \u0219i lini\u0219te de neuitat \u00een inima Rezerva\u021biei Saharna. STA\u021aIUNEA \u201eSaharna-\u021aigl\u0103u\u201d este amplasat\u0103 la 110 km distan\u021b\u0103 de municipiul Chi\u0219n\u0103u, fiind a\u015fezat\u0103 pe malul drept al r\u00e2ului Nistru, [&hellip;]<\/p>","protected":false},"featured_media":9533,"comment_status":"closed","ping_status":"closed","template":"","meta":[],"product_brand":[],"product_cat":[107,298],"product_tag":[],"class_list":{"0":"post-8598","1":"product","2":"type-product","3":"status-publish","4":"has-post-thumbnail","6":"brw_housing-casute","7":"product_cat-casute","8":"product_cat-cazari","10":"first","11":"instock","12":"featured","13":"shipping-taxable","14":"purchasable","15":"product-type-ovabrw_car_rental"},"aioseo_notices":[],"_links":{"self":[{"href":"https:\/\/hodina.md\/en\/wp-json\/wp\/v2\/product\/8598","targetHints":{"allow":["GET"]}}],"collection":[{"href":"https:\/\/hodina.md\/en\/wp-json\/wp\/v2\/product"}],"about":[{"href":"https:\/\/hodina.md\/en\/wp-json\/wp\/v2\/types\/product"}],"replies":[{"embeddable":true,"href":"https:\/\/hodina.md\/en\/wp-json\/wp\/v2\/comments?post=8598"}],"wp:featuredmedia":[{"embeddable":true,"href":"https:\/\/hodina.md\/en\/wp-json\/wp\/v2\/media\/9533"}],"wp:attachment":[{"href":"https:\/\/hodina.md\/en\/wp-json\/wp\/v2\/media?parent=8598"}],"wp:term":[{"taxonomy":"product_brand","embeddable":true,"href":"https:\/\/hodina.md\/en\/wp-json\/wp\/v2\/product_brand?post=8598"},{"taxonomy":"product_cat","embeddable":true,"href":"https:\/\/hodina.md\/en\/wp-json\/wp\/v2\/product_cat?post=8598"},{"taxonomy":"product_tag","embeddable":true,"href":"https:\/\/hodina.md\/en\/wp-json\/wp\/v2\/product_tag?post=8598"}],"curies":[{"name":"wp","href":"https:\/\/api.w.org\/{rel}","templated":true}]}}