{"id":9853,"date":"2024-07-20T23:17:53","date_gmt":"2024-07-20T23:17:53","guid":{"rendered":"https:\/\/hodina.rsq-dev.com\/?post_type=product&#038;p=8171"},"modified":"2025-02-12T20:33:10","modified_gmt":"2025-02-12T18:33:10","slug":"casa-varatic","status":"publish","type":"product","link":"https:\/\/hodina.md\/en\/product\/casa-varatic\/","title":{"rendered":"V\u0103ratic House"},"content":{"rendered":"<h2><span style=\"vertical-align: inherit\"><span style=\"vertical-align: inherit\"><span style=\"vertical-align: inherit\"><span style=\"vertical-align: inherit\">General description<\/span><\/span><\/span><\/span><\/h2>\n<p>It is located in Varatic in Moldova, 30 km from Riscani.<\/p>\n<p>It offers accommodation with free Wi-Fi, barbecue facilities, a garden and free private parking.<\/p>\n<p>Each unit has a terrace, a fully equipped kitchen with a dishwasher, a seating area with a sofa, a flat-screen TV, a washing machine, and a private bathroom with a shower and a hairdryer.<\/p>","protected":false},"excerpt":{"rendered":"<p>Descriere general\u0103 Este situat\u0103 \u00een Varatic \u00een Moldova, la 30 km de Riscani. Ofer\u0103 spa\u021bii de cazare cu Wi-Fi gratuit, facilit\u0103\u021bi de gr\u0103tar, o gr\u0103din\u0103 \u0219i parcare privat\u0103 gratuit\u0103. Fiecare unitate are o teras\u0103, o buc\u0103t\u0103rie complet utilat\u0103, cu o ma\u0219in\u0103 de sp\u0103lat vase, o zon\u0103 de relaxare cu o canapea, un TV cu ecran [&hellip;]<\/p>","protected":false},"featured_media":9072,"comment_status":"closed","ping_status":"closed","template":"","meta":[],"product_brand":[],"product_cat":[69,107,298],"product_tag":[],"class_list":{"0":"post-9853","1":"product","2":"type-product","3":"status-publish","4":"has-post-thumbnail","6":"brw_housing-case-traditionale","7":"brw_housing-casute","8":"product_cat-case-traditionale","9":"product_cat-casute","10":"product_cat-cazari","12":"first","13":"instock","14":"featured","15":"shipping-taxable","16":"purchasable","17":"product-type-ovabrw_car_rental"},"aioseo_notices":[],"_links":{"self":[{"href":"https:\/\/hodina.md\/en\/wp-json\/wp\/v2\/product\/9853","targetHints":{"allow":["GET"]}}],"collection":[{"href":"https:\/\/hodina.md\/en\/wp-json\/wp\/v2\/product"}],"about":[{"href":"https:\/\/hodina.md\/en\/wp-json\/wp\/v2\/types\/product"}],"replies":[{"embeddable":true,"href":"https:\/\/hodina.md\/en\/wp-json\/wp\/v2\/comments?post=9853"}],"wp:featuredmedia":[{"embeddable":true,"href":"https:\/\/hodina.md\/en\/wp-json\/wp\/v2\/media\/9072"}],"wp:attachment":[{"href":"https:\/\/hodina.md\/en\/wp-json\/wp\/v2\/media?parent=9853"}],"wp:term":[{"taxonomy":"product_brand","embeddable":true,"href":"https:\/\/hodina.md\/en\/wp-json\/wp\/v2\/product_brand?post=9853"},{"taxonomy":"product_cat","embeddable":true,"href":"https:\/\/hodina.md\/en\/wp-json\/wp\/v2\/product_cat?post=9853"},{"taxonomy":"product_tag","embeddable":true,"href":"https:\/\/hodina.md\/en\/wp-json\/wp\/v2\/product_tag?post=9853"}],"curies":[{"name":"wp","href":"https:\/\/api.w.org\/{rel}","templated":true}]}}