{"id":9854,"date":"2024-07-20T23:32:02","date_gmt":"2024-07-20T23:32:02","guid":{"rendered":"https:\/\/hodina.rsq-dev.com\/?post_type=product&#038;p=8179"},"modified":"2025-02-12T20:33:10","modified_gmt":"2025-02-12T18:33:10","slug":"resedinta-rotundu","status":"publish","type":"product","link":"https:\/\/hodina.md\/en\/product\/resedinta-rotundu\/","title":{"rendered":"Rotundu residence"},"content":{"rendered":"<h2><span style=\"vertical-align: inherit\"><span style=\"vertical-align: inherit\"><span style=\"vertical-align: inherit\"><span style=\"vertical-align: inherit\">General description<\/span><\/span><\/span><\/span><\/h2>\n<p><strong>Agrotourism Pension &quot;Rotundu Residence&quot;<\/strong> successfully combines in itself the naturalness and purity of the ecological life in the village, as well as modern technological comfort, which will allow you to feel closer to nature but not deprived of everyday comfort.<\/p>\n<p>After a day of walking outdoors, you can relax in a wood-fired sauna, sipping herbal tea from the garden.<\/p>\n<p>Here you are expected as a dear guest and spent as a good friend!<\/p>","protected":false},"excerpt":{"rendered":"<p>Descriere general\u0103 Pensiunea Agroturistic\u0103 \u201dRe\u015fedin\u0163a Rotundu\u201d cu succes \u00eembin\u0103 \u00een sine acea naturale\u021be \u015fi puritate a vie\u0163ii ecologice de la sat, precum \u015fi confortul tehnologic modern, ce va permite s\u0103 v\u0103 sim\u0163i\u0163i mai aproape de natur\u0103 dar nelipsi\u0163i de confortul cotidian. Dup\u0103 o zi plin\u0103 de plimb\u0103ri \u00een aer liber, v\u0103 pute\u0163i relaxa \u00eentr-o saun\u0103 [&hellip;]<\/p>","protected":false},"featured_media":9046,"comment_status":"closed","ping_status":"closed","template":"","meta":[],"product_brand":[],"product_cat":[69,298,72],"product_tag":[],"class_list":{"0":"post-9854","1":"product","2":"type-product","3":"status-publish","4":"has-post-thumbnail","6":"brw_housing-case-traditionale","7":"brw_housing-pensiuni","8":"product_cat-case-traditionale","9":"product_cat-cazari","10":"product_cat-pensiuni","12":"first","13":"instock","14":"featured","15":"shipping-taxable","16":"purchasable","17":"product-type-ovabrw_car_rental"},"aioseo_notices":[],"_links":{"self":[{"href":"https:\/\/hodina.md\/en\/wp-json\/wp\/v2\/product\/9854","targetHints":{"allow":["GET"]}}],"collection":[{"href":"https:\/\/hodina.md\/en\/wp-json\/wp\/v2\/product"}],"about":[{"href":"https:\/\/hodina.md\/en\/wp-json\/wp\/v2\/types\/product"}],"replies":[{"embeddable":true,"href":"https:\/\/hodina.md\/en\/wp-json\/wp\/v2\/comments?post=9854"}],"wp:featuredmedia":[{"embeddable":true,"href":"https:\/\/hodina.md\/en\/wp-json\/wp\/v2\/media\/9046"}],"wp:attachment":[{"href":"https:\/\/hodina.md\/en\/wp-json\/wp\/v2\/media?parent=9854"}],"wp:term":[{"taxonomy":"product_brand","embeddable":true,"href":"https:\/\/hodina.md\/en\/wp-json\/wp\/v2\/product_brand?post=9854"},{"taxonomy":"product_cat","embeddable":true,"href":"https:\/\/hodina.md\/en\/wp-json\/wp\/v2\/product_cat?post=9854"},{"taxonomy":"product_tag","embeddable":true,"href":"https:\/\/hodina.md\/en\/wp-json\/wp\/v2\/product_tag?post=9854"}],"curies":[{"name":"wp","href":"https:\/\/api.w.org\/{rel}","templated":true}]}}