{"id":9855,"date":"2024-07-20T23:42:32","date_gmt":"2024-07-20T23:42:32","guid":{"rendered":"https:\/\/hodina.rsq-dev.com\/?post_type=product&#038;p=8193"},"modified":"2025-02-12T20:33:10","modified_gmt":"2025-02-12T18:33:10","slug":"vila-roz","status":"publish","type":"product","link":"https:\/\/hodina.md\/en\/product\/vila-roz\/","title":{"rendered":"Villa Roz"},"content":{"rendered":"<h2><span style=\"vertical-align: inherit;\"><span style=\"vertical-align: inherit;\"><span style=\"vertical-align: inherit;\"><span style=\"vertical-align: inherit;\">General description<\/span><\/span><\/span><\/span><\/h2>\n<p>Vila Roz, located on the left side at the entrance to the village of Trebujeni, Orhei, is surrounded by views, natural and historical riches, which you will be able to enjoy to the fullest. The guesthouse is located on the bank of the Raut river and near the &quot;Old Orheiul Vechi&quot; archaeological complex.<\/p>\n<p>Here you will be able to get to know the traditions of the nation and the national cuisine. Through the host, Liuba Railean, who is a native of the village of Trebujeni, you will be able to learn some of the particularities of the region. And the cook will be the one who will reveal to you the secret of Moldovan dishes.<\/p>\n<p>Vila Roz is the right place where every guest will be met with open arms, with hospitality and warmth. The host speaks Romanian and Russian, and for those interested, we offer interpretation in several languages: English, French and Spanish.<\/p>","protected":false},"excerpt":{"rendered":"<p>Descriere general\u0103 Vila Roz, situat\u0103 pe partea st\u00e2ng\u0103 la intrare \u00een satul Trebujeni, Orhei, este \u00eenconjurat\u0103 de priveli\u015fti, bog\u0103\u0163ii naturale \u015fi istorice, pe care le ve\u0163i putea savura din plin. Pensiunea se afl\u0103 pe malul r\u00e2ului Raut \u015fi \u00een apropierea complexului arheologic \u201cOrheiul Vechi\u201d. Aici ve\u0163i putea face cuno\u015ftin\u0163\u0103 cu tradi\u0163iile neamului \u015fi buc\u0103t\u0103ria na\u0163ional\u0103. [&hellip;]<\/p>","protected":false},"featured_media":9020,"comment_status":"closed","ping_status":"closed","template":"","meta":[],"product_brand":[],"product_cat":[298,73],"product_tag":[],"class_list":{"0":"post-9855","1":"product","2":"type-product","3":"status-publish","4":"has-post-thumbnail","6":"brw_housing-vile","7":"product_cat-cazari","8":"product_cat-vile","10":"first","11":"instock","12":"featured","13":"shipping-taxable","14":"purchasable","15":"product-type-ovabrw_car_rental"},"aioseo_notices":[],"_links":{"self":[{"href":"https:\/\/hodina.md\/en\/wp-json\/wp\/v2\/product\/9855","targetHints":{"allow":["GET"]}}],"collection":[{"href":"https:\/\/hodina.md\/en\/wp-json\/wp\/v2\/product"}],"about":[{"href":"https:\/\/hodina.md\/en\/wp-json\/wp\/v2\/types\/product"}],"replies":[{"embeddable":true,"href":"https:\/\/hodina.md\/en\/wp-json\/wp\/v2\/comments?post=9855"}],"wp:featuredmedia":[{"embeddable":true,"href":"https:\/\/hodina.md\/en\/wp-json\/wp\/v2\/media\/9020"}],"wp:attachment":[{"href":"https:\/\/hodina.md\/en\/wp-json\/wp\/v2\/media?parent=9855"}],"wp:term":[{"taxonomy":"product_brand","embeddable":true,"href":"https:\/\/hodina.md\/en\/wp-json\/wp\/v2\/product_brand?post=9855"},{"taxonomy":"product_cat","embeddable":true,"href":"https:\/\/hodina.md\/en\/wp-json\/wp\/v2\/product_cat?post=9855"},{"taxonomy":"product_tag","embeddable":true,"href":"https:\/\/hodina.md\/en\/wp-json\/wp\/v2\/product_tag?post=9855"}],"curies":[{"name":"wp","href":"https:\/\/api.w.org\/{rel}","templated":true}]}}