{"id":9857,"date":"2024-08-01T08:12:46","date_gmt":"2024-08-01T08:12:46","guid":{"rendered":"https:\/\/hodina.rsq-dev.com\/?post_type=product&#038;p=8258"},"modified":"2025-02-12T20:33:10","modified_gmt":"2025-02-12T18:33:10","slug":"bahmut-club","status":"publish","type":"product","link":"https:\/\/hodina.md\/en\/product\/bahmut-club\/","title":{"rendered":"Bahmut Club"},"content":{"rendered":"<h2><span style=\"vertical-align: inherit\"><span style=\"vertical-align: inherit\"><span style=\"vertical-align: inherit\"><span style=\"vertical-align: inherit\">General description<\/span><\/span><\/span><\/span><\/h2>\n<p>&quot;Bahmut-Club&quot; - a crossroads of the most popular tourist routes in the Republic of Moldova.<\/p>\n<p>Here we discover a piece of traditional and modern Moldova at the same time.<\/p>\n<p>A corner of heaven enveloped in silence and fresh air offers maximum relaxation, in favorable accommodation conditions both in summer and in winter.<\/p>\n<p>Surrounded by hills of vineyards and orchards, hills full of forests and hayfields, BahmutClub offers you spacious wooden houses with private bathrooms, heating, TV, Wi-Fi internet and all the comfort you need.<\/p>\n<p>The houses were placed in such a way that the guests could admire the beauty of the place and rest in honor.<\/p>","protected":false},"excerpt":{"rendered":"<p>Descriere general\u0103 \u201dBahmut-Club\u201d- o r\u0103scruce a celor mai populare trasee turistice din Republica Moldova. Aici descoperim o p\u0103rticic\u0103 din Moldova tradi\u0163ional\u0103 \u015fi modern\u0103 \u00een acela\u015fi timp. Un col\u0163 de rai \u00eenv\u0103luit \u00een lini\u015fte \u015fi aer curat ofer\u0103 relaxare maxim\u0103, \u00een condi\u0163ii prielnice de cazare at\u00e2t vara, c\u00e2t \u015fi iarna. \u00cenconjurat de coline de vii \u015fi [&hellip;]<\/p>","protected":false},"featured_media":9769,"comment_status":"closed","ping_status":"closed","template":"","meta":[],"product_brand":[],"product_cat":[107,298,76,73],"product_tag":[],"class_list":{"0":"post-9857","1":"product","2":"type-product","3":"status-publish","4":"has-post-thumbnail","6":"brw_housing-casute","7":"brw_housing-hoteluri","8":"brw_housing-vile","9":"product_cat-casute","10":"product_cat-cazari","11":"product_cat-hoteluri","12":"product_cat-vile","14":"first","15":"instock","16":"featured","17":"shipping-taxable","18":"purchasable","19":"product-type-ovabrw_car_rental"},"aioseo_notices":[],"_links":{"self":[{"href":"https:\/\/hodina.md\/en\/wp-json\/wp\/v2\/product\/9857","targetHints":{"allow":["GET"]}}],"collection":[{"href":"https:\/\/hodina.md\/en\/wp-json\/wp\/v2\/product"}],"about":[{"href":"https:\/\/hodina.md\/en\/wp-json\/wp\/v2\/types\/product"}],"replies":[{"embeddable":true,"href":"https:\/\/hodina.md\/en\/wp-json\/wp\/v2\/comments?post=9857"}],"wp:featuredmedia":[{"embeddable":true,"href":"https:\/\/hodina.md\/en\/wp-json\/wp\/v2\/media\/9769"}],"wp:attachment":[{"href":"https:\/\/hodina.md\/en\/wp-json\/wp\/v2\/media?parent=9857"}],"wp:term":[{"taxonomy":"product_brand","embeddable":true,"href":"https:\/\/hodina.md\/en\/wp-json\/wp\/v2\/product_brand?post=9857"},{"taxonomy":"product_cat","embeddable":true,"href":"https:\/\/hodina.md\/en\/wp-json\/wp\/v2\/product_cat?post=9857"},{"taxonomy":"product_tag","embeddable":true,"href":"https:\/\/hodina.md\/en\/wp-json\/wp\/v2\/product_tag?post=9857"}],"curies":[{"name":"wp","href":"https:\/\/api.w.org\/{rel}","templated":true}]}}