{"id":9858,"date":"2024-08-01T08:41:52","date_gmt":"2024-08-01T08:41:52","guid":{"rendered":"https:\/\/hodina.rsq-dev.com\/?post_type=product&amp;p=8273"},"modified":"2025-02-12T20:33:10","modified_gmt":"2025-02-12T18:33:10","slug":"casa-din-lunca","status":"publish","type":"product","link":"https:\/\/hodina.md\/en\/product\/casa-din-lunca\/","title":{"rendered":"The house in the meadow"},"content":{"rendered":"<h2><span style=\"vertical-align: inherit\"><span style=\"vertical-align: inherit\"><span style=\"vertical-align: inherit\"><span style=\"vertical-align: inherit\">General description<\/span><\/span><\/span><\/span><\/h2>\n<p>The house in the meadow is in Trebujeni village, Orhei district.<\/p>\n<p>Located on the bank of the R\u0103ut river, the guesthouse discovers an unforgettable landscape.<\/p>\n<p>The guesthouse offers 7 bright rooms, furnished in Moldovan national style, with all the necessary modern utilities.<\/p>\n<p>The guesthouse is accessible to both domestic and foreign tourists, being located 18 km from the city of Orhei and 47 km from the city of Chisinau<\/p>","protected":false},"excerpt":{"rendered":"<p>Descriere general\u0103 Casa din lunc\u0103 este \u00een satul Trebujeni, raionul Orhei. Aflat\u0103 pe malul r\u00e2ului R\u0103ut, pensiunea descoper\u0103 un peisaj de neuitat. Pensiunea ofer\u0103 7 camere luminoase, amenajate \u00een stil na\u021bional moldovenesc, cu toate utilit\u0103\u021bile moderne necesare. Pensiunea este accesibil\u0103 at\u00e2t pentru turi\u0219tii interni, c\u00e2t \u0219i str\u0103ini, fiind aflat\u0103 la 18 km de ora\u0219ul Orhei [&hellip;]<\/p>","protected":false},"featured_media":9818,"comment_status":"closed","ping_status":"closed","template":"","meta":[],"product_brand":[],"product_cat":[300,298],"product_tag":[],"class_list":{"0":"post-9858","1":"product","2":"type-product","3":"status-publish","4":"has-post-thumbnail","6":"product_cat-camere","7":"product_cat-cazari","9":"first","10":"instock","11":"featured","12":"shipping-taxable","13":"purchasable","14":"product-type-ovabrw_car_rental"},"aioseo_notices":[],"_links":{"self":[{"href":"https:\/\/hodina.md\/en\/wp-json\/wp\/v2\/product\/9858","targetHints":{"allow":["GET"]}}],"collection":[{"href":"https:\/\/hodina.md\/en\/wp-json\/wp\/v2\/product"}],"about":[{"href":"https:\/\/hodina.md\/en\/wp-json\/wp\/v2\/types\/product"}],"replies":[{"embeddable":true,"href":"https:\/\/hodina.md\/en\/wp-json\/wp\/v2\/comments?post=9858"}],"wp:featuredmedia":[{"embeddable":true,"href":"https:\/\/hodina.md\/en\/wp-json\/wp\/v2\/media\/9818"}],"wp:attachment":[{"href":"https:\/\/hodina.md\/en\/wp-json\/wp\/v2\/media?parent=9858"}],"wp:term":[{"taxonomy":"product_brand","embeddable":true,"href":"https:\/\/hodina.md\/en\/wp-json\/wp\/v2\/product_brand?post=9858"},{"taxonomy":"product_cat","embeddable":true,"href":"https:\/\/hodina.md\/en\/wp-json\/wp\/v2\/product_cat?post=9858"},{"taxonomy":"product_tag","embeddable":true,"href":"https:\/\/hodina.md\/en\/wp-json\/wp\/v2\/product_tag?post=9858"}],"curies":[{"name":"wp","href":"https:\/\/api.w.org\/{rel}","templated":true}]}}