{"id":9859,"date":"2024-08-05T07:20:05","date_gmt":"2024-08-05T07:20:05","guid":{"rendered":"https:\/\/hodina.rsq-dev.com\/?post_type=product&#038;p=8282"},"modified":"2025-02-12T20:33:10","modified_gmt":"2025-02-12T18:33:10","slug":"hanul-lui-hanganu","status":"publish","type":"product","link":"https:\/\/hodina.md\/en\/product\/hanul-lui-hanganu\/","title":{"rendered":"Hanganu&#039;s inn"},"content":{"rendered":"<h2><span style=\"vertical-align: inherit\"><span style=\"vertical-align: inherit\"><span style=\"vertical-align: inherit\"><span style=\"vertical-align: inherit\">General description<\/span><\/span><\/span><\/span><\/h2>\n<p>Hanganu&#039;s inn is the perfect choice for a peaceful vacation, full of emotions and positive energy.<\/p>\n<p>All in a rustic look with archaic elements and traditional style decor.<\/p>\n<p>Each room is equipped with a bathroom and everything necessary for a comfortable fit.<\/p>\n<p>The inn is a perfect choice for organizing team building or group meetings.<\/p>\n<p>A picturesque place in the heart of nature with exceptional panoramic views.<\/p>","protected":false},"excerpt":{"rendered":"<p>Descriere general\u0103 Hanul lui Hanganu este alegerea perfect\u0103 pentru o vacan\u021b\u0103 lini\u0219tit\u0103, plin\u0103 de emo\u021bii \u0219i energie pozitiv\u0103. Toate \u00een aspect rustic cu elemente arhaice \u0219i decor \u00een stil tradi\u021bional. Fiecare odaie este dotat\u0103 cu baie \u0219i tot necesarul pentru un confort pe m\u0103sur\u0103. Hanul este o alegere perfect\u0103 pentru organizarea de team building-uri sau [&hellip;]<\/p>","protected":false},"featured_media":9814,"comment_status":"closed","ping_status":"closed","template":"","meta":[],"product_brand":[],"product_cat":[300,69,298],"product_tag":[],"class_list":{"0":"post-9859","1":"product","2":"type-product","3":"status-publish","4":"has-post-thumbnail","6":"brw_housing-case-traditionale","7":"product_cat-camere","8":"product_cat-case-traditionale","9":"product_cat-cazari","11":"first","12":"instock","13":"featured","14":"shipping-taxable","15":"purchasable","16":"product-type-ovabrw_car_rental"},"aioseo_notices":[],"_links":{"self":[{"href":"https:\/\/hodina.md\/en\/wp-json\/wp\/v2\/product\/9859","targetHints":{"allow":["GET"]}}],"collection":[{"href":"https:\/\/hodina.md\/en\/wp-json\/wp\/v2\/product"}],"about":[{"href":"https:\/\/hodina.md\/en\/wp-json\/wp\/v2\/types\/product"}],"replies":[{"embeddable":true,"href":"https:\/\/hodina.md\/en\/wp-json\/wp\/v2\/comments?post=9859"}],"wp:featuredmedia":[{"embeddable":true,"href":"https:\/\/hodina.md\/en\/wp-json\/wp\/v2\/media\/9814"}],"wp:attachment":[{"href":"https:\/\/hodina.md\/en\/wp-json\/wp\/v2\/media?parent=9859"}],"wp:term":[{"taxonomy":"product_brand","embeddable":true,"href":"https:\/\/hodina.md\/en\/wp-json\/wp\/v2\/product_brand?post=9859"},{"taxonomy":"product_cat","embeddable":true,"href":"https:\/\/hodina.md\/en\/wp-json\/wp\/v2\/product_cat?post=9859"},{"taxonomy":"product_tag","embeddable":true,"href":"https:\/\/hodina.md\/en\/wp-json\/wp\/v2\/product_tag?post=9859"}],"curies":[{"name":"wp","href":"https:\/\/api.w.org\/{rel}","templated":true}]}}