{"id":9860,"date":"2024-08-06T14:10:24","date_gmt":"2024-08-06T14:10:24","guid":{"rendered":"https:\/\/hodina.rsq-dev.com\/?post_type=product&amp;p=8325"},"modified":"2025-02-12T20:33:10","modified_gmt":"2025-02-12T18:33:10","slug":"casa-veche","status":"publish","type":"product","link":"https:\/\/hodina.md\/en\/product\/casa-veche\/","title":{"rendered":"OLD HOUSE"},"content":{"rendered":"<h2><span style=\"vertical-align: inherit\"><span style=\"vertical-align: inherit\"><span style=\"vertical-align: inherit\"><span style=\"vertical-align: inherit\">General description<\/span><\/span><\/span><\/span><\/h2>\n<p>It is a rustic-style house with a beautifully landscaped yard and an authentic Moldovan interior, appropriate to the area.<\/p>\n<p>The guesthouse has accommodation, a summer terrace and a restaurant with regional cuisine, as well as a space for culinary masterclasses.<\/p>\n<p>In the restaurant, the dishes are prepared from the products grown right in the garden of the house or are purchased from the farmers in the Dniester meadow.<\/p>\n<p>The guesthouse is 137 km away from Chisinau, we recommend you to go there at night.<\/p>\n<p>You can also admire the view offered by the Dniester, boating and cycling.<\/p>","protected":false},"excerpt":{"rendered":"<p>Descriere general\u0103 Este o cas\u0103 \u00een stil rustic, cu o curte frumos amenajat\u0103 \u0219i interior autentic moldovenesc, corespunz\u0103tor zonei. Pensiunea are locuri de cazare, o teras\u0103 de var\u0103 \u0219i un restaurant cu buc\u0103t\u0103rie regional\u0103, precum \u0219i un spa\u021biu pentru masterclass-uri culinare. \u00cen restaurant, bucatele sunt preg\u0103tite din produsele crescute chiar \u00een gr\u0103dina casei sau sunt [&hellip;]<\/p>","protected":false},"featured_media":9753,"comment_status":"closed","ping_status":"closed","template":"","meta":[],"product_brand":[],"product_cat":[300,298],"product_tag":[],"class_list":{"0":"post-9860","1":"product","2":"type-product","3":"status-publish","4":"has-post-thumbnail","6":"product_cat-camere","7":"product_cat-cazari","9":"first","10":"instock","11":"featured","12":"shipping-taxable","13":"purchasable","14":"product-type-ovabrw_car_rental"},"aioseo_notices":[],"_links":{"self":[{"href":"https:\/\/hodina.md\/en\/wp-json\/wp\/v2\/product\/9860","targetHints":{"allow":["GET"]}}],"collection":[{"href":"https:\/\/hodina.md\/en\/wp-json\/wp\/v2\/product"}],"about":[{"href":"https:\/\/hodina.md\/en\/wp-json\/wp\/v2\/types\/product"}],"replies":[{"embeddable":true,"href":"https:\/\/hodina.md\/en\/wp-json\/wp\/v2\/comments?post=9860"}],"wp:featuredmedia":[{"embeddable":true,"href":"https:\/\/hodina.md\/en\/wp-json\/wp\/v2\/media\/9753"}],"wp:attachment":[{"href":"https:\/\/hodina.md\/en\/wp-json\/wp\/v2\/media?parent=9860"}],"wp:term":[{"taxonomy":"product_brand","embeddable":true,"href":"https:\/\/hodina.md\/en\/wp-json\/wp\/v2\/product_brand?post=9860"},{"taxonomy":"product_cat","embeddable":true,"href":"https:\/\/hodina.md\/en\/wp-json\/wp\/v2\/product_cat?post=9860"},{"taxonomy":"product_tag","embeddable":true,"href":"https:\/\/hodina.md\/en\/wp-json\/wp\/v2\/product_tag?post=9860"}],"curies":[{"name":"wp","href":"https:\/\/api.w.org\/{rel}","templated":true}]}}