{"id":9863,"date":"2024-08-15T20:06:59","date_gmt":"2024-08-15T20:06:59","guid":{"rendered":"https:\/\/hodina.rsq-dev.com\/?post_type=product&#038;p=8385"},"modified":"2025-02-12T20:33:10","modified_gmt":"2025-02-12T18:33:10","slug":"duruita-camping-la-grote","status":"publish","type":"product","link":"https:\/\/hodina.md\/en\/product\/duruita-camping-la-grote\/","title":{"rendered":"Duruita, Camping la Grote"},"content":{"rendered":"<h2><span style=\"vertical-align: inherit\"><span style=\"vertical-align: inherit\"><span style=\"vertical-align: inherit\"><span style=\"vertical-align: inherit\">General description<\/span><\/span><\/span><\/span><\/h2>\n<p>The campsite was located right at the foot of the Duruitoara gorge and on the banks of the Coste\u0219ti St\u00e2nca reservoir, and now this place has turned into ashes.<\/p>\n<p>The food cooked by the village housewives is delicious: sarmale, plachie, papanasi, baba (pasta dessert), etc.<\/p>\n<p>The surroundings are very beautiful (St\u00e2nca-Coste\u0219ti lake and the Duruitoarei gorge), the food is tasty, the wine is intoxicating, but most of all you will like the people you meet here (our host, the ladies who prepare the food, as well as the other guests), with whom you can have conversations interesting, laughs and dances.<\/p>","protected":false},"excerpt":{"rendered":"<p>Descriere general\u0103 Campingul era situat chiar la poalele defileului Duruitoarei si pe malul lacului de acumulare Coste\u0219ti St\u00e2nca, iar acum acest loc s-a transformat \u00een cenu\u0219\u0103. M\u00e2ncarea g\u0103tit\u0103 de gospodinele din sat este delicioas\u0103: sarmale, plachie, papana\u0219i, baba (desert din paste), etc. \u00cemprejurimile sunt foarte frumoase (lacul St\u00e2nca-Coste\u0219ti \u0219i defileul Duruitoarei), m\u00e2ncarea gustoas\u0103, vinul ame\u021bitor, [&hellip;]<\/p>","protected":false},"featured_media":9722,"comment_status":"closed","ping_status":"closed","template":"","meta":[],"product_brand":[],"product_cat":[75,298],"product_tag":[],"class_list":{"0":"post-9863","1":"product","2":"type-product","3":"status-publish","4":"has-post-thumbnail","6":"brw_housing-camping","7":"product_cat-camping","8":"product_cat-cazari","10":"first","11":"instock","12":"featured","13":"shipping-taxable","14":"purchasable","15":"product-type-ovabrw_car_rental"},"aioseo_notices":[],"_links":{"self":[{"href":"https:\/\/hodina.md\/en\/wp-json\/wp\/v2\/product\/9863","targetHints":{"allow":["GET"]}}],"collection":[{"href":"https:\/\/hodina.md\/en\/wp-json\/wp\/v2\/product"}],"about":[{"href":"https:\/\/hodina.md\/en\/wp-json\/wp\/v2\/types\/product"}],"replies":[{"embeddable":true,"href":"https:\/\/hodina.md\/en\/wp-json\/wp\/v2\/comments?post=9863"}],"wp:featuredmedia":[{"embeddable":true,"href":"https:\/\/hodina.md\/en\/wp-json\/wp\/v2\/media\/9722"}],"wp:attachment":[{"href":"https:\/\/hodina.md\/en\/wp-json\/wp\/v2\/media?parent=9863"}],"wp:term":[{"taxonomy":"product_brand","embeddable":true,"href":"https:\/\/hodina.md\/en\/wp-json\/wp\/v2\/product_brand?post=9863"},{"taxonomy":"product_cat","embeddable":true,"href":"https:\/\/hodina.md\/en\/wp-json\/wp\/v2\/product_cat?post=9863"},{"taxonomy":"product_tag","embeddable":true,"href":"https:\/\/hodina.md\/en\/wp-json\/wp\/v2\/product_tag?post=9863"}],"curies":[{"name":"wp","href":"https:\/\/api.w.org\/{rel}","templated":true}]}}