{"id":9864,"date":"2024-08-15T20:25:17","date_gmt":"2024-08-15T20:25:17","guid":{"rendered":"https:\/\/hodina.rsq-dev.com\/?post_type=product&#038;p=8400"},"modified":"2025-02-12T20:33:10","modified_gmt":"2025-02-12T18:33:10","slug":"__trashed-3","status":"publish","type":"product","link":"https:\/\/hodina.md\/en\/product\/__trashed-3\/","title":{"rendered":"Varzari Farmer&#039;s House"},"content":{"rendered":"<h2><span style=\"vertical-align: inherit\"><span style=\"vertical-align: inherit\"><span style=\"vertical-align: inherit\"><span style=\"vertical-align: inherit\">General description<\/span><\/span><\/span><\/span><\/h2>\n<p>The intimate and warm atmosphere, the dream landscape, the hospitality of the hosts and the feedback of the tourists are our motivation.<\/p>\n<p>A very beautiful and clean place, very rare and special for Moldova.<\/p>\n<p>We invite you to discover spectacular landscapes and enjoy a romantic sunset, surrounded by nature.<\/p>\n<p>Casa Agricultorului Varzari is located in Butuceni and features a garden.<\/p>\n<p>There is a terrace at the property, and guests can enjoy free Wi-Fi and free private parking.<\/p>","protected":false},"excerpt":{"rendered":"<p>Descriere general\u0103 Atmosfera intim\u0103 \u0219i cald\u0103, peisajul de vis, ospitalitatea gazdelor \u0219i feedback-ul turi\u0219tilor sunt motiva\u021bia noastr\u0103. Un loc foarte frumos \u0219i curat, \u00a0foarte rar \u0219i special pentru Moldova. V\u0103 invit\u0103m s\u0103 descoperi\u021bi peisaje spectaculoase \u0219i s\u0103 v\u0103 bucura\u021bi de un apus de soare romantic, \u00eenconjura\u021bi de natur\u0103. Casa Agricultorului Varzari se afl\u0103 \u00een Butuceni [&hellip;]<\/p>","protected":false},"featured_media":9719,"comment_status":"closed","ping_status":"closed","template":"","meta":[],"product_brand":[],"product_cat":[107,298],"product_tag":[],"class_list":{"0":"post-9864","1":"product","2":"type-product","3":"status-publish","4":"has-post-thumbnail","6":"brw_housing-casute","7":"product_cat-casute","8":"product_cat-cazari","10":"first","11":"instock","12":"featured","13":"shipping-taxable","14":"purchasable","15":"product-type-ovabrw_car_rental"},"aioseo_notices":[],"_links":{"self":[{"href":"https:\/\/hodina.md\/en\/wp-json\/wp\/v2\/product\/9864","targetHints":{"allow":["GET"]}}],"collection":[{"href":"https:\/\/hodina.md\/en\/wp-json\/wp\/v2\/product"}],"about":[{"href":"https:\/\/hodina.md\/en\/wp-json\/wp\/v2\/types\/product"}],"replies":[{"embeddable":true,"href":"https:\/\/hodina.md\/en\/wp-json\/wp\/v2\/comments?post=9864"}],"wp:featuredmedia":[{"embeddable":true,"href":"https:\/\/hodina.md\/en\/wp-json\/wp\/v2\/media\/9719"}],"wp:attachment":[{"href":"https:\/\/hodina.md\/en\/wp-json\/wp\/v2\/media?parent=9864"}],"wp:term":[{"taxonomy":"product_brand","embeddable":true,"href":"https:\/\/hodina.md\/en\/wp-json\/wp\/v2\/product_brand?post=9864"},{"taxonomy":"product_cat","embeddable":true,"href":"https:\/\/hodina.md\/en\/wp-json\/wp\/v2\/product_cat?post=9864"},{"taxonomy":"product_tag","embeddable":true,"href":"https:\/\/hodina.md\/en\/wp-json\/wp\/v2\/product_tag?post=9864"}],"curies":[{"name":"wp","href":"https:\/\/api.w.org\/{rel}","templated":true}]}}