{"id":9866,"date":"2024-08-15T20:48:28","date_gmt":"2024-08-15T20:48:28","guid":{"rendered":"https:\/\/hodina.rsq-dev.com\/?post_type=product&#038;p=8435"},"modified":"2025-02-12T20:33:11","modified_gmt":"2025-02-12T18:33:11","slug":"vila-etnica","status":"publish","type":"product","link":"https:\/\/hodina.md\/en\/product\/vila-etnica\/","title":{"rendered":"Ethnic Villa"},"content":{"rendered":"<h2><span style=\"vertical-align: inherit\"><span style=\"vertical-align: inherit\"><span style=\"vertical-align: inherit\"><span style=\"vertical-align: inherit\">General description<\/span><\/span><\/span><\/span><\/h2>\n<p>The Me\u0219ter-Faur guesthouse is open to all nature lovers and is the perfect solution to forget everyday worries.<\/p>\n<p>Here we find the wooden cottage (Bungalo), covered with reeds, at a height of 6 m above the water, which has two double beds, with a total area of 24 m2 and three mattresses.<\/p>\n<p>Also here, two rooms arranged in the house on the hill, designed for four people, two outdoor dining terraces.<\/p>\n<p>Since 2005, all these years, every summer a lot of people have visited and rested in the houses of Me\u0219ter Faur.<\/p>","protected":false},"excerpt":{"rendered":"<p>Descriere general\u0103 Pensiunea Me\u0219ter-Faur este deschis\u0103 pentru to\u021bi iubitorii de natur\u0103 \u0219i este solu\u021bia perfect\u0103 pentru a uita de grijile cotidiene. Aici g\u0103sim c\u0103su\u021ba (Bungalo) din lemn, acoperit\u0103 cu stuf, la o \u00een\u0103l\u021bime de 6 m deasupra apei, care are dou\u0103 paturi duble, cu o suprafa\u021b\u0103 total\u0103 de 24m p\u0103tra\u021bi \u0219i trei saltele. Tot aici, [&hellip;]<\/p>","protected":false},"featured_media":9686,"comment_status":"closed","ping_status":"closed","template":"","meta":[],"product_brand":[],"product_cat":[298,72],"product_tag":[],"class_list":{"0":"post-9866","1":"product","2":"type-product","3":"status-publish","4":"has-post-thumbnail","6":"brw_housing-pensiuni","7":"product_cat-cazari","8":"product_cat-pensiuni","10":"first","11":"instock","12":"featured","13":"shipping-taxable","14":"purchasable","15":"product-type-ovabrw_car_rental"},"aioseo_notices":[],"_links":{"self":[{"href":"https:\/\/hodina.md\/en\/wp-json\/wp\/v2\/product\/9866","targetHints":{"allow":["GET"]}}],"collection":[{"href":"https:\/\/hodina.md\/en\/wp-json\/wp\/v2\/product"}],"about":[{"href":"https:\/\/hodina.md\/en\/wp-json\/wp\/v2\/types\/product"}],"replies":[{"embeddable":true,"href":"https:\/\/hodina.md\/en\/wp-json\/wp\/v2\/comments?post=9866"}],"wp:featuredmedia":[{"embeddable":true,"href":"https:\/\/hodina.md\/en\/wp-json\/wp\/v2\/media\/9686"}],"wp:attachment":[{"href":"https:\/\/hodina.md\/en\/wp-json\/wp\/v2\/media?parent=9866"}],"wp:term":[{"taxonomy":"product_brand","embeddable":true,"href":"https:\/\/hodina.md\/en\/wp-json\/wp\/v2\/product_brand?post=9866"},{"taxonomy":"product_cat","embeddable":true,"href":"https:\/\/hodina.md\/en\/wp-json\/wp\/v2\/product_cat?post=9866"},{"taxonomy":"product_tag","embeddable":true,"href":"https:\/\/hodina.md\/en\/wp-json\/wp\/v2\/product_tag?post=9866"}],"curies":[{"name":"wp","href":"https:\/\/api.w.org\/{rel}","templated":true}]}}