{"id":9867,"date":"2024-08-15T21:03:20","date_gmt":"2024-08-15T21:03:20","guid":{"rendered":"https:\/\/hodina.rsq-dev.com\/?post_type=product&#038;p=8460"},"modified":"2025-02-12T20:33:11","modified_gmt":"2025-02-12T18:33:11","slug":"crama-tudor","status":"publish","type":"product","link":"https:\/\/hodina.md\/en\/product\/crama-tudor\/","title":{"rendered":"Tudor Winery"},"content":{"rendered":"<h2><span style=\"vertical-align: inherit\"><span style=\"vertical-align: inherit\"><span style=\"vertical-align: inherit\"><span style=\"vertical-align: inherit\">General description<\/span><\/span><\/span><\/span><\/h2>\n<p>The rustic atmosphere of the Winery is completed by several wooden houses, located on the edge of the forest, right next to the vineyards, decorated with original traditional rugs and towels, with an oven for tarts and pies and a wine cellar - a perfect retreat for guests and tourists .<\/p>\n<p>Initially, the place was baptized &quot;La Bordei&quot;, being intended for the rest of the workers in the vineyards.<\/p>\n<p>Today the place has become attractive for tourists eager for quality wines and baked dishes, prepared with great love and skill by Tudor Aghenie&#039;s family.<\/p>\n<p>The privacy and comfort of the guests is a priority for us, that&#039;s why even when renting one cottage, the other is not rented to anyone.<\/p>\n<p>Here you will fully benefit from the facilities of the location and absolute peace!<\/p>","protected":false},"excerpt":{"rendered":"<p>Descriere general\u0103 Atmosfera rustic\u0103 de la Cram\u0103 e \u00eentregit\u0103 de c\u00e2teva c\u0103su\u021be de lemn, aflate la marginea p\u0103durii, chiar l\u00e2ng\u0103 podgorii, \u00eempodobite cu covoare \u0219i prosoape tradi\u021bionale originale, cu un cuptor pentru sarmale \u0219i pl\u0103cinte \u0219i o pivni\u021b\u0103 pentru vinuri \u2013 un refugiu perfect pentru musafiri \u0219i turi\u0219ti. Ini\u021bial locul a fost botezat \u201d La [&hellip;]<\/p>","protected":false},"featured_media":9643,"comment_status":"closed","ping_status":"closed","template":"","meta":[],"product_brand":[],"product_cat":[107,298],"product_tag":[],"class_list":{"0":"post-9867","1":"product","2":"type-product","3":"status-publish","4":"has-post-thumbnail","6":"brw_housing-casute","7":"product_cat-casute","8":"product_cat-cazari","10":"first","11":"instock","12":"featured","13":"shipping-taxable","14":"purchasable","15":"product-type-ovabrw_car_rental"},"aioseo_notices":[],"_links":{"self":[{"href":"https:\/\/hodina.md\/en\/wp-json\/wp\/v2\/product\/9867","targetHints":{"allow":["GET"]}}],"collection":[{"href":"https:\/\/hodina.md\/en\/wp-json\/wp\/v2\/product"}],"about":[{"href":"https:\/\/hodina.md\/en\/wp-json\/wp\/v2\/types\/product"}],"replies":[{"embeddable":true,"href":"https:\/\/hodina.md\/en\/wp-json\/wp\/v2\/comments?post=9867"}],"wp:featuredmedia":[{"embeddable":true,"href":"https:\/\/hodina.md\/en\/wp-json\/wp\/v2\/media\/9643"}],"wp:attachment":[{"href":"https:\/\/hodina.md\/en\/wp-json\/wp\/v2\/media?parent=9867"}],"wp:term":[{"taxonomy":"product_brand","embeddable":true,"href":"https:\/\/hodina.md\/en\/wp-json\/wp\/v2\/product_brand?post=9867"},{"taxonomy":"product_cat","embeddable":true,"href":"https:\/\/hodina.md\/en\/wp-json\/wp\/v2\/product_cat?post=9867"},{"taxonomy":"product_tag","embeddable":true,"href":"https:\/\/hodina.md\/en\/wp-json\/wp\/v2\/product_tag?post=9867"}],"curies":[{"name":"wp","href":"https:\/\/api.w.org\/{rel}","templated":true}]}}