{"id":9868,"date":"2024-08-15T21:19:58","date_gmt":"2024-08-15T21:19:58","guid":{"rendered":"https:\/\/hodina.rsq-dev.com\/?post_type=product&#038;p=8481"},"modified":"2025-02-22T00:56:08","modified_gmt":"2025-02-21T22:56:08","slug":"hanul-lui-vasile","status":"publish","type":"product","link":"https:\/\/hodina.md\/en\/product\/hanul-lui-vasile\/","title":{"rendered":"Vasile&#039;s inn"},"content":{"rendered":"<h2><span style=\"vertical-align: inherit;\"><span style=\"vertical-align: inherit;\"><span style=\"vertical-align: inherit;\"><span style=\"vertical-align: inherit;\">General description<\/span><\/span><\/span><\/span><\/h2>\n<p>&quot;Hanul lui Vasile&quot; is a tourist guesthouse in the immediate vicinity of the capital that very harmoniously combines the ambience of nature with modern facilities and is an oasis of tranquility in a busy city.<\/p>\n<p>It is a miraculous place thanks to the territory of 1.7 hectares, which includes a restaurant, a wine cellar, several terraces, a hotel, cottages and a park that stretches over most of the guesthouse to offer its guests a fantastic landscape .<\/p>\n<p>About thirty species of trees and shrubs grow in this park, which delight with their freshness and natural appearance.<\/p>\n<p>Next to it is a small lake, which houses a large number of swans and ducks, and several terraces are arranged on the edge of the lake.<\/p>","protected":false},"excerpt":{"rendered":"<p>Descriere general\u0103 \u201cHanul lui Vasile\u201d este o pensiune turistic\u0103 din imediata apropiere a capitalei ce \u00eembin\u0103 foarte armonios ambian\u021ba naturii cu amenaj\u0103rile moderne \u0219i e o oaz\u0103 de lini\u0219te \u00eentr-un ora\u0219 agitat. Este un loc miraculos datorit\u0103 teritoriului de 1,7 hectare, care cuprinde un restaurant, o cram\u0103, mai multe terase, un hotel, cabane \u0219i un [&hellip;]<\/p>","protected":false},"featured_media":9642,"comment_status":"closed","ping_status":"closed","template":"","meta":[],"product_brand":[],"product_cat":[107,298],"product_tag":[],"class_list":{"0":"post-9868","1":"product","2":"type-product","3":"status-publish","4":"has-post-thumbnail","6":"brw_housing-casute","7":"product_cat-casute","8":"product_cat-cazari","10":"first","11":"instock","12":"featured","13":"shipping-taxable","14":"purchasable","15":"product-type-ovabrw_car_rental"},"aioseo_notices":[],"_links":{"self":[{"href":"https:\/\/hodina.md\/en\/wp-json\/wp\/v2\/product\/9868","targetHints":{"allow":["GET"]}}],"collection":[{"href":"https:\/\/hodina.md\/en\/wp-json\/wp\/v2\/product"}],"about":[{"href":"https:\/\/hodina.md\/en\/wp-json\/wp\/v2\/types\/product"}],"replies":[{"embeddable":true,"href":"https:\/\/hodina.md\/en\/wp-json\/wp\/v2\/comments?post=9868"}],"wp:featuredmedia":[{"embeddable":true,"href":"https:\/\/hodina.md\/en\/wp-json\/wp\/v2\/media\/9642"}],"wp:attachment":[{"href":"https:\/\/hodina.md\/en\/wp-json\/wp\/v2\/media?parent=9868"}],"wp:term":[{"taxonomy":"product_brand","embeddable":true,"href":"https:\/\/hodina.md\/en\/wp-json\/wp\/v2\/product_brand?post=9868"},{"taxonomy":"product_cat","embeddable":true,"href":"https:\/\/hodina.md\/en\/wp-json\/wp\/v2\/product_cat?post=9868"},{"taxonomy":"product_tag","embeddable":true,"href":"https:\/\/hodina.md\/en\/wp-json\/wp\/v2\/product_tag?post=9868"}],"curies":[{"name":"wp","href":"https:\/\/api.w.org\/{rel}","templated":true}]}}