{"id":9869,"date":"2024-08-15T21:35:59","date_gmt":"2024-08-15T21:35:59","guid":{"rendered":"https:\/\/hodina.rsq-dev.com\/?post_type=product&#038;p=8501"},"modified":"2025-02-12T20:33:11","modified_gmt":"2025-02-12T18:33:11","slug":"fata-morgana","status":"publish","type":"product","link":"https:\/\/hodina.md\/en\/product\/fata-morgana\/","title":{"rendered":"The Morgana girl"},"content":{"rendered":"<h2><span style=\"vertical-align: inherit\"><span style=\"vertical-align: inherit\"><span style=\"vertical-align: inherit\"><span style=\"vertical-align: inherit\">General description<\/span><\/span><\/span><\/span><\/h2>\n<p>According to ancient legends, &quot;Morgana Girl&quot; means mirage and miracle.<\/p>\n<p>You feel exactly these sensations when you arrive at the guesthouse of the same name located on a rock climb, with the view of the old Dniester in front and the splendor of the Orhei woods behind.<\/p>\n<p>Here you will satisfy your thirst for beauty, adrenaline and appetite for gastronomic specialties typical of the area.<\/p>\n<p>The &quot;Fata Morgana&quot; hotel complex is located in the village of Molovata, Dub\u0103sari district, on the right bank of the Dniester river.<\/p>","protected":false},"excerpt":{"rendered":"<p>Descriere general\u0103 Conform vechilor legende, \u201eFata Morgana\u201d \u00eenseamn\u0103 miraj \u0219i miracol. Exact aceste senza\u021bii le sim\u021bi c\u00e2nd ajungi la pensiunea cu acela\u0219i nume situat\u0103 pe un urcu\u0219 de st\u00e2nc\u0103, cu vederea b\u0103tr\u00e2nului Nistru \u00een fa\u021b\u0103 \u0219i splendoarea codrilor Orheiului \u00een spate. Aici \u00ee\u021bi vei satisface setea de frumos, adrenalin\u0103 \u0219i pofta de specialit\u0103\u021bi gastronomice tipice [&hellip;]<\/p>","protected":false},"featured_media":9623,"comment_status":"closed","ping_status":"closed","template":"","meta":[],"product_brand":[],"product_cat":[298,72],"product_tag":[],"class_list":{"0":"post-9869","1":"product","2":"type-product","3":"status-publish","4":"has-post-thumbnail","6":"brw_housing-pensiuni","7":"product_cat-cazari","8":"product_cat-pensiuni","10":"first","11":"instock","12":"featured","13":"shipping-taxable","14":"purchasable","15":"product-type-ovabrw_car_rental"},"aioseo_notices":[],"_links":{"self":[{"href":"https:\/\/hodina.md\/en\/wp-json\/wp\/v2\/product\/9869","targetHints":{"allow":["GET"]}}],"collection":[{"href":"https:\/\/hodina.md\/en\/wp-json\/wp\/v2\/product"}],"about":[{"href":"https:\/\/hodina.md\/en\/wp-json\/wp\/v2\/types\/product"}],"replies":[{"embeddable":true,"href":"https:\/\/hodina.md\/en\/wp-json\/wp\/v2\/comments?post=9869"}],"wp:featuredmedia":[{"embeddable":true,"href":"https:\/\/hodina.md\/en\/wp-json\/wp\/v2\/media\/9623"}],"wp:attachment":[{"href":"https:\/\/hodina.md\/en\/wp-json\/wp\/v2\/media?parent=9869"}],"wp:term":[{"taxonomy":"product_brand","embeddable":true,"href":"https:\/\/hodina.md\/en\/wp-json\/wp\/v2\/product_brand?post=9869"},{"taxonomy":"product_cat","embeddable":true,"href":"https:\/\/hodina.md\/en\/wp-json\/wp\/v2\/product_cat?post=9869"},{"taxonomy":"product_tag","embeddable":true,"href":"https:\/\/hodina.md\/en\/wp-json\/wp\/v2\/product_tag?post=9869"}],"curies":[{"name":"wp","href":"https:\/\/api.w.org\/{rel}","templated":true}]}}