{"id":9870,"date":"2024-08-15T21:45:14","date_gmt":"2024-08-15T21:45:14","guid":{"rendered":"https:\/\/hodina.rsq-dev.com\/?post_type=product&#038;p=8508"},"modified":"2025-02-12T20:33:11","modified_gmt":"2025-02-12T18:33:11","slug":"complexul-turistic-costesti","status":"publish","type":"product","link":"https:\/\/hodina.md\/en\/product\/complexul-turistic-costesti\/","title":{"rendered":"&quot;Coste\u0219ti&quot; Tourist Complex"},"content":{"rendered":"<h2><span style=\"vertical-align: inherit\"><span style=\"vertical-align: inherit\"><span style=\"vertical-align: inherit\"><span style=\"vertical-align: inherit\">General description<\/span><\/span><\/span><\/span><\/h2>\n<p>Coste\u0219ti Tourist Complex \u2013 The perfect destination for memorable experiences and genuine relaxation.<\/p>\n<p>It is a green area located on the shore of the lake. Here is the perfect place for rest and relaxation in the heart of nature, but also for enjoying traditional dishes.<\/p>\n<p>Our complex offers all the premises for the organization of several events such as: Seminars \/ Workshops \/ Conferences \/ Team-Buildings \/ Banquets \/ Anniversaries.<\/p>\n<p>The property is around 35 km from Corvinilor Castle and offers a bar.<\/p>","protected":false},"excerpt":{"rendered":"<p>Descriere general\u0103 Complexul Turistic Coste\u0219ti &#8211; Destina\u021bia perfect\u0103 pentru experien\u021be memorabile \u0219i relaxare autentic\u0103. Este o zona verde situat\u0103 pe malul lacului. Aici este locul perfect pentru odihna si relaxare in s\u00eenul naturii, dar \u0219i pentru a savura din bucatele tradi\u021bionale. Complexul nostru ofer\u0103 toate premisele pentru organizarea mai multor evenimente precum: Seminare \/ Workshop-uri [&hellip;]<\/p>","protected":false},"featured_media":9617,"comment_status":"closed","ping_status":"closed","template":"","meta":[],"product_brand":[],"product_cat":[298,72],"product_tag":[],"class_list":{"0":"post-9870","1":"product","2":"type-product","3":"status-publish","4":"has-post-thumbnail","6":"brw_housing-pensiuni","7":"product_cat-cazari","8":"product_cat-pensiuni","10":"first","11":"instock","12":"featured","13":"shipping-taxable","14":"purchasable","15":"product-type-ovabrw_car_rental"},"aioseo_notices":[],"_links":{"self":[{"href":"https:\/\/hodina.md\/en\/wp-json\/wp\/v2\/product\/9870","targetHints":{"allow":["GET"]}}],"collection":[{"href":"https:\/\/hodina.md\/en\/wp-json\/wp\/v2\/product"}],"about":[{"href":"https:\/\/hodina.md\/en\/wp-json\/wp\/v2\/types\/product"}],"replies":[{"embeddable":true,"href":"https:\/\/hodina.md\/en\/wp-json\/wp\/v2\/comments?post=9870"}],"wp:featuredmedia":[{"embeddable":true,"href":"https:\/\/hodina.md\/en\/wp-json\/wp\/v2\/media\/9617"}],"wp:attachment":[{"href":"https:\/\/hodina.md\/en\/wp-json\/wp\/v2\/media?parent=9870"}],"wp:term":[{"taxonomy":"product_brand","embeddable":true,"href":"https:\/\/hodina.md\/en\/wp-json\/wp\/v2\/product_brand?post=9870"},{"taxonomy":"product_cat","embeddable":true,"href":"https:\/\/hodina.md\/en\/wp-json\/wp\/v2\/product_cat?post=9870"},{"taxonomy":"product_tag","embeddable":true,"href":"https:\/\/hodina.md\/en\/wp-json\/wp\/v2\/product_tag?post=9870"}],"curies":[{"name":"wp","href":"https:\/\/api.w.org\/{rel}","templated":true}]}}