{"id":9871,"date":"2024-08-15T21:54:46","date_gmt":"2024-08-15T21:54:46","guid":{"rendered":"https:\/\/hodina.rsq-dev.com\/?post_type=product&#038;p=8516"},"modified":"2025-02-12T20:33:11","modified_gmt":"2025-02-12T18:33:11","slug":"la-iepurasi","status":"publish","type":"product","link":"https:\/\/hodina.md\/en\/product\/la-iepurasi\/","title":{"rendered":"To the Rabbits"},"content":{"rendered":"<h2><span style=\"vertical-align: inherit\"><span style=\"vertical-align: inherit\"><span style=\"vertical-align: inherit\"><span style=\"vertical-align: inherit\">General description<\/span><\/span><\/span><\/span><\/h2>\n<p>La Iepura\u0219i guesthouse is located in Lunga village in Flore\u0219ti district, just 120 km from Chisinau.<\/p>\n<p>We invite you to discover the beauty and comfort of our A-frame cottages.<\/p>\n<p>Each cottage is equipped with bathroom, refrigerator, air conditioning and TV for your comfort.<\/p>\n<p>Price includes breakfast, access to BBQ\/gazebo area, summer pool and sport fishing pond.<\/p>\n<p>Each cottage is equipped with bathroom, refrigerator, air conditioning and TV for your comfort.<\/p>","protected":false},"excerpt":{"rendered":"<p>Descriere general\u0103 Pensiunea La Iepura\u0219i, se afl\u0103 \u00een satul Lunga din raionul Flore\u0219ti, la doar 120 km de Chi\u0219in\u0103u. V\u0103 invit\u0103m s\u0103 descoperi\u021bi frumuse\u021bea \u0219i confortul c\u0103su\u021belor noastre de tip A-frame. Fiecare c\u0103su\u021b\u0103 este echipat\u0103 cu baie, frigider, aer condi\u021bionat \u0219i televizor pentru confortul dumneavoastr\u0103. Pre\u021bul include mic dejun, acces la zon\u0103 de gr\u0103tar\/foi\u0219or, piscin\u0103 [&hellip;]<\/p>","protected":false},"featured_media":9610,"comment_status":"closed","ping_status":"closed","template":"","meta":[],"product_brand":[],"product_cat":[107,298],"product_tag":[],"class_list":{"0":"post-9871","1":"product","2":"type-product","3":"status-publish","4":"has-post-thumbnail","6":"brw_housing-casute","7":"product_cat-casute","8":"product_cat-cazari","10":"first","11":"instock","12":"featured","13":"shipping-taxable","14":"purchasable","15":"product-type-ovabrw_car_rental"},"aioseo_notices":[],"_links":{"self":[{"href":"https:\/\/hodina.md\/en\/wp-json\/wp\/v2\/product\/9871","targetHints":{"allow":["GET"]}}],"collection":[{"href":"https:\/\/hodina.md\/en\/wp-json\/wp\/v2\/product"}],"about":[{"href":"https:\/\/hodina.md\/en\/wp-json\/wp\/v2\/types\/product"}],"replies":[{"embeddable":true,"href":"https:\/\/hodina.md\/en\/wp-json\/wp\/v2\/comments?post=9871"}],"wp:featuredmedia":[{"embeddable":true,"href":"https:\/\/hodina.md\/en\/wp-json\/wp\/v2\/media\/9610"}],"wp:attachment":[{"href":"https:\/\/hodina.md\/en\/wp-json\/wp\/v2\/media?parent=9871"}],"wp:term":[{"taxonomy":"product_brand","embeddable":true,"href":"https:\/\/hodina.md\/en\/wp-json\/wp\/v2\/product_brand?post=9871"},{"taxonomy":"product_cat","embeddable":true,"href":"https:\/\/hodina.md\/en\/wp-json\/wp\/v2\/product_cat?post=9871"},{"taxonomy":"product_tag","embeddable":true,"href":"https:\/\/hodina.md\/en\/wp-json\/wp\/v2\/product_tag?post=9871"}],"curies":[{"name":"wp","href":"https:\/\/api.w.org\/{rel}","templated":true}]}}