{"id":9873,"date":"2024-08-16T07:39:43","date_gmt":"2024-08-16T07:39:43","guid":{"rendered":"https:\/\/hodina.rsq-dev.com\/?post_type=product&#038;p=8534"},"modified":"2025-02-12T20:33:11","modified_gmt":"2025-02-12T18:33:11","slug":"tree-house-relax-park","status":"publish","type":"product","link":"https:\/\/hodina.md\/en\/product\/tree-house-relax-park\/","title":{"rendered":"Tree House Relax Park"},"content":{"rendered":"<h2><span style=\"vertical-align: inherit\"><span style=\"vertical-align: inherit\"><span style=\"vertical-align: inherit\"><span style=\"vertical-align: inherit\">General description<\/span><\/span><\/span><\/span><\/h2>\n<p>TREE HOUSE RELAX PARK is the ideal place where you can meet nature.<\/p>\n<p>It is an authentic resort that harmoniously combines all the elements you need for a dream getaway - fire, water, earth, air and trees.<\/p>\n<p>The forest that surrounds the resort floods you with an oasis of freshness and tranquility as soon as you arrive at our guest house.<\/p>\n<p>Even though the complex is close to Chisinau, however, it retains that privacy and separation from the busy city.<\/p>","protected":false},"excerpt":{"rendered":"<p>Descriere general\u0103 TREE HOUSE RELAX PARK este locul ideal unde \u00ee\u021bi po\u021bi da \u00eent\u00e2lnire cu natura. Este un resort autentic, ce \u00eembin\u0103 armonios toate elementele de care ai nevoie pentru o escapad\u0103 de vis &#8211; foc, ap\u0103, p\u0103m\u00e2nt, aer \u0219i copaci. P\u0103durea ce \u00eenconjoar\u0103 resortul te inund\u0103 cu o oaz\u0103 de prospe\u021bime \u0219i lini\u0219te imediat [&hellip;]<\/p>","protected":false},"featured_media":9584,"comment_status":"closed","ping_status":"closed","template":"","meta":[],"product_brand":[],"product_cat":[107,298],"product_tag":[],"class_list":{"0":"post-9873","1":"product","2":"type-product","3":"status-publish","4":"has-post-thumbnail","6":"brw_housing-casute","7":"product_cat-casute","8":"product_cat-cazari","10":"first","11":"instock","12":"featured","13":"shipping-taxable","14":"purchasable","15":"product-type-ovabrw_car_rental"},"aioseo_notices":[],"_links":{"self":[{"href":"https:\/\/hodina.md\/en\/wp-json\/wp\/v2\/product\/9873","targetHints":{"allow":["GET"]}}],"collection":[{"href":"https:\/\/hodina.md\/en\/wp-json\/wp\/v2\/product"}],"about":[{"href":"https:\/\/hodina.md\/en\/wp-json\/wp\/v2\/types\/product"}],"replies":[{"embeddable":true,"href":"https:\/\/hodina.md\/en\/wp-json\/wp\/v2\/comments?post=9873"}],"wp:featuredmedia":[{"embeddable":true,"href":"https:\/\/hodina.md\/en\/wp-json\/wp\/v2\/media\/9584"}],"wp:attachment":[{"href":"https:\/\/hodina.md\/en\/wp-json\/wp\/v2\/media?parent=9873"}],"wp:term":[{"taxonomy":"product_brand","embeddable":true,"href":"https:\/\/hodina.md\/en\/wp-json\/wp\/v2\/product_brand?post=9873"},{"taxonomy":"product_cat","embeddable":true,"href":"https:\/\/hodina.md\/en\/wp-json\/wp\/v2\/product_cat?post=9873"},{"taxonomy":"product_tag","embeddable":true,"href":"https:\/\/hodina.md\/en\/wp-json\/wp\/v2\/product_tag?post=9873"}],"curies":[{"name":"wp","href":"https:\/\/api.w.org\/{rel}","templated":true}]}}