{"id":9875,"date":"2024-08-16T08:12:30","date_gmt":"2024-08-16T08:12:30","guid":{"rendered":"https:\/\/hodina.rsq-dev.com\/?post_type=product&#038;p=8575"},"modified":"2025-02-12T20:33:11","modified_gmt":"2025-02-12T18:33:11","slug":"poiana-bradului","status":"publish","type":"product","link":"https:\/\/hodina.md\/en\/product\/poiana-bradului\/","title":{"rendered":"Fir glade"},"content":{"rendered":"<h2><span style=\"vertical-align: inherit\"><span style=\"vertical-align: inherit\"><span style=\"vertical-align: inherit\"><span style=\"vertical-align: inherit\">General description<\/span><\/span><\/span><\/span><\/h2>\n<p>Located in a delightful landscape, at the edge of the forest, the &quot;Poiana Bradului&quot; Cabana Tourist Complex offers you great comfort in a warm and intimate atmosphere, at reasonable prices.<\/p>\n<p>Here you will find 6 log cabins and 6 VIP houses, perfectly integrated into nature. The &quot;Coliba&quot; restaurant has two banquet rooms with fireplaces, ideal for events with up to 55 people.<\/p>\n<p>Poiana Bradului Hotel &amp; Restaurant Complex is just 9.3 km from the National Philharmonic of Moldova and offers comfortable accommodation units with air conditioning and a terrace.<\/p>\n<p>Free WiFi is available throughout the property and parking is provided for all guests.<\/p>","protected":false},"excerpt":{"rendered":"<p>Descriere general\u0103 Localizat \u00eentr-un peisaj \u00eenc\u00e2nt\u0103tor, la liziera p\u0103durii, Complexul Turistic Cabana &#8222;Poiana Bradului&#8221; v\u0103 ofer\u0103 un confort deosebit \u00eentr-o atmosfer\u0103 cald\u0103 \u0219i intim\u0103, la pre\u021buri rezonabile. Aici ve\u021bi g\u0103si 6 c\u0103su\u021be din b\u00e2rne \u0219i 6 case VIP, perfect integrate \u00een natur\u0103. Restaurantul &#8222;Coliba&#8221; dispune de dou\u0103 s\u0103li de banchet cu \u0219emineuri, ideale pentru evenimente [&hellip;]<\/p>","protected":false},"featured_media":9555,"comment_status":"closed","ping_status":"closed","template":"","meta":[],"product_brand":[],"product_cat":[107,298],"product_tag":[],"class_list":{"0":"post-9875","1":"product","2":"type-product","3":"status-publish","4":"has-post-thumbnail","6":"brw_housing-casute","7":"product_cat-casute","8":"product_cat-cazari","10":"first","11":"instock","12":"featured","13":"shipping-taxable","14":"purchasable","15":"product-type-ovabrw_car_rental"},"aioseo_notices":[],"_links":{"self":[{"href":"https:\/\/hodina.md\/en\/wp-json\/wp\/v2\/product\/9875","targetHints":{"allow":["GET"]}}],"collection":[{"href":"https:\/\/hodina.md\/en\/wp-json\/wp\/v2\/product"}],"about":[{"href":"https:\/\/hodina.md\/en\/wp-json\/wp\/v2\/types\/product"}],"replies":[{"embeddable":true,"href":"https:\/\/hodina.md\/en\/wp-json\/wp\/v2\/comments?post=9875"}],"wp:featuredmedia":[{"embeddable":true,"href":"https:\/\/hodina.md\/en\/wp-json\/wp\/v2\/media\/9555"}],"wp:attachment":[{"href":"https:\/\/hodina.md\/en\/wp-json\/wp\/v2\/media?parent=9875"}],"wp:term":[{"taxonomy":"product_brand","embeddable":true,"href":"https:\/\/hodina.md\/en\/wp-json\/wp\/v2\/product_brand?post=9875"},{"taxonomy":"product_cat","embeddable":true,"href":"https:\/\/hodina.md\/en\/wp-json\/wp\/v2\/product_cat?post=9875"},{"taxonomy":"product_tag","embeddable":true,"href":"https:\/\/hodina.md\/en\/wp-json\/wp\/v2\/product_tag?post=9875"}],"curies":[{"name":"wp","href":"https:\/\/api.w.org\/{rel}","templated":true}]}}